{"id":989068,"date":"2024-12-18T18:25:56","date_gmt":"2024-12-18T18:25:56","guid":{"rendered":"https:\/\/msttech.at\/?page_id=989068"},"modified":"2024-12-25T13:50:45","modified_gmt":"2024-12-25T13:50:45","slug":"rae-2102-moto","status":"publish","type":"page","link":"https:\/\/msttech.at\/de\/rae-2102-moto\/","title":{"rendered":"RAE.2102.MOTO"},"content":{"rendered":"<div data-elementor-type=\"wp-page\" data-elementor-id=\"989068\" class=\"elementor elementor-989068\" data-elementor-post-type=\"page\">\n\t\t\t\t\t\t<section class=\"elementor-section elementor-top-section elementor-element elementor-element-1ad926b elementor-section-boxed elementor-section-height-default elementor-section-height-default\" data-id=\"1ad926b\" data-element_type=\"section\" data-e-type=\"section\">\n\t\t\t\t\t\t<div class=\"elementor-container elementor-column-gap-no\">\n\t\t\t\t\t<div class=\"elementor-column elementor-col-100 elementor-top-column elementor-element elementor-element-34590f3\" data-id=\"34590f3\" data-element_type=\"column\" data-e-type=\"column\">\n\t\t\t<div class=\"elementor-widget-wrap elementor-element-populated\">\n\t\t\t\t\t\t<div class=\"elementor-element elementor-element-0855f64 elementor-widget elementor-widget-spacer\" data-id=\"0855f64\" data-element_type=\"widget\" data-e-type=\"widget\" data-widget_type=\"spacer.default\">\n\t\t\t\t<div class=\"elementor-widget-container\">\n\t\t\t\t\t\t\t<div class=\"elementor-spacer\">\n\t\t\t<div class=\"elementor-spacer-inner\"><\/div>\n\t\t<\/div>\n\t\t\t\t\t\t<\/div>\n\t\t\t\t<\/div>\n\t\t\t\t\t<\/div>\n\t\t<\/div>\n\t\t\t\t\t<\/div>\n\t\t<\/section>\n\t\t<div class=\"elementor-element elementor-element-a187793 e-flex e-con-boxed e-con e-parent\" data-id=\"a187793\" data-element_type=\"container\" data-e-type=\"container\">\n\t\t\t\t\t<div class=\"e-con-inner\">\n\t\t\t\t<div class=\"elementor-element elementor-element-dda62df elementor-widget elementor-widget-heading\" data-id=\"dda62df\" data-element_type=\"widget\" data-e-type=\"widget\" data-widget_type=\"heading.default\">\n\t\t\t\t<div class=\"elementor-widget-container\">\n\t\t\t\t\t<h2 class=\"elementor-heading-title elementor-size-default\">RAE.2102.MOTO<\/h2>\t\t\t\t<\/div>\n\t\t\t\t<\/div>\n\t\t\t\t\t<\/div>\n\t\t\t\t<\/div>\n\t\t<div class=\"elementor-element elementor-element-b6882bc e-flex e-con-boxed e-con e-parent\" data-id=\"b6882bc\" data-element_type=\"container\" data-e-type=\"container\">\n\t\t\t\t\t<div class=\"e-con-inner\">\n\t\t\t\t<div class=\"elementor-element elementor-element-3e6c7a5 elementor-widget elementor-widget-text-editor\" data-id=\"3e6c7a5\" data-element_type=\"widget\" data-e-type=\"widget\" data-widget_type=\"text-editor.default\">\n\t\t\t\t<div class=\"elementor-widget-container\">\n\t\t\t\t\t\t\t\t\t<p>Automatik bis 23\u2033.<\/p>\t\t\t\t\t\t\t\t<\/div>\n\t\t\t\t<\/div>\n\t\t\t\t\t<\/div>\n\t\t\t\t<\/div>\n\t\t<div class=\"elementor-element elementor-element-23291b4 e-flex e-con-boxed e-con e-parent\" data-id=\"23291b4\" data-element_type=\"container\" data-e-type=\"container\">\n\t\t\t\t\t<div class=\"e-con-inner\">\n\t\t<div class=\"elementor-element elementor-element-e0a83a2 e-con-full e-flex e-con e-child\" data-id=\"e0a83a2\" data-element_type=\"container\" data-e-type=\"container\">\n\t\t\t\t<div class=\"elementor-element elementor-element-558cc8c elementor-widget elementor-widget-text-editor\" data-id=\"558cc8c\" data-element_type=\"widget\" data-e-type=\"widget\" data-widget_type=\"text-editor.default\">\n\t\t\t\t<div class=\"elementor-widget-container\">\n\t\t\t\t\t\t\t\t\t<p>ATOMIC Mobile ist ein innovatives Messger\u00e4t zur Achsvermessung f\u00fcr den mobilen Service, das die M\u00f6glichkeit bietet, Achsvermessungseinstellungen direkt beim Kunden vorzunehmen, und zwar mit der gleichen Zweckm\u00e4\u00dfigkeit, Geschwindigkeit und Pr\u00e4zision des FASEP-Messsystems: Alles, was Sie brauchen, ist ein tragbarer PC und das spezielle Kit, das dank der gleichen Leistung wie ein normales Achsmessger\u00e4t, jedoch mit reduzierten Abmessungen, einen schnellen und vollst\u00e4ndigen Service zu Hause garantiert.<\/p>\t\t\t\t\t\t\t\t<\/div>\n\t\t\t\t<\/div>\n\t\t\t\t<\/div>\n\t\t<div class=\"elementor-element elementor-element-3a1a4df e-con-full e-flex e-con e-child\" data-id=\"3a1a4df\" data-element_type=\"container\" data-e-type=\"container\">\n\t\t\t\t<div class=\"elementor-element elementor-element-24c10b8 elementor-arrows-position-inside elementor-pagination-position-outside elementor-widget elementor-widget-image-carousel\" data-id=\"24c10b8\" data-element_type=\"widget\" data-e-type=\"widget\" data-settings=\"{&quot;slides_to_show&quot;:&quot;1&quot;,&quot;navigation&quot;:&quot;both&quot;,&quot;autoplay&quot;:&quot;yes&quot;,&quot;pause_on_hover&quot;:&quot;yes&quot;,&quot;pause_on_interaction&quot;:&quot;yes&quot;,&quot;autoplay_speed&quot;:5000,&quot;infinite&quot;:&quot;yes&quot;,&quot;effect&quot;:&quot;slide&quot;,&quot;speed&quot;:500}\" data-widget_type=\"image-carousel.default\">\n\t\t\t\t<div class=\"elementor-widget-container\">\n\t\t\t\t\t\t\t<div class=\"elementor-image-carousel-wrapper swiper\" role=\"region\" aria-roledescription=\"carousel\" aria-label=\"Image Carousel\" dir=\"ltr\">\n\t\t\t<div class=\"elementor-image-carousel swiper-wrapper\" aria-live=\"off\">\n\t\t\t\t\t\t\t\t<div class=\"swiper-slide\" role=\"group\" aria-roledescription=\"slide\" aria-label=\"1 of 2\" data-no-translation-aria-label=\"\"><a data-elementor-open-lightbox=\"yes\" data-elementor-lightbox-slideshow=\"24c10b8\" data-elementor-lightbox-title=\"rae.2102.moto\" data-e-action-hash=\"#elementor-action%3Aaction%3Dlightbox%26settings%3DeyJpZCI6OTg5NDYwLCJ1cmwiOiJodHRwczpcL1wvbXN0dGVjaC5hdFwvd3AtY29udGVudFwvdXBsb2Fkc1wvMjAyNFwvMTJcL3JhZS4yMTAyLm1vdG9fLmpwZyIsInNsaWRlc2hvdyI6IjI0YzEwYjgifQ%3D%3D\" href=\"https:\/\/msttech.at\/wp-content\/uploads\/2024\/12\/rae.2102.moto_.jpg\"><figure class=\"swiper-slide-inner\"><img decoding=\"async\" class=\"swiper-slide-image\" src=\"https:\/\/msttech.at\/wp-content\/uploads\/2024\/12\/rae.2102.moto_-295x300.jpg\" alt=\"rae.2102.moto\" \/><\/figure><\/a><\/div><div class=\"swiper-slide\" role=\"group\" aria-roledescription=\"slide\" aria-label=\"2 of 2\" data-no-translation-aria-label=\"\"><a data-elementor-open-lightbox=\"yes\" data-elementor-lightbox-slideshow=\"24c10b8\" data-elementor-lightbox-title=\"rae.2102-triumph\" data-e-action-hash=\"#elementor-action%3Aaction%3Dlightbox%26settings%3DeyJpZCI6OTg5NDU5LCJ1cmwiOiJodHRwczpcL1wvbXN0dGVjaC5hdFwvd3AtY29udGVudFwvdXBsb2Fkc1wvMjAyNFwvMTJcL3JhZS4yMTAyLXRyaXVtcGguanBnIiwic2xpZGVzaG93IjoiMjRjMTBiOCJ9\" href=\"https:\/\/msttech.at\/wp-content\/uploads\/2024\/12\/rae.2102-triumph.jpg\"><figure class=\"swiper-slide-inner\"><img decoding=\"async\" class=\"swiper-slide-image\" src=\"https:\/\/msttech.at\/wp-content\/uploads\/2024\/12\/rae.2102-triumph-300x300.jpg\" alt=\"rae.2102-triumph\" \/><\/figure><\/a><\/div>\t\t\t<\/div>\n\t\t\t\t\t\t\t\t\t\t\t\t<div class=\"elementor-swiper-button elementor-swiper-button-prev\" role=\"button\" tabindex=\"0\">\n\t\t\t\t\t\t<i aria-hidden=\"true\" class=\"eicon-chevron-left\"><\/i>\t\t\t\t\t<\/div>\n\t\t\t\t\t<div class=\"elementor-swiper-button elementor-swiper-button-next\" role=\"button\" tabindex=\"0\">\n\t\t\t\t\t\t<i aria-hidden=\"true\" class=\"eicon-chevron-right\"><\/i>\t\t\t\t\t<\/div>\n\t\t\t\t\n\t\t\t\t\t\t\t\t\t<div class=\"swiper-pagination\"><\/div>\n\t\t\t\t\t\t\t\t\t<\/div>\n\t\t\t\t\t\t<\/div>\n\t\t\t\t<\/div>\n\t\t\t\t<\/div>\n\t\t\t\t\t<\/div>\n\t\t\t\t<\/div>\n\t\t<div class=\"elementor-element elementor-element-5987b35 e-flex e-con-boxed e-con e-parent\" data-id=\"5987b35\" data-element_type=\"container\" data-e-type=\"container\">\n\t\t\t\t\t<div class=\"e-con-inner\">\n\t\t\t\t<div class=\"elementor-element elementor-element-bf59f4b elementor-tabs-view-horizontal elementor-widget elementor-widget-tabs\" data-id=\"bf59f4b\" data-element_type=\"widget\" data-e-type=\"widget\" data-widget_type=\"tabs.default\">\n\t\t\t\t<div class=\"elementor-widget-container\">\n\t\t\t\t\t\t\t<div class=\"elementor-tabs\">\n\t\t\t<div class=\"elementor-tabs-wrapper\" role=\"tablist\" >\n\t\t\t\t\t\t\t\t\t<div id=\"elementor-tab-title-2001\" class=\"elementor-tab-title elementor-tab-desktop-title\" aria-selected=\"true\" data-tab=\"1\" role=\"tab\" tabindex=\"0\" aria-controls=\"elementor-tab-content-2001\" aria-expanded=\"false\">Technische Eigenschaften<\/div>\n\t\t\t\t\t\t\t\t\t<div id=\"elementor-tab-title-2002\" class=\"elementor-tab-title elementor-tab-desktop-title\" aria-selected=\"false\" data-tab=\"2\" role=\"tab\" tabindex=\"-1\" aria-controls=\"elementor-tab-content-2002\" aria-expanded=\"false\">Optionales Zubeh\u00f6r<\/div>\n\t\t\t\t\t\t\t\t\t<div id=\"elementor-tab-title-2003\" class=\"elementor-tab-title elementor-tab-desktop-title\" aria-selected=\"false\" data-tab=\"3\" role=\"tab\" tabindex=\"-1\" aria-controls=\"elementor-tab-content-2003\" aria-expanded=\"false\">Kataloge<\/div>\n\t\t\t\t\t\t\t\t\t<div id=\"elementor-tab-title-2004\" class=\"elementor-tab-title elementor-tab-desktop-title\" aria-selected=\"false\" data-tab=\"4\" role=\"tab\" tabindex=\"-1\" aria-controls=\"elementor-tab-content-2004\" aria-expanded=\"false\">Info<\/div>\n\t\t\t\t\t\t\t\t\t<div id=\"elementor-tab-title-2005\" class=\"elementor-tab-title elementor-tab-desktop-title\" aria-selected=\"false\" data-tab=\"5\" role=\"tab\" tabindex=\"-1\" aria-controls=\"elementor-tab-content-2005\" aria-expanded=\"false\">Andere Versionen<\/div>\n\t\t\t\t\t\t\t<\/div>\n\t\t\t<div class=\"elementor-tabs-content-wrapper\" role=\"tablist\" aria-orientation=\"vertical\">\n\t\t\t\t\t\t\t\t\t<div class=\"elementor-tab-title elementor-tab-mobile-title\" aria-selected=\"true\" data-tab=\"1\" role=\"tab\" tabindex=\"0\" aria-controls=\"elementor-tab-content-2001\" aria-expanded=\"false\">Technische Eigenschaften<\/div>\n\t\t\t\t\t<div id=\"elementor-tab-content-2001\" class=\"elementor-tab-content elementor-clearfix\" data-tab=\"1\" role=\"tabpanel\" aria-labelledby=\"elementor-tab-title-2001\" tabindex=\"0\" hidden=\"false\"><p>&#8211; Automatic Tire Changer<br \/>&#8211; Suitable for Motorcycle wheels, go-kart, turf, scooter and, also ATV wheels<br \/>&#8211; Self-centering turntable with 4 clamps and 2 cylinders<br \/>&#8211; Special clamps for motorcyles<br \/>&#8211; Steel Plate thickness 10mm<br \/>&#8211; 1 speed Motor<br \/>&#8211; Tilt-back column (pneumatic)<br \/>&#8211; Pneumatic lock of the mounting head<br \/>&#8211; Spring control of the mounting head<br \/>&#8211; Bead-breaker with single-effect cylinder<br \/>&#8211; Free-moving bead breaker tool with plastic protection<br \/>&#8211; Mounting \/ demounting head specific for Motorcycles<br \/>&#8211; Tire Lever<br \/>&#8211; 36 mm hexagonal shaft<br \/>&#8211; Pressure regulator with filter and manometer<br \/>&#8211; Inflation pressure limiter (4 bar)<br \/>&#8211; Bead breaking force 2800 kg<br \/>&#8211; Max rotation torque 1,08 kN (110Kgm)<br \/>&#8211; Rim max diam. 5-23&#8243;<br \/>&#8211; Max wheel diam 1000 mm (39&#8243;)<br \/>&#8211; Max wheel width 240 mm (9,5&#8243;)<br \/>&#8211; Noise &lt; 70 dB (A)<br \/>&#8211; Warranty On Center<br \/>&#8211; Standard accessories in details<\/p><\/div>\n\t\t\t\t\t\t\t\t\t<div class=\"elementor-tab-title elementor-tab-mobile-title\" aria-selected=\"false\" data-tab=\"2\" role=\"tab\" tabindex=\"-1\" aria-controls=\"elementor-tab-content-2002\" aria-expanded=\"false\">Optionales Zubeh\u00f6r<\/div>\n\t\t\t\t\t<div id=\"elementor-tab-content-2002\" class=\"elementor-tab-content elementor-clearfix\" data-tab=\"2\" role=\"tabpanel\" aria-labelledby=\"elementor-tab-title-2002\" tabindex=\"0\" hidden=\"hidden\"><p>V058 &#8211; INST. SPIEG. c\/o CLI SMONT.VETTURE-MOTO<br \/>V145 &#8211; EXT GARANZIA SMONTAGOMME VETTURE<br \/>V153 &#8211; EXT WARRANTY FOR CAR TIRE CHANGERS<br \/>SA088 &#8211; SISTEMA PRESS TECH RAE.2102-2115<br \/>SA045 &#8211; SISTEMA PRESS PRO.210x, 2115<br \/>SA294 &#8211; KIT Tubeless BLAST<br \/>SA058 &#8211; PEDANA A RULLI<br \/>SA325 &#8211; VANO PORTAUTENSILI RAE.21xx, RASE.21xx<br \/>SA158 &#8211; KIT GRIFFE STANDARD R.102x (4 pezzi)<br \/>SRA194 &#8211; UTENSILE RUOTE SCOOTER 8&#8243;<br \/>SRA960 &#8211; VASO GRASSO PER MONTAGGIO\/SMONTAGGIO<br \/>SA229.003 &#8211; PROTEZIONE BORDO CERCHIO (3pz)<br \/>SA059 &#8211; DISTANZIALE PER APPOGGIO STALLONATORE<br \/>SA231.002 &#8211; KIT ATTACCO RAPIDO UT.INTEGRALE (1 T.)<br \/>SRA192.001 &#8211; UTENSILE CERCHI A RAZZE SPORGENTI<br \/>V524 &#8211; GONFIATORE ELETTRONICO A PARETE (AUTO)<br \/>SA233.006 &#8211; SET PROTEZIONE PER GRIFFE (20 pezzi)<\/p><\/div>\n\t\t\t\t\t\t\t\t\t<div class=\"elementor-tab-title elementor-tab-mobile-title\" aria-selected=\"false\" data-tab=\"3\" role=\"tab\" tabindex=\"-1\" aria-controls=\"elementor-tab-content-2003\" aria-expanded=\"false\">Kataloge<\/div>\n\t\t\t\t\t<div id=\"elementor-tab-content-2003\" class=\"elementor-tab-content elementor-clearfix\" data-tab=\"3\" role=\"tabpanel\" aria-labelledby=\"elementor-tab-title-2003\" tabindex=\"0\" hidden=\"hidden\"><p><a href=\"https:\/\/images.fasep.it\/RAE2102moto-cat-r8.2.pdf\" target=\"_blank\" rel=\"noopener\">English Catalogue<\/a><\/p><\/div>\n\t\t\t\t\t\t\t\t\t<div class=\"elementor-tab-title elementor-tab-mobile-title\" aria-selected=\"false\" data-tab=\"4\" role=\"tab\" tabindex=\"-1\" aria-controls=\"elementor-tab-content-2004\" aria-expanded=\"false\">Info<\/div>\n\t\t\t\t\t<div id=\"elementor-tab-content-2004\" class=\"elementor-tab-content elementor-clearfix\" data-tab=\"4\" role=\"tabpanel\" aria-labelledby=\"elementor-tab-title-2004\" tabindex=\"0\" hidden=\"hidden\"><div class=\"sku_wrapper\">SIGLAART: <span class=\"sku\"><strong>RAE.2102.MOTO CE 400\/50-60\/3<\/strong><\/span><\/div><div class=\"sku_wrapper\">CODART: <span class=\"sku\"><strong>S199.017<\/strong><\/span><\/div><div class=\"sku_wrapper\">TIPOART: <span class=\"sku\"><strong>RAE<\/strong><\/span><\/div><div class=\"sku_wrapper\">HW: <span class=\"sku\"><strong>1125<\/strong><\/span><\/div><div class=\"sku_wrapper\">SW: <span class=\"sku\"><strong>TCM<\/strong><\/span><\/div><div class=\"sku_wrapper\">POWER: <span class=\"sku\"><strong>380-415 VAC 50-60Hz 3Ph<\/strong><\/span><\/div><div class=\"sku_wrapper\"><b>WEIGHT<\/b>: <span class=\"sku\"><strong>Gross Weight 220.00 Kg \/ Net Weight 200.00 Kg<\/strong><\/span><\/div><div class=\"sku_wrapper\"><b>SHIPPING VOLUME<\/b>: <span class=\"sku\"><strong>105 cm \/ 115 cm \/ 100 cm<\/strong><\/span><\/div><\/div>\n\t\t\t\t\t\t\t\t\t<div class=\"elementor-tab-title elementor-tab-mobile-title\" aria-selected=\"false\" data-tab=\"5\" role=\"tab\" tabindex=\"-1\" aria-controls=\"elementor-tab-content-2005\" aria-expanded=\"false\">Andere Versionen<\/div>\n\t\t\t\t\t<div id=\"elementor-tab-content-2005\" class=\"elementor-tab-content elementor-clearfix\" data-tab=\"5\" role=\"tabpanel\" aria-labelledby=\"elementor-tab-title-2005\" tabindex=\"0\" hidden=\"hidden\"><ul><li><div><img decoding=\"async\" src=\"https:\/\/images.fasep.it\/rae.2102.moto.jpg\" \/><\/div>S199.018 &#8211; RAE.2102.MOTO CE 230\/50\/1<\/li><\/ul><\/div>\n\t\t\t\t\t\t\t<\/div>\n\t\t<\/div>\n\t\t\t\t\t\t<\/div>\n\t\t\t\t<\/div>\n\t\t\t\t\t<\/div>\n\t\t\t\t<\/div>\n\t\t\t\t<\/div>","protected":false},"excerpt":{"rendered":"<p>RAE.2102.MOTO Automatic up to 23&#8243;. ATOMIC Mobile is an innovative instrument for measuring Wheel Alignment for Mobile Service, which offers the possibility of making alignment adjustments directly at the customer with all the practicality, speed and precision of the FASEP measuring system: all you need is a portable PC and the special kit that guarantees&#8230;<\/p>","protected":false},"author":1,"featured_media":0,"parent":0,"menu_order":0,"comment_status":"closed","ping_status":"closed","template":"","meta":{"footnotes":""},"class_list":["post-989068","page","type-page","status-publish","hentry"],"yoast_head":"<!-- This site is optimized with the Yoast SEO plugin v27.4 - https:\/\/yoast.com\/product\/yoast-seo-wordpress\/ -->\n<title>RAE.2102.MOTO - MST-Tech<\/title>\n<meta name=\"robots\" content=\"noindex, follow\" \/>\n<meta property=\"og:locale\" content=\"de_DE\" \/>\n<meta property=\"og:type\" content=\"article\" \/>\n<meta property=\"og:title\" content=\"RAE.2102.MOTO - MST-Tech\" \/>\n<meta property=\"og:description\" content=\"RAE.2102.MOTO Automatic up to 23&#8243;. ATOMIC Mobile is an innovative instrument for measuring Wheel Alignment for Mobile Service, which offers the possibility of making alignment adjustments directly at the customer with all the practicality, speed and precision of the FASEP measuring system: all you need is a portable PC and the special kit that guarantees...\" \/>\n<meta property=\"og:url\" content=\"https:\/\/msttech.at\/de\/rae-2102-moto\/\" \/>\n<meta property=\"og:site_name\" content=\"MST-Tech\" \/>\n<meta property=\"article:publisher\" content=\"https:\/\/www.facebook.com\/people\/MST-Tech\/61558570942178\/\" \/>\n<meta property=\"article:modified_time\" content=\"2024-12-25T13:50:45+00:00\" \/>\n<meta property=\"og:image\" content=\"https:\/\/msttech.at\/wp-content\/uploads\/2024\/12\/rae.2102.moto_-295x300.jpg\" \/>\n<meta name=\"twitter:card\" content=\"summary_large_image\" \/>\n<meta name=\"twitter:label1\" content=\"Gesch\u00e4tzte Lesezeit\" \/>\n\t<meta name=\"twitter:data1\" content=\"2 Minuten\" \/>\n<script type=\"application\/ld+json\" class=\"yoast-schema-graph\">{\"@context\":\"https:\\\/\\\/schema.org\",\"@graph\":[{\"@type\":\"WebPage\",\"@id\":\"https:\\\/\\\/msttech.at\\\/rae-2102-moto\\\/\",\"url\":\"https:\\\/\\\/msttech.at\\\/rae-2102-moto\\\/\",\"name\":\"RAE.2102.MOTO - MST-Tech\",\"isPartOf\":{\"@id\":\"https:\\\/\\\/msttech.at\\\/de\\\/#website\"},\"primaryImageOfPage\":{\"@id\":\"https:\\\/\\\/msttech.at\\\/rae-2102-moto\\\/#primaryimage\"},\"image\":{\"@id\":\"https:\\\/\\\/msttech.at\\\/rae-2102-moto\\\/#primaryimage\"},\"thumbnailUrl\":\"https:\\\/\\\/msttech.at\\\/wp-content\\\/uploads\\\/2024\\\/12\\\/rae.2102.moto_-295x300.jpg\",\"datePublished\":\"2024-12-18T18:25:56+00:00\",\"dateModified\":\"2024-12-25T13:50:45+00:00\",\"breadcrumb\":{\"@id\":\"https:\\\/\\\/msttech.at\\\/rae-2102-moto\\\/#breadcrumb\"},\"inLanguage\":\"de-AT\",\"potentialAction\":[{\"@type\":\"ReadAction\",\"target\":[\"https:\\\/\\\/msttech.at\\\/rae-2102-moto\\\/\"]}]},{\"@type\":\"ImageObject\",\"inLanguage\":\"de-AT\",\"@id\":\"https:\\\/\\\/msttech.at\\\/rae-2102-moto\\\/#primaryimage\",\"url\":\"https:\\\/\\\/msttech.at\\\/wp-content\\\/uploads\\\/2024\\\/12\\\/rae.2102.moto_-295x300.jpg\",\"contentUrl\":\"https:\\\/\\\/msttech.at\\\/wp-content\\\/uploads\\\/2024\\\/12\\\/rae.2102.moto_-295x300.jpg\"},{\"@type\":\"BreadcrumbList\",\"@id\":\"https:\\\/\\\/msttech.at\\\/rae-2102-moto\\\/#breadcrumb\",\"itemListElement\":[{\"@type\":\"ListItem\",\"position\":1,\"name\":\"Home\",\"item\":\"https:\\\/\\\/msttech.at\\\/\"},{\"@type\":\"ListItem\",\"position\":2,\"name\":\"RAE.2102.MOTO\"}]},{\"@type\":\"WebSite\",\"@id\":\"https:\\\/\\\/msttech.at\\\/de\\\/#website\",\"url\":\"https:\\\/\\\/msttech.at\\\/de\\\/\",\"name\":\"MST-Tech\",\"description\":\"A Complete Solutions\",\"publisher\":{\"@id\":\"https:\\\/\\\/msttech.at\\\/de\\\/#organization\"},\"potentialAction\":[{\"@type\":\"SearchAction\",\"target\":{\"@type\":\"EntryPoint\",\"urlTemplate\":\"https:\\\/\\\/msttech.at\\\/de\\\/?s={search_term_string}\"},\"query-input\":{\"@type\":\"PropertyValueSpecification\",\"valueRequired\":true,\"valueName\":\"search_term_string\"}}],\"inLanguage\":\"de-AT\"},{\"@type\":\"Organization\",\"@id\":\"https:\\\/\\\/msttech.at\\\/de\\\/#organization\",\"name\":\"MST-Tech\",\"url\":\"https:\\\/\\\/msttech.at\\\/de\\\/\",\"logo\":{\"@type\":\"ImageObject\",\"inLanguage\":\"de-AT\",\"@id\":\"https:\\\/\\\/msttech.at\\\/de\\\/#\\\/schema\\\/logo\\\/image\\\/\",\"url\":\"https:\\\/\\\/msttech.at\\\/wp-content\\\/uploads\\\/2024\\\/02\\\/MSTlogo2.png\",\"contentUrl\":\"https:\\\/\\\/msttech.at\\\/wp-content\\\/uploads\\\/2024\\\/02\\\/MSTlogo2.png\",\"width\":422,\"height\":98,\"caption\":\"MST-Tech\"},\"image\":{\"@id\":\"https:\\\/\\\/msttech.at\\\/de\\\/#\\\/schema\\\/logo\\\/image\\\/\"},\"sameAs\":[\"https:\\\/\\\/www.facebook.com\\\/people\\\/MST-Tech\\\/61558570942178\\\/\"]}]}<\/script>\n<!-- \/ Yoast SEO plugin. -->","yoast_head_json":{"title":"RAE.2102.MOTO - MST-Tech","robots":{"index":"noindex","follow":"follow"},"og_locale":"de_DE","og_type":"article","og_title":"RAE.2102.MOTO - MST-Tech","og_description":"RAE.2102.MOTO Automatic up to 23&#8243;. ATOMIC Mobile is an innovative instrument for measuring Wheel Alignment for Mobile Service, which offers the possibility of making alignment adjustments directly at the customer with all the practicality, speed and precision of the FASEP measuring system: all you need is a portable PC and the special kit that guarantees...","og_url":"https:\/\/msttech.at\/de\/rae-2102-moto\/","og_site_name":"MST-Tech","article_publisher":"https:\/\/www.facebook.com\/people\/MST-Tech\/61558570942178\/","article_modified_time":"2024-12-25T13:50:45+00:00","og_image":[{"url":"https:\/\/msttech.at\/wp-content\/uploads\/2024\/12\/rae.2102.moto_-295x300.jpg","type":"","width":"","height":""}],"twitter_card":"summary_large_image","twitter_misc":{"Gesch\u00e4tzte Lesezeit":"2 Minuten"},"schema":{"@context":"https:\/\/schema.org","@graph":[{"@type":"WebPage","@id":"https:\/\/msttech.at\/rae-2102-moto\/","url":"https:\/\/msttech.at\/rae-2102-moto\/","name":"RAE.2102.MOTO - MST-Tech","isPartOf":{"@id":"https:\/\/msttech.at\/de\/#website"},"primaryImageOfPage":{"@id":"https:\/\/msttech.at\/rae-2102-moto\/#primaryimage"},"image":{"@id":"https:\/\/msttech.at\/rae-2102-moto\/#primaryimage"},"thumbnailUrl":"https:\/\/msttech.at\/wp-content\/uploads\/2024\/12\/rae.2102.moto_-295x300.jpg","datePublished":"2024-12-18T18:25:56+00:00","dateModified":"2024-12-25T13:50:45+00:00","breadcrumb":{"@id":"https:\/\/msttech.at\/rae-2102-moto\/#breadcrumb"},"inLanguage":"de-AT","potentialAction":[{"@type":"ReadAction","target":["https:\/\/msttech.at\/rae-2102-moto\/"]}]},{"@type":"ImageObject","inLanguage":"de-AT","@id":"https:\/\/msttech.at\/rae-2102-moto\/#primaryimage","url":"https:\/\/msttech.at\/wp-content\/uploads\/2024\/12\/rae.2102.moto_-295x300.jpg","contentUrl":"https:\/\/msttech.at\/wp-content\/uploads\/2024\/12\/rae.2102.moto_-295x300.jpg"},{"@type":"BreadcrumbList","@id":"https:\/\/msttech.at\/rae-2102-moto\/#breadcrumb","itemListElement":[{"@type":"ListItem","position":1,"name":"Home","item":"https:\/\/msttech.at\/"},{"@type":"ListItem","position":2,"name":"RAE.2102.MOTO"}]},{"@type":"WebSite","@id":"https:\/\/msttech.at\/de\/#website","url":"https:\/\/msttech.at\/de\/","name":"MST-Tech","description":"A Complete Solutions","publisher":{"@id":"https:\/\/msttech.at\/de\/#organization"},"potentialAction":[{"@type":"SearchAction","target":{"@type":"EntryPoint","urlTemplate":"https:\/\/msttech.at\/de\/?s={search_term_string}"},"query-input":{"@type":"PropertyValueSpecification","valueRequired":true,"valueName":"search_term_string"}}],"inLanguage":"de-AT"},{"@type":"Organization","@id":"https:\/\/msttech.at\/de\/#organization","name":"MST-Tech","url":"https:\/\/msttech.at\/de\/","logo":{"@type":"ImageObject","inLanguage":"de-AT","@id":"https:\/\/msttech.at\/de\/#\/schema\/logo\/image\/","url":"https:\/\/msttech.at\/wp-content\/uploads\/2024\/02\/MSTlogo2.png","contentUrl":"https:\/\/msttech.at\/wp-content\/uploads\/2024\/02\/MSTlogo2.png","width":422,"height":98,"caption":"MST-Tech"},"image":{"@id":"https:\/\/msttech.at\/de\/#\/schema\/logo\/image\/"},"sameAs":["https:\/\/www.facebook.com\/people\/MST-Tech\/61558570942178\/"]}]}},"_links":{"self":[{"href":"https:\/\/msttech.at\/de\/wp-json\/wp\/v2\/pages\/989068","targetHints":{"allow":["GET"]}}],"collection":[{"href":"https:\/\/msttech.at\/de\/wp-json\/wp\/v2\/pages"}],"about":[{"href":"https:\/\/msttech.at\/de\/wp-json\/wp\/v2\/types\/page"}],"author":[{"embeddable":true,"href":"https:\/\/msttech.at\/de\/wp-json\/wp\/v2\/users\/1"}],"replies":[{"embeddable":true,"href":"https:\/\/msttech.at\/de\/wp-json\/wp\/v2\/comments?post=989068"}],"version-history":[{"count":4,"href":"https:\/\/msttech.at\/de\/wp-json\/wp\/v2\/pages\/989068\/revisions"}],"predecessor-version":[{"id":989463,"href":"https:\/\/msttech.at\/de\/wp-json\/wp\/v2\/pages\/989068\/revisions\/989463"}],"wp:attachment":[{"href":"https:\/\/msttech.at\/de\/wp-json\/wp\/v2\/media?parent=989068"}],"curies":[{"name":"wp","href":"https:\/\/api.w.org\/{rel}","templated":true}]}}