{"id":989061,"date":"2024-12-18T18:24:55","date_gmt":"2024-12-18T18:24:55","guid":{"rendered":"https:\/\/msttech.at\/?page_id=989061"},"modified":"2024-12-25T12:56:59","modified_gmt":"2024-12-25T12:56:59","slug":"rae-2102-22","status":"publish","type":"page","link":"https:\/\/msttech.at\/de\/rae-2102-22\/","title":{"rendered":"RAE.2102.22"},"content":{"rendered":"<div data-elementor-type=\"wp-page\" data-elementor-id=\"989061\" class=\"elementor elementor-989061\" data-elementor-post-type=\"page\">\n\t\t\t\t\t\t<section class=\"elementor-section elementor-top-section elementor-element elementor-element-1ad926b elementor-section-boxed elementor-section-height-default elementor-section-height-default\" data-id=\"1ad926b\" data-element_type=\"section\" data-e-type=\"section\">\n\t\t\t\t\t\t<div class=\"elementor-container elementor-column-gap-no\">\n\t\t\t\t\t<div class=\"elementor-column elementor-col-100 elementor-top-column elementor-element elementor-element-34590f3\" data-id=\"34590f3\" data-element_type=\"column\" data-e-type=\"column\">\n\t\t\t<div class=\"elementor-widget-wrap elementor-element-populated\">\n\t\t\t\t\t\t<div class=\"elementor-element elementor-element-0855f64 elementor-widget elementor-widget-spacer\" data-id=\"0855f64\" data-element_type=\"widget\" data-e-type=\"widget\" data-widget_type=\"spacer.default\">\n\t\t\t\t<div class=\"elementor-widget-container\">\n\t\t\t\t\t\t\t<div class=\"elementor-spacer\">\n\t\t\t<div class=\"elementor-spacer-inner\"><\/div>\n\t\t<\/div>\n\t\t\t\t\t\t<\/div>\n\t\t\t\t<\/div>\n\t\t\t\t\t<\/div>\n\t\t<\/div>\n\t\t\t\t\t<\/div>\n\t\t<\/section>\n\t\t<div class=\"elementor-element elementor-element-a187793 e-flex e-con-boxed e-con e-parent\" data-id=\"a187793\" data-element_type=\"container\" data-e-type=\"container\">\n\t\t\t\t\t<div class=\"e-con-inner\">\n\t\t\t\t<div class=\"elementor-element elementor-element-dda62df elementor-widget elementor-widget-heading\" data-id=\"dda62df\" data-element_type=\"widget\" data-e-type=\"widget\" data-widget_type=\"heading.default\">\n\t\t\t\t<div class=\"elementor-widget-container\">\n\t\t\t\t\t<h2 class=\"elementor-heading-title elementor-size-default\">RAE.2102.22<\/h2>\t\t\t\t<\/div>\n\t\t\t\t<\/div>\n\t\t\t\t\t<\/div>\n\t\t\t\t<\/div>\n\t\t<div class=\"elementor-element elementor-element-b6882bc e-flex e-con-boxed e-con e-parent\" data-id=\"b6882bc\" data-element_type=\"container\" data-e-type=\"container\">\n\t\t\t\t\t<div class=\"e-con-inner\">\n\t\t\t\t<div class=\"elementor-element elementor-element-3e6c7a5 elementor-widget elementor-widget-text-editor\" data-id=\"3e6c7a5\" data-element_type=\"widget\" data-e-type=\"widget\" data-widget_type=\"text-editor.default\">\n\t\t\t\t<div class=\"elementor-widget-container\">\n\t\t\t\t\t\t\t\t\t<p>Automatisch, stark und zuverl\u00e4ssig, bis zu 23 Zoll.<\/p>\t\t\t\t\t\t\t\t<\/div>\n\t\t\t\t<\/div>\n\t\t\t\t\t<\/div>\n\t\t\t\t<\/div>\n\t\t<div class=\"elementor-element elementor-element-23291b4 e-flex e-con-boxed e-con e-parent\" data-id=\"23291b4\" data-element_type=\"container\" data-e-type=\"container\">\n\t\t\t\t\t<div class=\"e-con-inner\">\n\t\t<div class=\"elementor-element elementor-element-e0a83a2 e-con-full e-flex e-con e-child\" data-id=\"e0a83a2\" data-element_type=\"container\" data-e-type=\"container\">\n\t\t\t\t<div class=\"elementor-element elementor-element-558cc8c elementor-widget elementor-widget-text-editor\" data-id=\"558cc8c\" data-element_type=\"widget\" data-e-type=\"widget\" data-widget_type=\"text-editor.default\">\n\t\t\t\t<div class=\"elementor-widget-container\">\n\t\t\t\t\t\t\t\t\t<p>RAE.2102.22 ist ein automatischer Reifenwechsler f\u00fcr R\u00e4der mit Felgengr\u00f6\u00dfen von 10\u2033 bis 23\u2033 (optional 24\u2033). Robustheit und Zuverl\u00e4ssigkeit sind die Schl\u00fcsselw\u00f6rter f\u00fcr diesen Reifenwechsler, der dank Zubeh\u00f6r, das die Arbeit an R\u00e4dern mit niedrigem Profil erm\u00f6glicht, der Reifenwechsler ist, der mit begrenztem Aufwand das Maximum bietet.<\/p>\t\t\t\t\t\t\t\t<\/div>\n\t\t\t\t<\/div>\n\t\t\t\t<\/div>\n\t\t<div class=\"elementor-element elementor-element-3a1a4df e-con-full e-flex e-con e-child\" data-id=\"3a1a4df\" data-element_type=\"container\" data-e-type=\"container\">\n\t\t\t\t<div class=\"elementor-element elementor-element-24c10b8 elementor-arrows-position-inside elementor-pagination-position-outside elementor-widget elementor-widget-image-carousel\" data-id=\"24c10b8\" data-element_type=\"widget\" data-e-type=\"widget\" data-settings=\"{&quot;slides_to_show&quot;:&quot;1&quot;,&quot;navigation&quot;:&quot;both&quot;,&quot;autoplay&quot;:&quot;yes&quot;,&quot;pause_on_hover&quot;:&quot;yes&quot;,&quot;pause_on_interaction&quot;:&quot;yes&quot;,&quot;autoplay_speed&quot;:5000,&quot;infinite&quot;:&quot;yes&quot;,&quot;effect&quot;:&quot;slide&quot;,&quot;speed&quot;:500}\" data-widget_type=\"image-carousel.default\">\n\t\t\t\t<div class=\"elementor-widget-container\">\n\t\t\t\t\t\t\t<div class=\"elementor-image-carousel-wrapper swiper\" role=\"region\" aria-roledescription=\"carousel\" aria-label=\"Image Carousel\" dir=\"ltr\">\n\t\t\t<div class=\"elementor-image-carousel swiper-wrapper\" aria-live=\"off\">\n\t\t\t\t\t\t\t\t<div class=\"swiper-slide\" role=\"group\" aria-roledescription=\"slide\" aria-label=\"1 of 3\" data-no-translation-aria-label=\"\"><a data-elementor-open-lightbox=\"yes\" data-elementor-lightbox-slideshow=\"24c10b8\" data-elementor-lightbox-title=\"RAE2102-hr300\" data-e-action-hash=\"#elementor-action%3Aaction%3Dlightbox%26settings%3DeyJpZCI6OTg5NDQ3LCJ1cmwiOiJodHRwczpcL1wvbXN0dGVjaC5hdFwvd3AtY29udGVudFwvdXBsb2Fkc1wvMjAyNFwvMTJcL1JBRTIxMDItaHIzMDAuanBnIiwic2xpZGVzaG93IjoiMjRjMTBiOCJ9\" href=\"https:\/\/msttech.at\/wp-content\/uploads\/2024\/12\/RAE2102-hr300.jpg\"><figure class=\"swiper-slide-inner\"><img decoding=\"async\" class=\"swiper-slide-image\" src=\"https:\/\/msttech.at\/wp-content\/uploads\/2024\/12\/RAE2102-hr300-300x300.jpg\" alt=\"RAE2102-hr300\" \/><\/figure><\/a><\/div><div class=\"swiper-slide\" role=\"group\" aria-roledescription=\"slide\" aria-label=\"2 of 3\" data-no-translation-aria-label=\"\"><a data-elementor-open-lightbox=\"yes\" data-elementor-lightbox-slideshow=\"24c10b8\" data-elementor-lightbox-title=\"rae2102-braccio\" data-e-action-hash=\"#elementor-action%3Aaction%3Dlightbox%26settings%3DeyJpZCI6OTg5NDQ4LCJ1cmwiOiJodHRwczpcL1wvbXN0dGVjaC5hdFwvd3AtY29udGVudFwvdXBsb2Fkc1wvMjAyNFwvMTJcL3JhZTIxMDItYnJhY2Npby5qcGciLCJzbGlkZXNob3ciOiIyNGMxMGI4In0%3D\" href=\"https:\/\/msttech.at\/wp-content\/uploads\/2024\/12\/rae2102-braccio.jpg\"><figure class=\"swiper-slide-inner\"><img decoding=\"async\" class=\"swiper-slide-image\" src=\"https:\/\/msttech.at\/wp-content\/uploads\/2024\/12\/rae2102-braccio-300x300.jpg\" alt=\"rae2102-braccio\" \/><\/figure><\/a><\/div><div class=\"swiper-slide\" role=\"group\" aria-roledescription=\"slide\" aria-label=\"3 of 3\" data-no-translation-aria-label=\"\"><a data-elementor-open-lightbox=\"yes\" data-elementor-lightbox-slideshow=\"24c10b8\" data-elementor-lightbox-title=\"rae2102_rid\" data-e-action-hash=\"#elementor-action%3Aaction%3Dlightbox%26settings%3DeyJpZCI6OTg5NDQ5LCJ1cmwiOiJodHRwczpcL1wvbXN0dGVjaC5hdFwvd3AtY29udGVudFwvdXBsb2Fkc1wvMjAyNFwvMTJcL3JhZTIxMDJfcmlkLmpwZyIsInNsaWRlc2hvdyI6IjI0YzEwYjgifQ%3D%3D\" href=\"https:\/\/msttech.at\/wp-content\/uploads\/2024\/12\/rae2102_rid.jpg\"><figure class=\"swiper-slide-inner\"><img decoding=\"async\" class=\"swiper-slide-image\" src=\"https:\/\/msttech.at\/wp-content\/uploads\/2024\/12\/rae2102_rid-300x300.jpg\" alt=\"rae2102_rid\" \/><\/figure><\/a><\/div>\t\t\t<\/div>\n\t\t\t\t\t\t\t\t\t\t\t\t<div class=\"elementor-swiper-button elementor-swiper-button-prev\" role=\"button\" tabindex=\"0\">\n\t\t\t\t\t\t<i aria-hidden=\"true\" class=\"eicon-chevron-left\"><\/i>\t\t\t\t\t<\/div>\n\t\t\t\t\t<div class=\"elementor-swiper-button elementor-swiper-button-next\" role=\"button\" tabindex=\"0\">\n\t\t\t\t\t\t<i aria-hidden=\"true\" class=\"eicon-chevron-right\"><\/i>\t\t\t\t\t<\/div>\n\t\t\t\t\n\t\t\t\t\t\t\t\t\t<div class=\"swiper-pagination\"><\/div>\n\t\t\t\t\t\t\t\t\t<\/div>\n\t\t\t\t\t\t<\/div>\n\t\t\t\t<\/div>\n\t\t\t\t<\/div>\n\t\t\t\t\t<\/div>\n\t\t\t\t<\/div>\n\t\t<div class=\"elementor-element elementor-element-5987b35 e-flex e-con-boxed e-con e-parent\" data-id=\"5987b35\" data-element_type=\"container\" data-e-type=\"container\">\n\t\t\t\t\t<div class=\"e-con-inner\">\n\t\t\t\t<div class=\"elementor-element elementor-element-bf59f4b elementor-tabs-view-horizontal elementor-widget elementor-widget-tabs\" data-id=\"bf59f4b\" data-element_type=\"widget\" data-e-type=\"widget\" data-widget_type=\"tabs.default\">\n\t\t\t\t<div class=\"elementor-widget-container\">\n\t\t\t\t\t\t\t<div class=\"elementor-tabs\">\n\t\t\t<div class=\"elementor-tabs-wrapper\" role=\"tablist\" >\n\t\t\t\t\t\t\t\t\t<div id=\"elementor-tab-title-2001\" class=\"elementor-tab-title elementor-tab-desktop-title\" aria-selected=\"true\" data-tab=\"1\" role=\"tab\" tabindex=\"0\" aria-controls=\"elementor-tab-content-2001\" aria-expanded=\"false\">Technische Eigenschaften<\/div>\n\t\t\t\t\t\t\t\t\t<div id=\"elementor-tab-title-2002\" class=\"elementor-tab-title elementor-tab-desktop-title\" aria-selected=\"false\" data-tab=\"2\" role=\"tab\" tabindex=\"-1\" aria-controls=\"elementor-tab-content-2002\" aria-expanded=\"false\">Optionales Zubeh\u00f6r<\/div>\n\t\t\t\t\t\t\t\t\t<div id=\"elementor-tab-title-2003\" class=\"elementor-tab-title elementor-tab-desktop-title\" aria-selected=\"false\" data-tab=\"3\" role=\"tab\" tabindex=\"-1\" aria-controls=\"elementor-tab-content-2003\" aria-expanded=\"false\">Kataloge<\/div>\n\t\t\t\t\t\t\t\t\t<div id=\"elementor-tab-title-2004\" class=\"elementor-tab-title elementor-tab-desktop-title\" aria-selected=\"false\" data-tab=\"4\" role=\"tab\" tabindex=\"-1\" aria-controls=\"elementor-tab-content-2004\" aria-expanded=\"false\">Info<\/div>\n\t\t\t\t\t\t\t\t\t<div id=\"elementor-tab-title-2005\" class=\"elementor-tab-title elementor-tab-desktop-title\" aria-selected=\"false\" data-tab=\"5\" role=\"tab\" tabindex=\"-1\" aria-controls=\"elementor-tab-content-2005\" aria-expanded=\"false\">Andere Versionen<\/div>\n\t\t\t\t\t\t\t<\/div>\n\t\t\t<div class=\"elementor-tabs-content-wrapper\" role=\"tablist\" aria-orientation=\"vertical\">\n\t\t\t\t\t\t\t\t\t<div class=\"elementor-tab-title elementor-tab-mobile-title\" aria-selected=\"true\" data-tab=\"1\" role=\"tab\" tabindex=\"0\" aria-controls=\"elementor-tab-content-2001\" aria-expanded=\"false\">Technische Eigenschaften<\/div>\n\t\t\t\t\t<div id=\"elementor-tab-content-2001\" class=\"elementor-tab-content elementor-clearfix\" data-tab=\"1\" role=\"tabpanel\" aria-labelledby=\"elementor-tab-title-2001\" tabindex=\"0\" hidden=\"false\"><p>&#8211; <i>Automatic Tire Changer<\/i><\/p><p>&#8211; <i>Suitable for Car, Vans, SUVs and Light Trucks wheels<\/i><\/p><p>&#8211; <i>Self-centering turntable with 4 clamps and 2 cylinders<\/i><\/p><p>&#8211; <i>Steel Plate thickness 12mm<\/i><\/p><p>&#8211; <i>1 speed Motor<\/i><\/p><p>&#8211; <i>Tilt-back column (pneumatic)<\/i><\/p><p>&#8211; <i>Pneumatic lock of the mounting head<\/i><\/p><p>&#8211; <i>Spring control of the mounting head<\/i><\/p><p>&#8211; <i>Bead-breaker with single-effect cylinder<\/i><\/p><p>&#8211; <i>Free-moving bead breaker tool with plastic protection<\/i><\/p><p>&#8211; <i>Tire inflation gun with manometer gauge<\/i><\/p><p>&#8211; <i>Set of plastic protections for alloy rims<\/i><\/p><p>&#8211; <i>Tire Lever<\/i><\/p><p>&#8211; <i>36 mm hexagonal shaft<\/i><\/p><p>&#8211; <i>Pressure regulator with filter and manometer<\/i><\/p><p>&#8211; <i>Air lubricator (automatic)<\/i><\/p><p>&#8211; <i>Inflation pressure limiter (4 bar)<\/i><\/p><p>&#8211; <i>Bead breaking force 2800 kg<\/i><\/p><p>&#8211; <i>Bead breaking force 2900 kg<\/i><\/p><p>&#8211; <i>Max rotation torque 1,08 kN (110Kgm)<\/i><\/p><p>&#8211; <i>Rim max diam. 10-23&#8243;<\/i><\/p><p>&#8211; <i>Max wheel diam 1000 mm (39&#8243;)<\/i><\/p><p>&#8211; <i>Max rim width 320 mm (12,5&#8243;)<\/i><\/p><p>&#8211; <i>Noise &lt; 70 dB (A)<\/i><\/p><p>&#8211; <i><a href=\"https:\/\/shop.fasep.it\/fasep\/termini.jsp?actiondata=WARRANTY\" target=\"top\">Warranty On Center<\/a><\/i><\/p><p>&#8211; <i><b><a href=\"http:\/\/images.fasep.it\/smontagomme-tabella-acc-ing.pdf\" target=\"top\">Standard accessories in details<\/a><\/b><\/i><\/p><\/div>\n\t\t\t\t\t\t\t\t\t<div class=\"elementor-tab-title elementor-tab-mobile-title\" aria-selected=\"false\" data-tab=\"2\" role=\"tab\" tabindex=\"-1\" aria-controls=\"elementor-tab-content-2002\" aria-expanded=\"false\">Optionales Zubeh\u00f6r<\/div>\n\t\t\t\t\t<div id=\"elementor-tab-content-2002\" class=\"elementor-tab-content elementor-clearfix\" data-tab=\"2\" role=\"tabpanel\" aria-labelledby=\"elementor-tab-title-2002\" tabindex=\"0\" hidden=\"hidden\"><p>V058 &#8211; INST. SPIEG. c\/o CLI SMONT.VETTURE-MOTO<br \/>V153 &#8211; EXT WARRANTY FOR CAR TIRE CHANGERS<br \/>V145 &#8211; EXT GARANZIA SMONTAGOMME VETTURE<br \/>3SW141 &#8211; CONNECT.TC+12 4.0<br \/>SA045 &#8211; SISTEMA PRESS PRO.210x, 2115<br \/>SA294 &#8211; KIT Tubeless BLAST<br \/>SA088 &#8211; SISTEMA PRESS TECH RAE.2102-2115<br \/>SA058 &#8211; PEDANA A RULLI<br \/>SA325 &#8211; VANO PORTAUTENSILI RAE.21xx, RASE.21xx<br \/>SA327 &#8211; KIT ADATTATORI 2&#8243; (4pz)<br \/>V144.001 &#8211; SUPPLEMENTO VERNICIATURA TC<br \/>SRA960 &#8211; VASO GRASSO PER MONTAGGIO\/SMONTAGGIO<br \/>SA229.003 &#8211; PROTEZIONE BORDO CERCHIO (3pz)<br \/>SA059 &#8211; DISTANZIALE PER APPOGGIO STALLONATORE<br \/>SA231.002 &#8211; KIT ATTACCO RAPIDO UT.INTEGRALE (1 T.)<br \/>SA046 &#8211; SERIE ATTACCHI UNIV. 5&#8243;-25&#8243; MOTO (4pz)<br \/>SA049 &#8211; RULLO SCOOTER<br \/>SA069 &#8211; SERIE ATTACCHI RUOTE 6&#8243; (4pz)<br \/>V524 &#8211; GONFIATORE ELETTRONICO A PARETE (AUTO)<br \/>SA295 &#8211; BAZOOKA JET INFLATOR 6lt<br \/>SRA192.001 &#8211; UTENSILE CERCHI A RAZZE SPORGENTI<br \/>SA193.001 &#8211; UTENSILE IN PLASTICA ATTACCO RAPIDO<br \/>SRA194 &#8211; UTENSILE RUOTE SCOOTER 8&#8243;<br \/>SA233.006 &#8211; SET PROTEZIONE PER GRIFFE (20 pezzi)<\/p><\/div>\n\t\t\t\t\t\t\t\t\t<div class=\"elementor-tab-title elementor-tab-mobile-title\" aria-selected=\"false\" data-tab=\"3\" role=\"tab\" tabindex=\"-1\" aria-controls=\"elementor-tab-content-2003\" aria-expanded=\"false\">Kataloge<\/div>\n\t\t\t\t\t<div id=\"elementor-tab-content-2003\" class=\"elementor-tab-content elementor-clearfix\" data-tab=\"3\" role=\"tabpanel\" aria-labelledby=\"elementor-tab-title-2003\" tabindex=\"0\" hidden=\"hidden\"><p><a href=\"https:\/\/images.fasep.it\/RAE2102-cat-r8.2.pdf\" target=\"_blank\" rel=\"noopener\">English Catalogue<\/a><\/p><\/div>\n\t\t\t\t\t\t\t\t\t<div class=\"elementor-tab-title elementor-tab-mobile-title\" aria-selected=\"false\" data-tab=\"4\" role=\"tab\" tabindex=\"-1\" aria-controls=\"elementor-tab-content-2004\" aria-expanded=\"false\">Info<\/div>\n\t\t\t\t\t<div id=\"elementor-tab-content-2004\" class=\"elementor-tab-content elementor-clearfix\" data-tab=\"4\" role=\"tabpanel\" aria-labelledby=\"elementor-tab-title-2004\" tabindex=\"0\" hidden=\"hidden\"><div class=\"sku_wrapper\">SIGLAART: <span class=\"sku\"><strong>RAE.2102.22 (10-23&#8243;) CE 400\/50-60\/3<\/strong><\/span><\/div><div class=\"sku_wrapper\">CODART: <span class=\"sku\"><strong>S199.002<\/strong><\/span><\/div><div class=\"sku_wrapper\">TIPOART: <span class=\"sku\"><strong>RAE<\/strong><\/span><\/div><div class=\"sku_wrapper\">HW: <span class=\"sku\"><strong>1125<\/strong><\/span><\/div><div class=\"sku_wrapper\">SW: <span class=\"sku\"><strong>TCA<\/strong><\/span><\/div><div class=\"sku_wrapper\">POWER: <span class=\"sku\"><strong>380-415 VAC 50-60Hz 3Ph<\/strong><\/span><\/div><div class=\"sku_wrapper\"><b>WEIGHT<\/b>: <span class=\"sku\"><strong>Gross Weight 219.00 Kg \/ Net Weight 205.00 Kg<\/strong><\/span><\/div><div class=\"sku_wrapper\"><b>SHIPPING VOLUME<\/b>: <span class=\"sku\"><strong>99 cm \/ 115 cm \/ 85 cm<\/strong><\/span><\/div><\/div>\n\t\t\t\t\t\t\t\t\t<div class=\"elementor-tab-title elementor-tab-mobile-title\" aria-selected=\"false\" data-tab=\"5\" role=\"tab\" tabindex=\"-1\" aria-controls=\"elementor-tab-content-2005\" aria-expanded=\"false\">Andere Versionen<\/div>\n\t\t\t\t\t<div id=\"elementor-tab-content-2005\" class=\"elementor-tab-content elementor-clearfix\" data-tab=\"5\" role=\"tabpanel\" aria-labelledby=\"elementor-tab-title-2005\" tabindex=\"0\" hidden=\"hidden\"><ul><li><div><img decoding=\"async\" src=\"https:\/\/images.fasep.it\/rae.2102.moto.jpg\" \/><\/div>S199.018 &#8211; RAE.2102.MOTO CE 230\/50\/1<\/li><\/ul><\/div>\n\t\t\t\t\t\t\t<\/div>\n\t\t<\/div>\n\t\t\t\t\t\t<\/div>\n\t\t\t\t<\/div>\n\t\t\t\t\t<\/div>\n\t\t\t\t<\/div>\n\t\t\t\t<\/div>","protected":false},"excerpt":{"rendered":"<p>RAE.2102.22 Automatic, strong and reliable, up to 23\u201d. RAE.2102.22 is an automatic tire changer for wheels having rim size from 10&#8243; to 23&#8243; (opt. 24&#8243;). Robustness and reliability are the key words for this tire changer, which, thanks to accessories that allow it to work on low-profile wheels, is the tire changer that gives the&#8230;<\/p>","protected":false},"author":1,"featured_media":0,"parent":0,"menu_order":0,"comment_status":"closed","ping_status":"closed","template":"","meta":{"footnotes":""},"class_list":["post-989061","page","type-page","status-publish","hentry"],"yoast_head":"<!-- This site is optimized with the Yoast SEO plugin v27.4 - https:\/\/yoast.com\/product\/yoast-seo-wordpress\/ -->\n<title>RAE.2102.22 - MST-Tech<\/title>\n<meta name=\"robots\" content=\"noindex, follow\" \/>\n<meta property=\"og:locale\" content=\"de_DE\" \/>\n<meta property=\"og:type\" content=\"article\" \/>\n<meta property=\"og:title\" content=\"RAE.2102.22 - MST-Tech\" \/>\n<meta property=\"og:description\" content=\"RAE.2102.22 Automatic, strong and reliable, up to 23\u201d. RAE.2102.22 is an automatic tire changer for wheels having rim size from 10&#8243; to 23&#8243; (opt. 24&#8243;). Robustness and reliability are the key words for this tire changer, which, thanks to accessories that allow it to work on low-profile wheels, is the tire changer that gives the...\" \/>\n<meta property=\"og:url\" content=\"https:\/\/msttech.at\/de\/rae-2102-22\/\" \/>\n<meta property=\"og:site_name\" content=\"MST-Tech\" \/>\n<meta property=\"article:publisher\" content=\"https:\/\/www.facebook.com\/people\/MST-Tech\/61558570942178\/\" \/>\n<meta property=\"article:modified_time\" content=\"2024-12-25T12:56:59+00:00\" \/>\n<meta property=\"og:image\" content=\"https:\/\/msttech.at\/wp-content\/uploads\/2024\/12\/RAE2102-hr300-300x300.jpg\" \/>\n<meta name=\"twitter:card\" content=\"summary_large_image\" \/>\n<meta name=\"twitter:label1\" content=\"Gesch\u00e4tzte Lesezeit\" \/>\n\t<meta name=\"twitter:data1\" content=\"2 Minuten\" \/>\n<script type=\"application\/ld+json\" class=\"yoast-schema-graph\">{\"@context\":\"https:\\\/\\\/schema.org\",\"@graph\":[{\"@type\":\"WebPage\",\"@id\":\"https:\\\/\\\/msttech.at\\\/rae-2102-22\\\/\",\"url\":\"https:\\\/\\\/msttech.at\\\/rae-2102-22\\\/\",\"name\":\"RAE.2102.22 - MST-Tech\",\"isPartOf\":{\"@id\":\"https:\\\/\\\/msttech.at\\\/de\\\/#website\"},\"primaryImageOfPage\":{\"@id\":\"https:\\\/\\\/msttech.at\\\/rae-2102-22\\\/#primaryimage\"},\"image\":{\"@id\":\"https:\\\/\\\/msttech.at\\\/rae-2102-22\\\/#primaryimage\"},\"thumbnailUrl\":\"https:\\\/\\\/msttech.at\\\/wp-content\\\/uploads\\\/2024\\\/12\\\/RAE2102-hr300-300x300.jpg\",\"datePublished\":\"2024-12-18T18:24:55+00:00\",\"dateModified\":\"2024-12-25T12:56:59+00:00\",\"breadcrumb\":{\"@id\":\"https:\\\/\\\/msttech.at\\\/rae-2102-22\\\/#breadcrumb\"},\"inLanguage\":\"de-AT\",\"potentialAction\":[{\"@type\":\"ReadAction\",\"target\":[\"https:\\\/\\\/msttech.at\\\/rae-2102-22\\\/\"]}]},{\"@type\":\"ImageObject\",\"inLanguage\":\"de-AT\",\"@id\":\"https:\\\/\\\/msttech.at\\\/rae-2102-22\\\/#primaryimage\",\"url\":\"https:\\\/\\\/msttech.at\\\/wp-content\\\/uploads\\\/2024\\\/12\\\/RAE2102-hr300-300x300.jpg\",\"contentUrl\":\"https:\\\/\\\/msttech.at\\\/wp-content\\\/uploads\\\/2024\\\/12\\\/RAE2102-hr300-300x300.jpg\"},{\"@type\":\"BreadcrumbList\",\"@id\":\"https:\\\/\\\/msttech.at\\\/rae-2102-22\\\/#breadcrumb\",\"itemListElement\":[{\"@type\":\"ListItem\",\"position\":1,\"name\":\"Home\",\"item\":\"https:\\\/\\\/msttech.at\\\/\"},{\"@type\":\"ListItem\",\"position\":2,\"name\":\"RAE.2102.22\"}]},{\"@type\":\"WebSite\",\"@id\":\"https:\\\/\\\/msttech.at\\\/de\\\/#website\",\"url\":\"https:\\\/\\\/msttech.at\\\/de\\\/\",\"name\":\"MST-Tech\",\"description\":\"A Complete Solutions\",\"publisher\":{\"@id\":\"https:\\\/\\\/msttech.at\\\/de\\\/#organization\"},\"potentialAction\":[{\"@type\":\"SearchAction\",\"target\":{\"@type\":\"EntryPoint\",\"urlTemplate\":\"https:\\\/\\\/msttech.at\\\/de\\\/?s={search_term_string}\"},\"query-input\":{\"@type\":\"PropertyValueSpecification\",\"valueRequired\":true,\"valueName\":\"search_term_string\"}}],\"inLanguage\":\"de-AT\"},{\"@type\":\"Organization\",\"@id\":\"https:\\\/\\\/msttech.at\\\/de\\\/#organization\",\"name\":\"MST-Tech\",\"url\":\"https:\\\/\\\/msttech.at\\\/de\\\/\",\"logo\":{\"@type\":\"ImageObject\",\"inLanguage\":\"de-AT\",\"@id\":\"https:\\\/\\\/msttech.at\\\/de\\\/#\\\/schema\\\/logo\\\/image\\\/\",\"url\":\"https:\\\/\\\/msttech.at\\\/wp-content\\\/uploads\\\/2024\\\/02\\\/MSTlogo2.png\",\"contentUrl\":\"https:\\\/\\\/msttech.at\\\/wp-content\\\/uploads\\\/2024\\\/02\\\/MSTlogo2.png\",\"width\":422,\"height\":98,\"caption\":\"MST-Tech\"},\"image\":{\"@id\":\"https:\\\/\\\/msttech.at\\\/de\\\/#\\\/schema\\\/logo\\\/image\\\/\"},\"sameAs\":[\"https:\\\/\\\/www.facebook.com\\\/people\\\/MST-Tech\\\/61558570942178\\\/\"]}]}<\/script>\n<!-- \/ Yoast SEO plugin. -->","yoast_head_json":{"title":"RAE.2102.22 - MST-Tech","robots":{"index":"noindex","follow":"follow"},"og_locale":"de_DE","og_type":"article","og_title":"RAE.2102.22 - MST-Tech","og_description":"RAE.2102.22 Automatic, strong and reliable, up to 23\u201d. RAE.2102.22 is an automatic tire changer for wheels having rim size from 10&#8243; to 23&#8243; (opt. 24&#8243;). Robustness and reliability are the key words for this tire changer, which, thanks to accessories that allow it to work on low-profile wheels, is the tire changer that gives the...","og_url":"https:\/\/msttech.at\/de\/rae-2102-22\/","og_site_name":"MST-Tech","article_publisher":"https:\/\/www.facebook.com\/people\/MST-Tech\/61558570942178\/","article_modified_time":"2024-12-25T12:56:59+00:00","og_image":[{"url":"https:\/\/msttech.at\/wp-content\/uploads\/2024\/12\/RAE2102-hr300-300x300.jpg","type":"","width":"","height":""}],"twitter_card":"summary_large_image","twitter_misc":{"Gesch\u00e4tzte Lesezeit":"2 Minuten"},"schema":{"@context":"https:\/\/schema.org","@graph":[{"@type":"WebPage","@id":"https:\/\/msttech.at\/rae-2102-22\/","url":"https:\/\/msttech.at\/rae-2102-22\/","name":"RAE.2102.22 - MST-Tech","isPartOf":{"@id":"https:\/\/msttech.at\/de\/#website"},"primaryImageOfPage":{"@id":"https:\/\/msttech.at\/rae-2102-22\/#primaryimage"},"image":{"@id":"https:\/\/msttech.at\/rae-2102-22\/#primaryimage"},"thumbnailUrl":"https:\/\/msttech.at\/wp-content\/uploads\/2024\/12\/RAE2102-hr300-300x300.jpg","datePublished":"2024-12-18T18:24:55+00:00","dateModified":"2024-12-25T12:56:59+00:00","breadcrumb":{"@id":"https:\/\/msttech.at\/rae-2102-22\/#breadcrumb"},"inLanguage":"de-AT","potentialAction":[{"@type":"ReadAction","target":["https:\/\/msttech.at\/rae-2102-22\/"]}]},{"@type":"ImageObject","inLanguage":"de-AT","@id":"https:\/\/msttech.at\/rae-2102-22\/#primaryimage","url":"https:\/\/msttech.at\/wp-content\/uploads\/2024\/12\/RAE2102-hr300-300x300.jpg","contentUrl":"https:\/\/msttech.at\/wp-content\/uploads\/2024\/12\/RAE2102-hr300-300x300.jpg"},{"@type":"BreadcrumbList","@id":"https:\/\/msttech.at\/rae-2102-22\/#breadcrumb","itemListElement":[{"@type":"ListItem","position":1,"name":"Home","item":"https:\/\/msttech.at\/"},{"@type":"ListItem","position":2,"name":"RAE.2102.22"}]},{"@type":"WebSite","@id":"https:\/\/msttech.at\/de\/#website","url":"https:\/\/msttech.at\/de\/","name":"MST-Tech","description":"A Complete Solutions","publisher":{"@id":"https:\/\/msttech.at\/de\/#organization"},"potentialAction":[{"@type":"SearchAction","target":{"@type":"EntryPoint","urlTemplate":"https:\/\/msttech.at\/de\/?s={search_term_string}"},"query-input":{"@type":"PropertyValueSpecification","valueRequired":true,"valueName":"search_term_string"}}],"inLanguage":"de-AT"},{"@type":"Organization","@id":"https:\/\/msttech.at\/de\/#organization","name":"MST-Tech","url":"https:\/\/msttech.at\/de\/","logo":{"@type":"ImageObject","inLanguage":"de-AT","@id":"https:\/\/msttech.at\/de\/#\/schema\/logo\/image\/","url":"https:\/\/msttech.at\/wp-content\/uploads\/2024\/02\/MSTlogo2.png","contentUrl":"https:\/\/msttech.at\/wp-content\/uploads\/2024\/02\/MSTlogo2.png","width":422,"height":98,"caption":"MST-Tech"},"image":{"@id":"https:\/\/msttech.at\/de\/#\/schema\/logo\/image\/"},"sameAs":["https:\/\/www.facebook.com\/people\/MST-Tech\/61558570942178\/"]}]}},"_links":{"self":[{"href":"https:\/\/msttech.at\/de\/wp-json\/wp\/v2\/pages\/989061","targetHints":{"allow":["GET"]}}],"collection":[{"href":"https:\/\/msttech.at\/de\/wp-json\/wp\/v2\/pages"}],"about":[{"href":"https:\/\/msttech.at\/de\/wp-json\/wp\/v2\/types\/page"}],"author":[{"embeddable":true,"href":"https:\/\/msttech.at\/de\/wp-json\/wp\/v2\/users\/1"}],"replies":[{"embeddable":true,"href":"https:\/\/msttech.at\/de\/wp-json\/wp\/v2\/comments?post=989061"}],"version-history":[{"count":4,"href":"https:\/\/msttech.at\/de\/wp-json\/wp\/v2\/pages\/989061\/revisions"}],"predecessor-version":[{"id":989452,"href":"https:\/\/msttech.at\/de\/wp-json\/wp\/v2\/pages\/989061\/revisions\/989452"}],"wp:attachment":[{"href":"https:\/\/msttech.at\/de\/wp-json\/wp\/v2\/media?parent=989061"}],"curies":[{"name":"wp","href":"https:\/\/api.w.org\/{rel}","templated":true}]}}