{"id":988834,"date":"2024-12-18T17:25:37","date_gmt":"2024-12-18T17:25:37","guid":{"rendered":"https:\/\/msttech.at\/?page_id=988834"},"modified":"2024-12-18T17:34:49","modified_gmt":"2024-12-18T17:34:49","slug":"uf50-vx","status":"publish","type":"page","link":"https:\/\/msttech.at\/de\/uf50-vx\/","title":{"rendered":"UF50.VX"},"content":{"rendered":"<div data-elementor-type=\"wp-page\" data-elementor-id=\"988834\" class=\"elementor elementor-988834\" data-elementor-post-type=\"page\">\n\t\t\t\t\t\t<section class=\"elementor-section elementor-top-section elementor-element elementor-element-1ad926b elementor-section-boxed elementor-section-height-default elementor-section-height-default\" data-id=\"1ad926b\" data-element_type=\"section\" data-e-type=\"section\">\n\t\t\t\t\t\t<div class=\"elementor-container elementor-column-gap-no\">\n\t\t\t\t\t<div class=\"elementor-column elementor-col-100 elementor-top-column elementor-element elementor-element-34590f3\" data-id=\"34590f3\" data-element_type=\"column\" data-e-type=\"column\">\n\t\t\t<div class=\"elementor-widget-wrap elementor-element-populated\">\n\t\t\t\t\t\t<div class=\"elementor-element elementor-element-0855f64 elementor-widget elementor-widget-spacer\" data-id=\"0855f64\" data-element_type=\"widget\" data-e-type=\"widget\" data-widget_type=\"spacer.default\">\n\t\t\t\t<div class=\"elementor-widget-container\">\n\t\t\t\t\t\t\t<div class=\"elementor-spacer\">\n\t\t\t<div class=\"elementor-spacer-inner\"><\/div>\n\t\t<\/div>\n\t\t\t\t\t\t<\/div>\n\t\t\t\t<\/div>\n\t\t\t\t\t<\/div>\n\t\t<\/div>\n\t\t\t\t\t<\/div>\n\t\t<\/section>\n\t\t<div class=\"elementor-element elementor-element-a187793 e-flex e-con-boxed e-con e-parent\" data-id=\"a187793\" data-element_type=\"container\" data-e-type=\"container\">\n\t\t\t\t\t<div class=\"e-con-inner\">\n\t\t\t\t<div class=\"elementor-element elementor-element-dda62df elementor-widget elementor-widget-heading\" data-id=\"dda62df\" data-element_type=\"widget\" data-e-type=\"widget\" data-widget_type=\"heading.default\">\n\t\t\t\t<div class=\"elementor-widget-container\">\n\t\t\t\t\t<h2 class=\"elementor-heading-title elementor-size-default\">UF50.VX\n<\/h2>\t\t\t\t<\/div>\n\t\t\t\t<\/div>\n\t\t\t\t\t<\/div>\n\t\t\t\t<\/div>\n\t\t<div class=\"elementor-element elementor-element-b6882bc e-flex e-con-boxed e-con e-parent\" data-id=\"b6882bc\" data-element_type=\"container\" data-e-type=\"container\">\n\t\t\t\t\t<div class=\"e-con-inner\">\n\t\t\t\t\t<\/div>\n\t\t\t\t<\/div>\n\t\t<div class=\"elementor-element elementor-element-23291b4 e-flex e-con-boxed e-con e-parent\" data-id=\"23291b4\" data-element_type=\"container\" data-e-type=\"container\">\n\t\t\t\t\t<div class=\"e-con-inner\">\n\t\t<div class=\"elementor-element elementor-element-e0a83a2 e-con-full e-flex e-con e-child\" data-id=\"e0a83a2\" data-element_type=\"container\" data-e-type=\"container\">\n\t\t\t\t<div class=\"elementor-element elementor-element-558cc8c elementor-widget elementor-widget-text-editor\" data-id=\"558cc8c\" data-element_type=\"widget\" data-e-type=\"widget\" data-widget_type=\"text-editor.default\">\n\t\t\t\t<div class=\"elementor-widget-container\">\n\t\t\t\t\t\t\t\t\t<p>Scherenhebeb\u00fchne zur Achsvermessung. Bereit zur Achsvermessung (komplett mit Drehtischaussparung, hinteren Gleittischen). Oberfl\u00e4chenmontage. Einwegzugang. Fallschirmventil an jedem Zylinder. Hebetische. Hubkapazit\u00e4t 5,0 Tonnen (11023 lbs). Plattforml\u00e4nge 5260 mm. Gesamtl\u00e4nge 6600 mm. Hubzeit 30 s (einstellbar).<\/p>\t\t\t\t\t\t\t\t<\/div>\n\t\t\t\t<\/div>\n\t\t\t\t<\/div>\n\t\t<div class=\"elementor-element elementor-element-3a1a4df e-con-full e-flex e-con e-child\" data-id=\"3a1a4df\" data-element_type=\"container\" data-e-type=\"container\">\n\t\t\t\t<div class=\"elementor-element elementor-element-24c10b8 elementor-arrows-position-inside elementor-pagination-position-outside elementor-widget elementor-widget-image-carousel\" data-id=\"24c10b8\" data-element_type=\"widget\" data-e-type=\"widget\" data-settings=\"{&quot;slides_to_show&quot;:&quot;1&quot;,&quot;navigation&quot;:&quot;both&quot;,&quot;autoplay&quot;:&quot;yes&quot;,&quot;pause_on_hover&quot;:&quot;yes&quot;,&quot;pause_on_interaction&quot;:&quot;yes&quot;,&quot;autoplay_speed&quot;:5000,&quot;infinite&quot;:&quot;yes&quot;,&quot;effect&quot;:&quot;slide&quot;,&quot;speed&quot;:500}\" data-widget_type=\"image-carousel.default\">\n\t\t\t\t<div class=\"elementor-widget-container\">\n\t\t\t\t\t\t\t<div class=\"elementor-image-carousel-wrapper swiper\" role=\"region\" aria-roledescription=\"carousel\" aria-label=\"Image Carousel\" dir=\"ltr\">\n\t\t\t<div class=\"elementor-image-carousel swiper-wrapper\" aria-live=\"off\">\n\t\t\t\t\t\t\t\t<div class=\"swiper-slide\" role=\"group\" aria-roledescription=\"slide\" aria-label=\"1 of 1\" data-no-translation-aria-label=\"\"><a data-elementor-open-lightbox=\"yes\" data-elementor-lightbox-slideshow=\"24c10b8\" data-elementor-lightbox-title=\"UF50VX\" data-e-action-hash=\"#elementor-action%3Aaction%3Dlightbox%26settings%3DeyJpZCI6OTg4ODYyLCJ1cmwiOiJodHRwczpcL1wvbXN0dGVjaC5hdFwvd3AtY29udGVudFwvdXBsb2Fkc1wvMjAyNFwvMTJcL1VGNTBWWC5qcGciLCJzbGlkZXNob3ciOiIyNGMxMGI4In0%3D\" href=\"https:\/\/msttech.at\/wp-content\/uploads\/2024\/12\/UF50VX.jpg\"><figure class=\"swiper-slide-inner\"><img decoding=\"async\" class=\"swiper-slide-image\" src=\"https:\/\/msttech.at\/wp-content\/uploads\/2024\/12\/UF50VX-300x254.jpg\" alt=\"UF50VX\" \/><\/figure><\/a><\/div>\t\t\t<\/div>\n\t\t\t\t\t<\/div>\n\t\t\t\t\t\t<\/div>\n\t\t\t\t<\/div>\n\t\t\t\t<\/div>\n\t\t\t\t\t<\/div>\n\t\t\t\t<\/div>\n\t\t<div class=\"elementor-element elementor-element-5987b35 e-flex e-con-boxed e-con e-parent\" data-id=\"5987b35\" data-element_type=\"container\" data-e-type=\"container\">\n\t\t\t\t\t<div class=\"e-con-inner\">\n\t\t\t\t<div class=\"elementor-element elementor-element-bf59f4b elementor-tabs-view-horizontal elementor-widget elementor-widget-tabs\" data-id=\"bf59f4b\" data-element_type=\"widget\" data-e-type=\"widget\" data-widget_type=\"tabs.default\">\n\t\t\t\t<div class=\"elementor-widget-container\">\n\t\t\t\t\t\t\t<div class=\"elementor-tabs\">\n\t\t\t<div class=\"elementor-tabs-wrapper\" role=\"tablist\" >\n\t\t\t\t\t\t\t\t\t<div id=\"elementor-tab-title-2001\" class=\"elementor-tab-title elementor-tab-desktop-title\" aria-selected=\"true\" data-tab=\"1\" role=\"tab\" tabindex=\"0\" aria-controls=\"elementor-tab-content-2001\" aria-expanded=\"false\">Technische Eigenschaften<\/div>\n\t\t\t\t\t\t\t\t\t<div id=\"elementor-tab-title-2002\" class=\"elementor-tab-title elementor-tab-desktop-title\" aria-selected=\"false\" data-tab=\"2\" role=\"tab\" tabindex=\"-1\" aria-controls=\"elementor-tab-content-2002\" aria-expanded=\"false\">Optionales Zubeh\u00f6r<\/div>\n\t\t\t\t\t\t\t\t\t<div id=\"elementor-tab-title-2003\" class=\"elementor-tab-title elementor-tab-desktop-title\" aria-selected=\"false\" data-tab=\"3\" role=\"tab\" tabindex=\"-1\" aria-controls=\"elementor-tab-content-2003\" aria-expanded=\"false\">Kataloge<\/div>\n\t\t\t\t\t\t\t\t\t<div id=\"elementor-tab-title-2004\" class=\"elementor-tab-title elementor-tab-desktop-title\" aria-selected=\"false\" data-tab=\"4\" role=\"tab\" tabindex=\"-1\" aria-controls=\"elementor-tab-content-2004\" aria-expanded=\"false\">Info<\/div>\n\t\t\t\t\t\t\t<\/div>\n\t\t\t<div class=\"elementor-tabs-content-wrapper\" role=\"tablist\" aria-orientation=\"vertical\">\n\t\t\t\t\t\t\t\t\t<div class=\"elementor-tab-title elementor-tab-mobile-title\" aria-selected=\"true\" data-tab=\"1\" role=\"tab\" tabindex=\"0\" aria-controls=\"elementor-tab-content-2001\" aria-expanded=\"false\">Technische Eigenschaften<\/div>\n\t\t\t\t\t<div id=\"elementor-tab-content-2001\" class=\"elementor-tab-content elementor-clearfix\" data-tab=\"1\" role=\"tabpanel\" aria-labelledby=\"elementor-tab-title-2001\" tabindex=\"0\" hidden=\"false\"><p>&#8211;\u00a0<i>Scissor lift for wheel alignment<\/i><\/p><p>&#8211;\u00a0<i>Ready for Wheel Alignment (c\/w turntable recess, rear slipping tables)<\/i><\/p><p>&#8211;\u00a0<i>Surface mount<\/i><\/p><p>&#8211;\u00a0<i>One way access<\/i><\/p><p>&#8211;\u00a0<i>Parachute valve on every cylinder<\/i><\/p><p>&#8211;\u00a0<i>Lift Tables<\/i><\/p><p>&#8211;\u00a0<i>Lifting capacity 5.0 tons (11023 lbs)<\/i><\/p><p>&#8211;\u00a0<i>Platform length 5260 mm<\/i><\/p><p>&#8211;\u00a0<i>Total length 6600 mm<\/i><\/p><p>&#8211;\u00a0<i>Lifting Time 30 s (adjustable)<\/i><\/p><p>&#8211;\u00a0<i><b>Compatibile Industria 4.0<\/b><\/i><\/p><p>&#8211;\u00a0<i>Ex Works Venice<\/i><\/p><\/div>\n\t\t\t\t\t\t\t\t\t<div class=\"elementor-tab-title elementor-tab-mobile-title\" aria-selected=\"false\" data-tab=\"2\" role=\"tab\" tabindex=\"-1\" aria-controls=\"elementor-tab-content-2002\" aria-expanded=\"false\">Optionales Zubeh\u00f6r<\/div>\n\t\t\t\t\t<div id=\"elementor-tab-content-2002\" class=\"elementor-tab-content elementor-clearfix\" data-tab=\"2\" role=\"tabpanel\" aria-labelledby=\"elementor-tab-title-2002\" tabindex=\"0\" hidden=\"hidden\"><p>3SW138 &#8211; CONNECT.LIF+12 4.0<\/p><div>\u00a0<\/div><p>V059.011 &#8211; INST. SPIEG. c\/o CLI P-UF PAV Calabria<\/p><div>\u00a0<\/div><p>V059.010 &#8211; INST. SPIEG. c\/o CLI P-UF PAV Liguria<\/p><div>\u00a0<\/div><p>V059.009 &#8211; INST. SPIEG. c\/o CLI P-UF PAV Lombardia<\/p><div>\u00a0<\/div><p>V059.008 &#8211; INST. SPIEG. c\/o CLI P-UF PAV Abruzzo<\/p><div>\u00a0<\/div><p>V059.007 &#8211; INST. SPIEG. c\/o CLI P-UF PAV Emilia<\/p><div>\u00a0<\/div><p>V059.006 &#8211; INST. SPIEG. c\/o CLI P-UF PAV Puglia<\/p><div>\u00a0<\/div><p>V059.005 &#8211; INST. SPIEG. c\/o CLI P-UF PAV Campania<\/p><div>\u00a0<\/div><p>V059.004 &#8211; INST. SPIEG. c\/o CLI P-UF PAV Toscana<\/p><div>\u00a0<\/div><p>V059.003 &#8211; INST. SPIEG. c\/o CLI P-UF PAV Lazio<\/p><div>\u00a0<\/div><p>V059.002 &#8211; INST. SPIEG. c\/o CLI P-UF PAV Veneto<\/p><div>\u00a0<\/div><p>PA023 &#8211; SISTEMA DI ILLUMINAZIONE 24V-4 LED UFxx<\/p><div>\u00a0<\/div><p>PA042 &#8211; PEDANA L=5600cm UF50<\/p><div>\u00a0<\/div><p>PA024 &#8211; PIATTI ANTERIORI A BLOCCAGGIO PNEUMATICO<\/p><div>\u00a0<\/div><p>V368 &#8211; INST. SPIEG. c\/o CLI PONTE<\/p><\/div>\n\t\t\t\t\t\t\t\t\t<div class=\"elementor-tab-title elementor-tab-mobile-title\" aria-selected=\"false\" data-tab=\"3\" role=\"tab\" tabindex=\"-1\" aria-controls=\"elementor-tab-content-2003\" aria-expanded=\"false\">Kataloge<\/div>\n\t\t\t\t\t<div id=\"elementor-tab-content-2003\" class=\"elementor-tab-content elementor-clearfix\" data-tab=\"3\" role=\"tabpanel\" aria-labelledby=\"elementor-tab-title-2003\" tabindex=\"0\" hidden=\"hidden\"><div class=\"sku_wrapper\"><ul><li><a href=\"https:\/\/images.fasep.it\/FOX_50_VX_v4.indd.pdf\" target=\"_blank\" rel=\"noopener\">English Catalogue<\/a><\/li><\/ul><\/div><\/div>\n\t\t\t\t\t\t\t\t\t<div class=\"elementor-tab-title elementor-tab-mobile-title\" aria-selected=\"false\" data-tab=\"4\" role=\"tab\" tabindex=\"-1\" aria-controls=\"elementor-tab-content-2004\" aria-expanded=\"false\">Info<\/div>\n\t\t\t\t\t<div id=\"elementor-tab-content-2004\" class=\"elementor-tab-content elementor-clearfix\" data-tab=\"4\" role=\"tabpanel\" aria-labelledby=\"elementor-tab-title-2004\" tabindex=\"0\" hidden=\"hidden\"><div class=\"sku_wrapper\"><div class=\"sku_wrapper\">SIGLAART:\u00a0<span class=\"sku\"><strong>UF50.VX-CT-LT 1S PAV<\/strong><\/span><\/div><div class=\"sku_wrapper\">CODART:\u00a0<span class=\"sku\"><strong>P270.002<\/strong><\/span><\/div><div class=\"sku_wrapper\">TIPOART:\u00a0<span class=\"sku\"><strong>PO<\/strong><\/span><\/div><div class=\"sku_wrapper\">HW:\u00a0<span class=\"sku\"><strong>10<\/strong><\/span><\/div><div class=\"sku_wrapper\">SW:\u00a0<span class=\"sku\"><strong>PO<\/strong><\/span><\/div><div class=\"sku_wrapper\">POWER:\u00a0<span class=\"sku\"><strong>380-415 VAC 50Hz 3Ph<\/strong><\/span><\/div><div class=\"sku_wrapper\"><b>WEIGHT<\/b>:\u00a0<span class=\"sku\"><strong>Gross Weight 2550.00 Kg \/ Net Weight Kg<\/strong><\/span><\/div><div class=\"sku_wrapper\"><b>SHIPPING VOLUME<\/b>:\u00a0<span class=\"sku\"><strong>cm \/ cm \/ cm<\/strong><\/span><\/div><\/div><\/div>\n\t\t\t\t\t\t\t<\/div>\n\t\t<\/div>\n\t\t\t\t\t\t<\/div>\n\t\t\t\t<\/div>\n\t\t\t\t\t<\/div>\n\t\t\t\t<\/div>\n\t\t\t\t<\/div>","protected":false},"excerpt":{"rendered":"<p>UF50.VX Scissor lift for wheel alignment. Ready for Wheel Alignment (c\/w turntable recess, rear slipping tables). Surface mount. One way access. Parachute valve on every cylinder. Lift Tables. Lifting capacity 5.0 tons (11023 lbs). Platform length 5260 mm. Total length 6600 mm. Lifting Time 30 s (adjustable). Technical Features Optional accessories Catalogs Info Technical Features&#8230;<\/p>","protected":false},"author":1,"featured_media":0,"parent":0,"menu_order":0,"comment_status":"closed","ping_status":"closed","template":"","meta":{"footnotes":""},"class_list":["post-988834","page","type-page","status-publish","hentry"],"yoast_head":"<!-- This site is optimized with the Yoast SEO plugin v27.4 - https:\/\/yoast.com\/product\/yoast-seo-wordpress\/ -->\n<title>UF50.VX - MST-Tech<\/title>\n<meta name=\"robots\" content=\"noindex, follow\" \/>\n<meta property=\"og:locale\" content=\"de_DE\" \/>\n<meta property=\"og:type\" content=\"article\" \/>\n<meta property=\"og:title\" content=\"UF50.VX - MST-Tech\" \/>\n<meta property=\"og:description\" content=\"UF50.VX Scissor lift for wheel alignment. Ready for Wheel Alignment (c\/w turntable recess, rear slipping tables). Surface mount. One way access. Parachute valve on every cylinder. Lift Tables. Lifting capacity 5.0 tons (11023 lbs). Platform length 5260 mm. Total length 6600 mm. Lifting Time 30 s (adjustable). Technical Features Optional accessories Catalogs Info Technical Features...\" \/>\n<meta property=\"og:url\" content=\"https:\/\/msttech.at\/de\/uf50-vx\/\" \/>\n<meta property=\"og:site_name\" content=\"MST-Tech\" \/>\n<meta property=\"article:publisher\" content=\"https:\/\/www.facebook.com\/people\/MST-Tech\/61558570942178\/\" \/>\n<meta property=\"article:modified_time\" content=\"2024-12-18T17:34:49+00:00\" \/>\n<meta property=\"og:image\" content=\"https:\/\/msttech.at\/wp-content\/uploads\/2024\/12\/UF50VX-300x254.jpg\" \/>\n<meta name=\"twitter:card\" content=\"summary_large_image\" \/>\n<meta name=\"twitter:label1\" content=\"Gesch\u00e4tzte Lesezeit\" \/>\n\t<meta name=\"twitter:data1\" content=\"1 Minute\" \/>\n<script type=\"application\/ld+json\" class=\"yoast-schema-graph\">{\"@context\":\"https:\\\/\\\/schema.org\",\"@graph\":[{\"@type\":\"WebPage\",\"@id\":\"https:\\\/\\\/msttech.at\\\/uf50-vx\\\/\",\"url\":\"https:\\\/\\\/msttech.at\\\/uf50-vx\\\/\",\"name\":\"UF50.VX - MST-Tech\",\"isPartOf\":{\"@id\":\"https:\\\/\\\/msttech.at\\\/de\\\/#website\"},\"primaryImageOfPage\":{\"@id\":\"https:\\\/\\\/msttech.at\\\/uf50-vx\\\/#primaryimage\"},\"image\":{\"@id\":\"https:\\\/\\\/msttech.at\\\/uf50-vx\\\/#primaryimage\"},\"thumbnailUrl\":\"https:\\\/\\\/msttech.at\\\/wp-content\\\/uploads\\\/2024\\\/12\\\/UF50VX-300x254.jpg\",\"datePublished\":\"2024-12-18T17:25:37+00:00\",\"dateModified\":\"2024-12-18T17:34:49+00:00\",\"breadcrumb\":{\"@id\":\"https:\\\/\\\/msttech.at\\\/uf50-vx\\\/#breadcrumb\"},\"inLanguage\":\"de-AT\",\"potentialAction\":[{\"@type\":\"ReadAction\",\"target\":[\"https:\\\/\\\/msttech.at\\\/uf50-vx\\\/\"]}]},{\"@type\":\"ImageObject\",\"inLanguage\":\"de-AT\",\"@id\":\"https:\\\/\\\/msttech.at\\\/uf50-vx\\\/#primaryimage\",\"url\":\"https:\\\/\\\/msttech.at\\\/wp-content\\\/uploads\\\/2024\\\/12\\\/UF50VX-300x254.jpg\",\"contentUrl\":\"https:\\\/\\\/msttech.at\\\/wp-content\\\/uploads\\\/2024\\\/12\\\/UF50VX-300x254.jpg\"},{\"@type\":\"BreadcrumbList\",\"@id\":\"https:\\\/\\\/msttech.at\\\/uf50-vx\\\/#breadcrumb\",\"itemListElement\":[{\"@type\":\"ListItem\",\"position\":1,\"name\":\"Home\",\"item\":\"https:\\\/\\\/msttech.at\\\/\"},{\"@type\":\"ListItem\",\"position\":2,\"name\":\"UF50.VX\"}]},{\"@type\":\"WebSite\",\"@id\":\"https:\\\/\\\/msttech.at\\\/de\\\/#website\",\"url\":\"https:\\\/\\\/msttech.at\\\/de\\\/\",\"name\":\"MST-Tech\",\"description\":\"A Complete Solutions\",\"publisher\":{\"@id\":\"https:\\\/\\\/msttech.at\\\/de\\\/#organization\"},\"potentialAction\":[{\"@type\":\"SearchAction\",\"target\":{\"@type\":\"EntryPoint\",\"urlTemplate\":\"https:\\\/\\\/msttech.at\\\/de\\\/?s={search_term_string}\"},\"query-input\":{\"@type\":\"PropertyValueSpecification\",\"valueRequired\":true,\"valueName\":\"search_term_string\"}}],\"inLanguage\":\"de-AT\"},{\"@type\":\"Organization\",\"@id\":\"https:\\\/\\\/msttech.at\\\/de\\\/#organization\",\"name\":\"MST-Tech\",\"url\":\"https:\\\/\\\/msttech.at\\\/de\\\/\",\"logo\":{\"@type\":\"ImageObject\",\"inLanguage\":\"de-AT\",\"@id\":\"https:\\\/\\\/msttech.at\\\/de\\\/#\\\/schema\\\/logo\\\/image\\\/\",\"url\":\"https:\\\/\\\/msttech.at\\\/wp-content\\\/uploads\\\/2024\\\/02\\\/MSTlogo2.png\",\"contentUrl\":\"https:\\\/\\\/msttech.at\\\/wp-content\\\/uploads\\\/2024\\\/02\\\/MSTlogo2.png\",\"width\":422,\"height\":98,\"caption\":\"MST-Tech\"},\"image\":{\"@id\":\"https:\\\/\\\/msttech.at\\\/de\\\/#\\\/schema\\\/logo\\\/image\\\/\"},\"sameAs\":[\"https:\\\/\\\/www.facebook.com\\\/people\\\/MST-Tech\\\/61558570942178\\\/\"]}]}<\/script>\n<!-- \/ Yoast SEO plugin. -->","yoast_head_json":{"title":"UF50.VX - MST-Tech","robots":{"index":"noindex","follow":"follow"},"og_locale":"de_DE","og_type":"article","og_title":"UF50.VX - MST-Tech","og_description":"UF50.VX Scissor lift for wheel alignment. Ready for Wheel Alignment (c\/w turntable recess, rear slipping tables). Surface mount. One way access. Parachute valve on every cylinder. Lift Tables. Lifting capacity 5.0 tons (11023 lbs). Platform length 5260 mm. Total length 6600 mm. Lifting Time 30 s (adjustable). Technical Features Optional accessories Catalogs Info Technical Features...","og_url":"https:\/\/msttech.at\/de\/uf50-vx\/","og_site_name":"MST-Tech","article_publisher":"https:\/\/www.facebook.com\/people\/MST-Tech\/61558570942178\/","article_modified_time":"2024-12-18T17:34:49+00:00","og_image":[{"url":"https:\/\/msttech.at\/wp-content\/uploads\/2024\/12\/UF50VX-300x254.jpg","type":"","width":"","height":""}],"twitter_card":"summary_large_image","twitter_misc":{"Gesch\u00e4tzte Lesezeit":"1 Minute"},"schema":{"@context":"https:\/\/schema.org","@graph":[{"@type":"WebPage","@id":"https:\/\/msttech.at\/uf50-vx\/","url":"https:\/\/msttech.at\/uf50-vx\/","name":"UF50.VX - MST-Tech","isPartOf":{"@id":"https:\/\/msttech.at\/de\/#website"},"primaryImageOfPage":{"@id":"https:\/\/msttech.at\/uf50-vx\/#primaryimage"},"image":{"@id":"https:\/\/msttech.at\/uf50-vx\/#primaryimage"},"thumbnailUrl":"https:\/\/msttech.at\/wp-content\/uploads\/2024\/12\/UF50VX-300x254.jpg","datePublished":"2024-12-18T17:25:37+00:00","dateModified":"2024-12-18T17:34:49+00:00","breadcrumb":{"@id":"https:\/\/msttech.at\/uf50-vx\/#breadcrumb"},"inLanguage":"de-AT","potentialAction":[{"@type":"ReadAction","target":["https:\/\/msttech.at\/uf50-vx\/"]}]},{"@type":"ImageObject","inLanguage":"de-AT","@id":"https:\/\/msttech.at\/uf50-vx\/#primaryimage","url":"https:\/\/msttech.at\/wp-content\/uploads\/2024\/12\/UF50VX-300x254.jpg","contentUrl":"https:\/\/msttech.at\/wp-content\/uploads\/2024\/12\/UF50VX-300x254.jpg"},{"@type":"BreadcrumbList","@id":"https:\/\/msttech.at\/uf50-vx\/#breadcrumb","itemListElement":[{"@type":"ListItem","position":1,"name":"Home","item":"https:\/\/msttech.at\/"},{"@type":"ListItem","position":2,"name":"UF50.VX"}]},{"@type":"WebSite","@id":"https:\/\/msttech.at\/de\/#website","url":"https:\/\/msttech.at\/de\/","name":"MST-Tech","description":"A Complete Solutions","publisher":{"@id":"https:\/\/msttech.at\/de\/#organization"},"potentialAction":[{"@type":"SearchAction","target":{"@type":"EntryPoint","urlTemplate":"https:\/\/msttech.at\/de\/?s={search_term_string}"},"query-input":{"@type":"PropertyValueSpecification","valueRequired":true,"valueName":"search_term_string"}}],"inLanguage":"de-AT"},{"@type":"Organization","@id":"https:\/\/msttech.at\/de\/#organization","name":"MST-Tech","url":"https:\/\/msttech.at\/de\/","logo":{"@type":"ImageObject","inLanguage":"de-AT","@id":"https:\/\/msttech.at\/de\/#\/schema\/logo\/image\/","url":"https:\/\/msttech.at\/wp-content\/uploads\/2024\/02\/MSTlogo2.png","contentUrl":"https:\/\/msttech.at\/wp-content\/uploads\/2024\/02\/MSTlogo2.png","width":422,"height":98,"caption":"MST-Tech"},"image":{"@id":"https:\/\/msttech.at\/de\/#\/schema\/logo\/image\/"},"sameAs":["https:\/\/www.facebook.com\/people\/MST-Tech\/61558570942178\/"]}]}},"_links":{"self":[{"href":"https:\/\/msttech.at\/de\/wp-json\/wp\/v2\/pages\/988834","targetHints":{"allow":["GET"]}}],"collection":[{"href":"https:\/\/msttech.at\/de\/wp-json\/wp\/v2\/pages"}],"about":[{"href":"https:\/\/msttech.at\/de\/wp-json\/wp\/v2\/types\/page"}],"author":[{"embeddable":true,"href":"https:\/\/msttech.at\/de\/wp-json\/wp\/v2\/users\/1"}],"replies":[{"embeddable":true,"href":"https:\/\/msttech.at\/de\/wp-json\/wp\/v2\/comments?post=988834"}],"version-history":[{"count":4,"href":"https:\/\/msttech.at\/de\/wp-json\/wp\/v2\/pages\/988834\/revisions"}],"predecessor-version":[{"id":988865,"href":"https:\/\/msttech.at\/de\/wp-json\/wp\/v2\/pages\/988834\/revisions\/988865"}],"wp:attachment":[{"href":"https:\/\/msttech.at\/de\/wp-json\/wp\/v2\/media?parent=988834"}],"curies":[{"name":"wp","href":"https:\/\/api.w.org\/{rel}","templated":true}]}}