{"id":988749,"date":"2024-12-18T16:49:43","date_gmt":"2024-12-18T16:49:43","guid":{"rendered":"https:\/\/msttech.at\/?page_id=988749"},"modified":"2024-12-18T17:05:00","modified_gmt":"2024-12-18T17:05:00","slug":"ac3410","status":"publish","type":"page","link":"https:\/\/msttech.at\/de\/ac3410\/","title":{"rendered":"AC3410"},"content":{"rendered":"<div data-elementor-type=\"wp-page\" data-elementor-id=\"988749\" class=\"elementor elementor-988749\" data-elementor-post-type=\"page\">\n\t\t\t\t\t\t<section class=\"elementor-section elementor-top-section elementor-element elementor-element-1ad926b elementor-section-boxed elementor-section-height-default elementor-section-height-default\" data-id=\"1ad926b\" data-element_type=\"section\" data-e-type=\"section\">\n\t\t\t\t\t\t<div class=\"elementor-container elementor-column-gap-no\">\n\t\t\t\t\t<div class=\"elementor-column elementor-col-100 elementor-top-column elementor-element elementor-element-34590f3\" data-id=\"34590f3\" data-element_type=\"column\" data-e-type=\"column\">\n\t\t\t<div class=\"elementor-widget-wrap elementor-element-populated\">\n\t\t\t\t\t\t<div class=\"elementor-element elementor-element-0855f64 elementor-widget elementor-widget-spacer\" data-id=\"0855f64\" data-element_type=\"widget\" data-e-type=\"widget\" data-widget_type=\"spacer.default\">\n\t\t\t\t<div class=\"elementor-widget-container\">\n\t\t\t\t\t\t\t<div class=\"elementor-spacer\">\n\t\t\t<div class=\"elementor-spacer-inner\"><\/div>\n\t\t<\/div>\n\t\t\t\t\t\t<\/div>\n\t\t\t\t<\/div>\n\t\t\t\t\t<\/div>\n\t\t<\/div>\n\t\t\t\t\t<\/div>\n\t\t<\/section>\n\t\t<div class=\"elementor-element elementor-element-a187793 e-flex e-con-boxed e-con e-parent\" data-id=\"a187793\" data-element_type=\"container\" data-e-type=\"container\">\n\t\t\t\t\t<div class=\"e-con-inner\">\n\t\t\t\t<div class=\"elementor-element elementor-element-dda62df elementor-widget elementor-widget-heading\" data-id=\"dda62df\" data-element_type=\"widget\" data-e-type=\"widget\" data-widget_type=\"heading.default\">\n\t\t\t\t<div class=\"elementor-widget-container\">\n\t\t\t\t\t<h2 class=\"elementor-heading-title elementor-size-default\">AC3410<\/h2>\t\t\t\t<\/div>\n\t\t\t\t<\/div>\n\t\t\t\t\t<\/div>\n\t\t\t\t<\/div>\n\t\t<div class=\"elementor-element elementor-element-b6882bc e-flex e-con-boxed e-con e-parent\" data-id=\"b6882bc\" data-element_type=\"container\" data-e-type=\"container\">\n\t\t\t\t\t<div class=\"e-con-inner\">\n\t\t\t\t<div class=\"elementor-element elementor-element-3e6c7a5 elementor-widget elementor-widget-text-editor\" data-id=\"3e6c7a5\" data-element_type=\"widget\" data-e-type=\"widget\" data-widget_type=\"text-editor.default\">\n\t\t\t\t<div class=\"elementor-widget-container\">\n\t\t\t\t\t\t\t\t\t<p>Klimaanlagen-Recycling f\u00fcr R134a.<\/p>\t\t\t\t\t\t\t\t<\/div>\n\t\t\t\t<\/div>\n\t\t\t\t\t<\/div>\n\t\t\t\t<\/div>\n\t\t<div class=\"elementor-element elementor-element-23291b4 e-flex e-con-boxed e-con e-parent\" data-id=\"23291b4\" data-element_type=\"container\" data-e-type=\"container\">\n\t\t\t\t\t<div class=\"e-con-inner\">\n\t\t<div class=\"elementor-element elementor-element-e0a83a2 e-con-full e-flex e-con e-child\" data-id=\"e0a83a2\" data-element_type=\"container\" data-e-type=\"container\">\n\t\t\t\t<div class=\"elementor-element elementor-element-558cc8c elementor-widget elementor-widget-text-editor\" data-id=\"558cc8c\" data-element_type=\"widget\" data-e-type=\"widget\" data-widget_type=\"text-editor.default\">\n\t\t\t\t<div class=\"elementor-widget-container\">\n\t\t\t\t\t\t\t\t\t<p>AC3410 ist ein vollautomatisches Produkt f\u00fcr R134a, das im mittleren bis oberen Marktsegment angesiedelt ist. Es bietet standardm\u00e4\u00dfig eine Datenbank und Selbstdiagnose mit einem Speicherkartensystem und gew\u00e4hrleistet so einen extrem hohen Pr\u00e4zisionsstandard beim Recycling\/der Wiederverwendung. Die Maschine (mit zuverl\u00e4ssiger und fortschrittlicher Leistung) ist standardm\u00e4\u00dfig mit einem \u00d6lablass ausgestattet.<\/p>\t\t\t\t\t\t\t\t<\/div>\n\t\t\t\t<\/div>\n\t\t\t\t<\/div>\n\t\t<div class=\"elementor-element elementor-element-3a1a4df e-con-full e-flex e-con e-child\" data-id=\"3a1a4df\" data-element_type=\"container\" data-e-type=\"container\">\n\t\t\t\t<div class=\"elementor-element elementor-element-24c10b8 elementor-arrows-position-inside elementor-pagination-position-outside elementor-widget elementor-widget-image-carousel\" data-id=\"24c10b8\" data-element_type=\"widget\" data-e-type=\"widget\" data-settings=\"{&quot;slides_to_show&quot;:&quot;1&quot;,&quot;navigation&quot;:&quot;both&quot;,&quot;autoplay&quot;:&quot;yes&quot;,&quot;pause_on_hover&quot;:&quot;yes&quot;,&quot;pause_on_interaction&quot;:&quot;yes&quot;,&quot;autoplay_speed&quot;:5000,&quot;infinite&quot;:&quot;yes&quot;,&quot;effect&quot;:&quot;slide&quot;,&quot;speed&quot;:500}\" data-widget_type=\"image-carousel.default\">\n\t\t\t\t<div class=\"elementor-widget-container\">\n\t\t\t\t\t\t\t<div class=\"elementor-image-carousel-wrapper swiper\" role=\"region\" aria-roledescription=\"carousel\" aria-label=\"Image Carousel\" dir=\"ltr\">\n\t\t\t<div class=\"elementor-image-carousel swiper-wrapper\" aria-live=\"off\">\n\t\t\t\t\t\t\t\t<div class=\"swiper-slide\" role=\"group\" aria-roledescription=\"slide\" aria-label=\"1 of 1\" data-no-translation-aria-label=\"\"><a data-elementor-open-lightbox=\"yes\" data-elementor-lightbox-slideshow=\"24c10b8\" data-elementor-lightbox-title=\"ac3150\" data-e-action-hash=\"#elementor-action%3Aaction%3Dlightbox%26settings%3DeyJpZCI6OTg4Nzc1LCJ1cmwiOiJodHRwczpcL1wvbXN0dGVjaC5hdFwvd3AtY29udGVudFwvdXBsb2Fkc1wvMjAyNFwvMTJcL2FjMzE1MC5qcGciLCJzbGlkZXNob3ciOiIyNGMxMGI4In0%3D\" href=\"https:\/\/msttech.at\/wp-content\/uploads\/2024\/12\/ac3150.jpg\"><figure class=\"swiper-slide-inner\"><img decoding=\"async\" class=\"swiper-slide-image\" src=\"https:\/\/msttech.at\/wp-content\/uploads\/2024\/12\/ac3150-300x300.jpg\" alt=\"ac3150\" \/><\/figure><\/a><\/div>\t\t\t<\/div>\n\t\t\t\t\t<\/div>\n\t\t\t\t\t\t<\/div>\n\t\t\t\t<\/div>\n\t\t\t\t<\/div>\n\t\t\t\t\t<\/div>\n\t\t\t\t<\/div>\n\t\t<div class=\"elementor-element elementor-element-5987b35 e-flex e-con-boxed e-con e-parent\" data-id=\"5987b35\" data-element_type=\"container\" data-e-type=\"container\">\n\t\t\t\t\t<div class=\"e-con-inner\">\n\t\t\t\t<div class=\"elementor-element elementor-element-bf59f4b elementor-tabs-view-horizontal elementor-widget elementor-widget-tabs\" data-id=\"bf59f4b\" data-element_type=\"widget\" data-e-type=\"widget\" data-widget_type=\"tabs.default\">\n\t\t\t\t<div class=\"elementor-widget-container\">\n\t\t\t\t\t\t\t<div class=\"elementor-tabs\">\n\t\t\t<div class=\"elementor-tabs-wrapper\" role=\"tablist\" >\n\t\t\t\t\t\t\t\t\t<div id=\"elementor-tab-title-2001\" class=\"elementor-tab-title elementor-tab-desktop-title\" aria-selected=\"true\" data-tab=\"1\" role=\"tab\" tabindex=\"0\" aria-controls=\"elementor-tab-content-2001\" aria-expanded=\"false\">Technische Eigenschaften<\/div>\n\t\t\t\t\t\t\t\t\t<div id=\"elementor-tab-title-2002\" class=\"elementor-tab-title elementor-tab-desktop-title\" aria-selected=\"false\" data-tab=\"2\" role=\"tab\" tabindex=\"-1\" aria-controls=\"elementor-tab-content-2002\" aria-expanded=\"false\">Optionales Zubeh\u00f6r<\/div>\n\t\t\t\t\t\t\t\t\t<div id=\"elementor-tab-title-2003\" class=\"elementor-tab-title elementor-tab-desktop-title\" aria-selected=\"false\" data-tab=\"3\" role=\"tab\" tabindex=\"-1\" aria-controls=\"elementor-tab-content-2003\" aria-expanded=\"false\">Info<\/div>\n\t\t\t\t\t\t\t<\/div>\n\t\t\t<div class=\"elementor-tabs-content-wrapper\" role=\"tablist\" aria-orientation=\"vertical\">\n\t\t\t\t\t\t\t\t\t<div class=\"elementor-tab-title elementor-tab-mobile-title\" aria-selected=\"true\" data-tab=\"1\" role=\"tab\" tabindex=\"0\" aria-controls=\"elementor-tab-content-2001\" aria-expanded=\"false\">Technische Eigenschaften<\/div>\n\t\t\t\t\t<div id=\"elementor-tab-content-2001\" class=\"elementor-tab-content elementor-clearfix\" data-tab=\"1\" role=\"tabpanel\" aria-labelledby=\"elementor-tab-title-2001\" tabindex=\"0\" hidden=\"false\"><p>&#8211; Automatic air conditioning gas refill machine<br \/>&#8211; Suitable for R134a gas<br \/>&#8211; Printer<br \/>&#8211; Database on memory card<br \/>&#8211; Database update via USB<br \/>&#8211; Electronic refrigerant scales +\/-10 g<br \/>&#8211; Integrated aluminum solenoid valve block<br \/>&#8211; A\/C system diagnosis<br \/>&#8211; Maximum refrigerant quantity 10kg<br \/>&#8211; Oil drain (ECO=no refrigerant leakage) Automatic<br \/>&#8211; Electronic vacuum gauge \u2264 2%<br \/>&#8211; Tank capacity 12.5 l<br \/>&#8211; Automatic oil injection (time)<br \/>&#8211; Automatic dye injection (time)<br \/>&#8211; Vacuum pump 4.2 m\u00b3\/h 3.5 CFM &#8211; 70 lt\/min<br \/>&#8211; Condensable refrigerant discharge manual<br \/>&#8211; A\/C system leak test Automatic<br \/>&#8211; Extraction capacity 300 g\/min<br \/>&#8211; Vacuum Automatic<br \/>&#8211; Compressor 9cc<br \/>&#8211; Combined double filter<br \/>&#8211; Pressure control valve with constant pressure<\/p><\/div>\n\t\t\t\t\t\t\t\t\t<div class=\"elementor-tab-title elementor-tab-mobile-title\" aria-selected=\"false\" data-tab=\"2\" role=\"tab\" tabindex=\"-1\" aria-controls=\"elementor-tab-content-2002\" aria-expanded=\"false\">Optionales Zubeh\u00f6r<\/div>\n\t\t\t\t\t<div id=\"elementor-tab-content-2002\" class=\"elementor-tab-content elementor-clearfix\" data-tab=\"2\" role=\"tabpanel\" aria-labelledby=\"elementor-tab-title-2002\" tabindex=\"0\" hidden=\"hidden\"><p>V223 &#8211; INST. SPIEG. c\/o CLI (AC e NITROX)<\/p><div>\u00a0<\/div><p>3SW129.1 &#8211; AGG. BANCA DATI AC3150<\/p><div>\u00a0<\/div><p>V374 &#8211; KIT WI-FI AC32xx<\/p><\/div>\n\t\t\t\t\t\t\t\t\t<div class=\"elementor-tab-title elementor-tab-mobile-title\" aria-selected=\"false\" data-tab=\"3\" role=\"tab\" tabindex=\"-1\" aria-controls=\"elementor-tab-content-2003\" aria-expanded=\"false\">Info<\/div>\n\t\t\t\t\t<div id=\"elementor-tab-content-2003\" class=\"elementor-tab-content elementor-clearfix\" data-tab=\"3\" role=\"tabpanel\" aria-labelledby=\"elementor-tab-title-2003\" tabindex=\"0\" hidden=\"hidden\"><div class=\"sku_wrapper\">CIGARETTE: AC3410 Ricarica AC auto con Stampante<br \/>CODART: V514.018<br \/>TIPOART: ACR<br \/>HW: 550<br \/>SW: ACREC<br \/>POWER: 200-240 VAC 50-60Hz 1Ph INV<br \/>WEIGHT: Gross weight 110.00 Kg \/ Net weight 90.00 Kg<br \/>SHIPPING VOLUME: 140 cm \/ 80 cm \/ 70 cm<\/div><\/div>\n\t\t\t\t\t\t\t<\/div>\n\t\t<\/div>\n\t\t\t\t\t\t<\/div>\n\t\t\t\t<\/div>\n\t\t\t\t\t<\/div>\n\t\t\t\t<\/div>\n\t\t\t\t<\/div>","protected":false},"excerpt":{"rendered":"<p>AC3410 Air conditioning recycling for R134a. AC3410 is a fully automatic product for R134a, which is in the mid-high market segment. It offers a database and self-diagnosis with a memory card system as standard, thus ensuring an extremely high standard of precision in recycling \/ reuse. The machine (with reliable and advanced performance) is equipped&#8230;<\/p>","protected":false},"author":1,"featured_media":0,"parent":0,"menu_order":0,"comment_status":"closed","ping_status":"closed","template":"","meta":{"footnotes":""},"class_list":["post-988749","page","type-page","status-publish","hentry"],"yoast_head":"<!-- This site is optimized with the Yoast SEO plugin v27.4 - https:\/\/yoast.com\/product\/yoast-seo-wordpress\/ -->\n<title>AC3410 - MST-Tech<\/title>\n<meta name=\"robots\" content=\"noindex, follow\" \/>\n<meta property=\"og:locale\" content=\"de_DE\" \/>\n<meta property=\"og:type\" content=\"article\" \/>\n<meta property=\"og:title\" content=\"AC3410 - MST-Tech\" \/>\n<meta property=\"og:description\" content=\"AC3410 Air conditioning recycling for R134a. AC3410 is a fully automatic product for R134a, which is in the mid-high market segment. It offers a database and self-diagnosis with a memory card system as standard, thus ensuring an extremely high standard of precision in recycling \/ reuse. The machine (with reliable and advanced performance) is equipped...\" \/>\n<meta property=\"og:url\" content=\"https:\/\/msttech.at\/de\/ac3410\/\" \/>\n<meta property=\"og:site_name\" content=\"MST-Tech\" \/>\n<meta property=\"article:publisher\" content=\"https:\/\/www.facebook.com\/people\/MST-Tech\/61558570942178\/\" \/>\n<meta property=\"article:modified_time\" content=\"2024-12-18T17:05:00+00:00\" \/>\n<meta property=\"og:image\" content=\"https:\/\/msttech.at\/wp-content\/uploads\/2024\/12\/ac3150-300x300.jpg\" \/>\n<meta name=\"twitter:card\" content=\"summary_large_image\" \/>\n<meta name=\"twitter:label1\" content=\"Gesch\u00e4tzte Lesezeit\" \/>\n\t<meta name=\"twitter:data1\" content=\"1 Minute\" \/>\n<script type=\"application\/ld+json\" class=\"yoast-schema-graph\">{\"@context\":\"https:\\\/\\\/schema.org\",\"@graph\":[{\"@type\":\"WebPage\",\"@id\":\"https:\\\/\\\/msttech.at\\\/ac3410\\\/\",\"url\":\"https:\\\/\\\/msttech.at\\\/ac3410\\\/\",\"name\":\"AC3410 - MST-Tech\",\"isPartOf\":{\"@id\":\"https:\\\/\\\/msttech.at\\\/de\\\/#website\"},\"primaryImageOfPage\":{\"@id\":\"https:\\\/\\\/msttech.at\\\/ac3410\\\/#primaryimage\"},\"image\":{\"@id\":\"https:\\\/\\\/msttech.at\\\/ac3410\\\/#primaryimage\"},\"thumbnailUrl\":\"https:\\\/\\\/msttech.at\\\/wp-content\\\/uploads\\\/2024\\\/12\\\/ac3150-300x300.jpg\",\"datePublished\":\"2024-12-18T16:49:43+00:00\",\"dateModified\":\"2024-12-18T17:05:00+00:00\",\"breadcrumb\":{\"@id\":\"https:\\\/\\\/msttech.at\\\/ac3410\\\/#breadcrumb\"},\"inLanguage\":\"de-AT\",\"potentialAction\":[{\"@type\":\"ReadAction\",\"target\":[\"https:\\\/\\\/msttech.at\\\/ac3410\\\/\"]}]},{\"@type\":\"ImageObject\",\"inLanguage\":\"de-AT\",\"@id\":\"https:\\\/\\\/msttech.at\\\/ac3410\\\/#primaryimage\",\"url\":\"https:\\\/\\\/msttech.at\\\/wp-content\\\/uploads\\\/2024\\\/12\\\/ac3150-300x300.jpg\",\"contentUrl\":\"https:\\\/\\\/msttech.at\\\/wp-content\\\/uploads\\\/2024\\\/12\\\/ac3150-300x300.jpg\"},{\"@type\":\"BreadcrumbList\",\"@id\":\"https:\\\/\\\/msttech.at\\\/ac3410\\\/#breadcrumb\",\"itemListElement\":[{\"@type\":\"ListItem\",\"position\":1,\"name\":\"Home\",\"item\":\"https:\\\/\\\/msttech.at\\\/\"},{\"@type\":\"ListItem\",\"position\":2,\"name\":\"AC3410\"}]},{\"@type\":\"WebSite\",\"@id\":\"https:\\\/\\\/msttech.at\\\/de\\\/#website\",\"url\":\"https:\\\/\\\/msttech.at\\\/de\\\/\",\"name\":\"MST-Tech\",\"description\":\"A Complete Solutions\",\"publisher\":{\"@id\":\"https:\\\/\\\/msttech.at\\\/de\\\/#organization\"},\"potentialAction\":[{\"@type\":\"SearchAction\",\"target\":{\"@type\":\"EntryPoint\",\"urlTemplate\":\"https:\\\/\\\/msttech.at\\\/de\\\/?s={search_term_string}\"},\"query-input\":{\"@type\":\"PropertyValueSpecification\",\"valueRequired\":true,\"valueName\":\"search_term_string\"}}],\"inLanguage\":\"de-AT\"},{\"@type\":\"Organization\",\"@id\":\"https:\\\/\\\/msttech.at\\\/de\\\/#organization\",\"name\":\"MST-Tech\",\"url\":\"https:\\\/\\\/msttech.at\\\/de\\\/\",\"logo\":{\"@type\":\"ImageObject\",\"inLanguage\":\"de-AT\",\"@id\":\"https:\\\/\\\/msttech.at\\\/de\\\/#\\\/schema\\\/logo\\\/image\\\/\",\"url\":\"https:\\\/\\\/msttech.at\\\/wp-content\\\/uploads\\\/2024\\\/02\\\/MSTlogo2.png\",\"contentUrl\":\"https:\\\/\\\/msttech.at\\\/wp-content\\\/uploads\\\/2024\\\/02\\\/MSTlogo2.png\",\"width\":422,\"height\":98,\"caption\":\"MST-Tech\"},\"image\":{\"@id\":\"https:\\\/\\\/msttech.at\\\/de\\\/#\\\/schema\\\/logo\\\/image\\\/\"},\"sameAs\":[\"https:\\\/\\\/www.facebook.com\\\/people\\\/MST-Tech\\\/61558570942178\\\/\"]}]}<\/script>\n<!-- \/ Yoast SEO plugin. -->","yoast_head_json":{"title":"AC3410 - MST-Tech","robots":{"index":"noindex","follow":"follow"},"og_locale":"de_DE","og_type":"article","og_title":"AC3410 - MST-Tech","og_description":"AC3410 Air conditioning recycling for R134a. AC3410 is a fully automatic product for R134a, which is in the mid-high market segment. It offers a database and self-diagnosis with a memory card system as standard, thus ensuring an extremely high standard of precision in recycling \/ reuse. The machine (with reliable and advanced performance) is equipped...","og_url":"https:\/\/msttech.at\/de\/ac3410\/","og_site_name":"MST-Tech","article_publisher":"https:\/\/www.facebook.com\/people\/MST-Tech\/61558570942178\/","article_modified_time":"2024-12-18T17:05:00+00:00","og_image":[{"url":"https:\/\/msttech.at\/wp-content\/uploads\/2024\/12\/ac3150-300x300.jpg","type":"","width":"","height":""}],"twitter_card":"summary_large_image","twitter_misc":{"Gesch\u00e4tzte Lesezeit":"1 Minute"},"schema":{"@context":"https:\/\/schema.org","@graph":[{"@type":"WebPage","@id":"https:\/\/msttech.at\/ac3410\/","url":"https:\/\/msttech.at\/ac3410\/","name":"AC3410 - MST-Tech","isPartOf":{"@id":"https:\/\/msttech.at\/de\/#website"},"primaryImageOfPage":{"@id":"https:\/\/msttech.at\/ac3410\/#primaryimage"},"image":{"@id":"https:\/\/msttech.at\/ac3410\/#primaryimage"},"thumbnailUrl":"https:\/\/msttech.at\/wp-content\/uploads\/2024\/12\/ac3150-300x300.jpg","datePublished":"2024-12-18T16:49:43+00:00","dateModified":"2024-12-18T17:05:00+00:00","breadcrumb":{"@id":"https:\/\/msttech.at\/ac3410\/#breadcrumb"},"inLanguage":"de-AT","potentialAction":[{"@type":"ReadAction","target":["https:\/\/msttech.at\/ac3410\/"]}]},{"@type":"ImageObject","inLanguage":"de-AT","@id":"https:\/\/msttech.at\/ac3410\/#primaryimage","url":"https:\/\/msttech.at\/wp-content\/uploads\/2024\/12\/ac3150-300x300.jpg","contentUrl":"https:\/\/msttech.at\/wp-content\/uploads\/2024\/12\/ac3150-300x300.jpg"},{"@type":"BreadcrumbList","@id":"https:\/\/msttech.at\/ac3410\/#breadcrumb","itemListElement":[{"@type":"ListItem","position":1,"name":"Home","item":"https:\/\/msttech.at\/"},{"@type":"ListItem","position":2,"name":"AC3410"}]},{"@type":"WebSite","@id":"https:\/\/msttech.at\/de\/#website","url":"https:\/\/msttech.at\/de\/","name":"MST-Tech","description":"A Complete Solutions","publisher":{"@id":"https:\/\/msttech.at\/de\/#organization"},"potentialAction":[{"@type":"SearchAction","target":{"@type":"EntryPoint","urlTemplate":"https:\/\/msttech.at\/de\/?s={search_term_string}"},"query-input":{"@type":"PropertyValueSpecification","valueRequired":true,"valueName":"search_term_string"}}],"inLanguage":"de-AT"},{"@type":"Organization","@id":"https:\/\/msttech.at\/de\/#organization","name":"MST-Tech","url":"https:\/\/msttech.at\/de\/","logo":{"@type":"ImageObject","inLanguage":"de-AT","@id":"https:\/\/msttech.at\/de\/#\/schema\/logo\/image\/","url":"https:\/\/msttech.at\/wp-content\/uploads\/2024\/02\/MSTlogo2.png","contentUrl":"https:\/\/msttech.at\/wp-content\/uploads\/2024\/02\/MSTlogo2.png","width":422,"height":98,"caption":"MST-Tech"},"image":{"@id":"https:\/\/msttech.at\/de\/#\/schema\/logo\/image\/"},"sameAs":["https:\/\/www.facebook.com\/people\/MST-Tech\/61558570942178\/"]}]}},"_links":{"self":[{"href":"https:\/\/msttech.at\/de\/wp-json\/wp\/v2\/pages\/988749","targetHints":{"allow":["GET"]}}],"collection":[{"href":"https:\/\/msttech.at\/de\/wp-json\/wp\/v2\/pages"}],"about":[{"href":"https:\/\/msttech.at\/de\/wp-json\/wp\/v2\/types\/page"}],"author":[{"embeddable":true,"href":"https:\/\/msttech.at\/de\/wp-json\/wp\/v2\/users\/1"}],"replies":[{"embeddable":true,"href":"https:\/\/msttech.at\/de\/wp-json\/wp\/v2\/comments?post=988749"}],"version-history":[{"count":4,"href":"https:\/\/msttech.at\/de\/wp-json\/wp\/v2\/pages\/988749\/revisions"}],"predecessor-version":[{"id":988778,"href":"https:\/\/msttech.at\/de\/wp-json\/wp\/v2\/pages\/988749\/revisions\/988778"}],"wp:attachment":[{"href":"https:\/\/msttech.at\/de\/wp-json\/wp\/v2\/media?parent=988749"}],"curies":[{"name":"wp","href":"https:\/\/api.w.org\/{rel}","templated":true}]}}