{"id":988675,"date":"2024-12-16T20:14:07","date_gmt":"2024-12-16T20:14:07","guid":{"rendered":"https:\/\/msttech.at\/?page_id=988675"},"modified":"2024-12-16T20:21:42","modified_gmt":"2024-12-16T20:21:42","slug":"atomic-xp-mobile","status":"publish","type":"page","link":"https:\/\/msttech.at\/de\/atomic-xp-mobile\/","title":{"rendered":"ATOMIC.XP MOBILE"},"content":{"rendered":"<div data-elementor-type=\"wp-page\" data-elementor-id=\"988675\" class=\"elementor elementor-988675\" data-elementor-post-type=\"page\">\n\t\t\t\t\t\t<section class=\"elementor-section elementor-top-section elementor-element elementor-element-1ad926b elementor-section-boxed elementor-section-height-default elementor-section-height-default\" data-id=\"1ad926b\" data-element_type=\"section\" data-e-type=\"section\">\n\t\t\t\t\t\t<div class=\"elementor-container elementor-column-gap-no\">\n\t\t\t\t\t<div class=\"elementor-column elementor-col-100 elementor-top-column elementor-element elementor-element-34590f3\" data-id=\"34590f3\" data-element_type=\"column\" data-e-type=\"column\">\n\t\t\t<div class=\"elementor-widget-wrap elementor-element-populated\">\n\t\t\t\t\t\t<div class=\"elementor-element elementor-element-0855f64 elementor-widget elementor-widget-spacer\" data-id=\"0855f64\" data-element_type=\"widget\" data-e-type=\"widget\" data-widget_type=\"spacer.default\">\n\t\t\t\t<div class=\"elementor-widget-container\">\n\t\t\t\t\t\t\t<div class=\"elementor-spacer\">\n\t\t\t<div class=\"elementor-spacer-inner\"><\/div>\n\t\t<\/div>\n\t\t\t\t\t\t<\/div>\n\t\t\t\t<\/div>\n\t\t\t\t\t<\/div>\n\t\t<\/div>\n\t\t\t\t\t<\/div>\n\t\t<\/section>\n\t\t<div class=\"elementor-element elementor-element-a187793 e-flex e-con-boxed e-con e-parent\" data-id=\"a187793\" data-element_type=\"container\" data-e-type=\"container\">\n\t\t\t\t\t<div class=\"e-con-inner\">\n\t\t\t\t<div class=\"elementor-element elementor-element-dda62df elementor-widget elementor-widget-heading\" data-id=\"dda62df\" data-element_type=\"widget\" data-e-type=\"widget\" data-widget_type=\"heading.default\">\n\t\t\t\t<div class=\"elementor-widget-container\">\n\t\t\t\t\t<h2 class=\"elementor-heading-title elementor-size-default\">ATOMIC.XP MOBILE<\/h2>\t\t\t\t<\/div>\n\t\t\t\t<\/div>\n\t\t\t\t\t<\/div>\n\t\t\t\t<\/div>\n\t\t<div class=\"elementor-element elementor-element-b6882bc e-flex e-con-boxed e-con e-parent\" data-id=\"b6882bc\" data-element_type=\"container\" data-e-type=\"container\">\n\t\t\t\t\t<div class=\"e-con-inner\">\n\t\t\t\t<div class=\"elementor-element elementor-element-3e6c7a5 elementor-widget elementor-widget-text-editor\" data-id=\"3e6c7a5\" data-element_type=\"widget\" data-e-type=\"widget\" data-widget_type=\"text-editor.default\">\n\t\t\t\t<div class=\"elementor-widget-container\">\n\t\t\t\t\t\t\t\t\t<p>Achsvermessung zu Hause durchf\u00fchren.<\/p>\t\t\t\t\t\t\t\t<\/div>\n\t\t\t\t<\/div>\n\t\t\t\t\t<\/div>\n\t\t\t\t<\/div>\n\t\t<div class=\"elementor-element elementor-element-23291b4 e-flex e-con-boxed e-con e-parent\" data-id=\"23291b4\" data-element_type=\"container\" data-e-type=\"container\">\n\t\t\t\t\t<div class=\"e-con-inner\">\n\t\t<div class=\"elementor-element elementor-element-e0a83a2 e-con-full e-flex e-con e-child\" data-id=\"e0a83a2\" data-element_type=\"container\" data-e-type=\"container\">\n\t\t\t\t<div class=\"elementor-element elementor-element-558cc8c elementor-widget elementor-widget-text-editor\" data-id=\"558cc8c\" data-element_type=\"widget\" data-e-type=\"widget\" data-widget_type=\"text-editor.default\">\n\t\t\t\t<div class=\"elementor-widget-container\">\n\t\t\t\t\t\t\t\t\t<p>ATOMIC Mobile ist ein innovatives Messger\u00e4t zur Achsvermessung f\u00fcr den mobilen Service, das die M\u00f6glichkeit bietet, Achsvermessungseinstellungen direkt beim Kunden vorzunehmen, und zwar mit der gleichen Zweckm\u00e4\u00dfigkeit, Geschwindigkeit und Pr\u00e4zision des FASEP-Messsystems: Alles, was Sie brauchen, ist ein tragbarer PC und das spezielle Kit, das dank der gleichen Leistung wie ein normales Achsmessger\u00e4t, jedoch mit reduzierten Abmessungen, einen schnellen und vollst\u00e4ndigen Service zu Hause garantiert.<\/p>\t\t\t\t\t\t\t\t<\/div>\n\t\t\t\t<\/div>\n\t\t\t\t<\/div>\n\t\t<div class=\"elementor-element elementor-element-3a1a4df e-con-full e-flex e-con e-child\" data-id=\"3a1a4df\" data-element_type=\"container\" data-e-type=\"container\">\n\t\t\t\t<div class=\"elementor-element elementor-element-24c10b8 elementor-arrows-position-inside elementor-pagination-position-outside elementor-widget elementor-widget-image-carousel\" data-id=\"24c10b8\" data-element_type=\"widget\" data-e-type=\"widget\" data-settings=\"{&quot;slides_to_show&quot;:&quot;1&quot;,&quot;navigation&quot;:&quot;both&quot;,&quot;autoplay&quot;:&quot;yes&quot;,&quot;pause_on_hover&quot;:&quot;yes&quot;,&quot;pause_on_interaction&quot;:&quot;yes&quot;,&quot;autoplay_speed&quot;:5000,&quot;infinite&quot;:&quot;yes&quot;,&quot;effect&quot;:&quot;slide&quot;,&quot;speed&quot;:500}\" data-widget_type=\"image-carousel.default\">\n\t\t\t\t<div class=\"elementor-widget-container\">\n\t\t\t\t\t\t\t<div class=\"elementor-image-carousel-wrapper swiper\" role=\"region\" aria-roledescription=\"carousel\" aria-label=\"Image Carousel\" dir=\"ltr\" data-no-translation-aria-label=\"\">\n\t\t\t<div class=\"elementor-image-carousel swiper-wrapper\" aria-live=\"off\">\n\t\t\t\t\t\t\t\t<div class=\"swiper-slide\" role=\"group\" aria-roledescription=\"slide\" aria-label=\"1 of 4\" data-no-translation-aria-label=\"\"><a data-elementor-open-lightbox=\"yes\" data-elementor-lightbox-slideshow=\"24c10b8\" data-elementor-lightbox-title=\"a507037-valigia\" data-e-action-hash=\"#elementor-action%3Aaction%3Dlightbox%26settings%3DeyJpZCI6OTg4NjkzLCJ1cmwiOiJodHRwczpcL1wvbXN0dGVjaC5hdFwvd3AtY29udGVudFwvdXBsb2Fkc1wvMjAyNFwvMTJcL2E1MDcwMzctdmFsaWdpYS5qcGciLCJzbGlkZXNob3ciOiIyNGMxMGI4In0%3D\" href=\"https:\/\/msttech.at\/wp-content\/uploads\/2024\/12\/a507037-valigia.jpg\"><figure class=\"swiper-slide-inner\"><img decoding=\"async\" class=\"swiper-slide-image\" src=\"https:\/\/msttech.at\/wp-content\/uploads\/2024\/12\/a507037-valigia-300x300.jpg\" alt=\"a507037-valigia\" \/><\/figure><\/a><\/div><div class=\"swiper-slide\" role=\"group\" aria-roledescription=\"slide\" aria-label=\"2 of 4\" data-no-translation-aria-label=\"\"><a data-elementor-open-lightbox=\"yes\" data-elementor-lightbox-slideshow=\"24c10b8\" data-elementor-lightbox-title=\"a507040\" data-e-action-hash=\"#elementor-action%3Aaction%3Dlightbox%26settings%3DeyJpZCI6OTg4Njk0LCJ1cmwiOiJodHRwczpcL1wvbXN0dGVjaC5hdFwvd3AtY29udGVudFwvdXBsb2Fkc1wvMjAyNFwvMTJcL2E1MDcwNDAuanBnIiwic2xpZGVzaG93IjoiMjRjMTBiOCJ9\" href=\"https:\/\/msttech.at\/wp-content\/uploads\/2024\/12\/a507040.jpg\"><figure class=\"swiper-slide-inner\"><img decoding=\"async\" class=\"swiper-slide-image\" src=\"https:\/\/msttech.at\/wp-content\/uploads\/2024\/12\/a507040-300x181.jpg\" alt=\"a507040\" \/><\/figure><\/a><\/div><div class=\"swiper-slide\" role=\"group\" aria-roledescription=\"slide\" aria-label=\"3 of 4\" data-no-translation-aria-label=\"\"><a data-elementor-open-lightbox=\"yes\" data-elementor-lightbox-slideshow=\"24c10b8\" data-elementor-lightbox-title=\"atomic-norauto\" data-e-action-hash=\"#elementor-action%3Aaction%3Dlightbox%26settings%3DeyJpZCI6OTg4Njk1LCJ1cmwiOiJodHRwczpcL1wvbXN0dGVjaC5hdFwvd3AtY29udGVudFwvdXBsb2Fkc1wvMjAyNFwvMTJcL2F0b21pYy1ub3JhdXRvLmdpZiIsInNsaWRlc2hvdyI6IjI0YzEwYjgifQ%3D%3D\" href=\"https:\/\/msttech.at\/wp-content\/uploads\/2024\/12\/atomic-norauto.gif\"><figure class=\"swiper-slide-inner\"><img decoding=\"async\" class=\"swiper-slide-image\" src=\"https:\/\/msttech.at\/wp-content\/uploads\/2024\/12\/atomic-norauto-300x282.gif\" alt=\"atomic-norauto\" \/><\/figure><\/a><\/div><div class=\"swiper-slide\" role=\"group\" aria-roledescription=\"slide\" aria-label=\"4 of 4\" data-no-translation-aria-label=\"\"><a data-elementor-open-lightbox=\"yes\" data-elementor-lightbox-slideshow=\"24c10b8\" data-elementor-lightbox-title=\"Dot_Wintrax_vapl\" data-e-action-hash=\"#elementor-action%3Aaction%3Dlightbox%26settings%3DeyJpZCI6OTg4Njk2LCJ1cmwiOiJodHRwczpcL1wvbXN0dGVjaC5hdFwvd3AtY29udGVudFwvdXBsb2Fkc1wvMjAyNFwvMTJcL0RvdF9XaW50cmF4X3ZhcGwtMy5qcGciLCJzbGlkZXNob3ciOiIyNGMxMGI4In0%3D\" href=\"https:\/\/msttech.at\/wp-content\/uploads\/2024\/12\/Dot_Wintrax_vapl-3.jpg\"><figure class=\"swiper-slide-inner\"><img decoding=\"async\" class=\"swiper-slide-image\" src=\"https:\/\/msttech.at\/wp-content\/uploads\/2024\/12\/Dot_Wintrax_vapl-3-300x300.jpg\" alt=\"Dot_Wintrax_vapl\" \/><\/figure><\/a><\/div>\t\t\t<\/div>\n\t\t\t\t\t\t\t\t\t\t\t\t<div class=\"elementor-swiper-button elementor-swiper-button-prev\" role=\"button\" tabindex=\"0\">\n\t\t\t\t\t\t<i aria-hidden=\"true\" class=\"eicon-chevron-left\"><\/i>\t\t\t\t\t<\/div>\n\t\t\t\t\t<div class=\"elementor-swiper-button elementor-swiper-button-next\" role=\"button\" tabindex=\"0\">\n\t\t\t\t\t\t<i aria-hidden=\"true\" class=\"eicon-chevron-right\"><\/i>\t\t\t\t\t<\/div>\n\t\t\t\t\n\t\t\t\t\t\t\t\t\t<div class=\"swiper-pagination\"><\/div>\n\t\t\t\t\t\t\t\t\t<\/div>\n\t\t\t\t\t\t<\/div>\n\t\t\t\t<\/div>\n\t\t\t\t<\/div>\n\t\t\t\t\t<\/div>\n\t\t\t\t<\/div>\n\t\t<div class=\"elementor-element elementor-element-5987b35 e-flex e-con-boxed e-con e-parent\" data-id=\"5987b35\" data-element_type=\"container\" data-e-type=\"container\">\n\t\t\t\t\t<div class=\"e-con-inner\">\n\t\t\t\t<div class=\"elementor-element elementor-element-bf59f4b elementor-tabs-view-horizontal elementor-widget elementor-widget-tabs\" data-id=\"bf59f4b\" data-element_type=\"widget\" data-e-type=\"widget\" data-widget_type=\"tabs.default\">\n\t\t\t\t<div class=\"elementor-widget-container\">\n\t\t\t\t\t\t\t<div class=\"elementor-tabs\">\n\t\t\t<div class=\"elementor-tabs-wrapper\" role=\"tablist\" >\n\t\t\t\t\t\t\t\t\t<div id=\"elementor-tab-title-2001\" class=\"elementor-tab-title elementor-tab-desktop-title\" aria-selected=\"true\" data-tab=\"1\" role=\"tab\" tabindex=\"0\" aria-controls=\"elementor-tab-content-2001\" aria-expanded=\"false\">Technische Eigenschaften<\/div>\n\t\t\t\t\t\t\t\t\t<div id=\"elementor-tab-title-2002\" class=\"elementor-tab-title elementor-tab-desktop-title\" aria-selected=\"false\" data-tab=\"2\" role=\"tab\" tabindex=\"-1\" aria-controls=\"elementor-tab-content-2002\" aria-expanded=\"false\">Optionales Zubeh\u00f6r<\/div>\n\t\t\t\t\t\t\t\t\t<div id=\"elementor-tab-title-2003\" class=\"elementor-tab-title elementor-tab-desktop-title\" aria-selected=\"false\" data-tab=\"3\" role=\"tab\" tabindex=\"-1\" aria-controls=\"elementor-tab-content-2003\" aria-expanded=\"false\">Kataloge<\/div>\n\t\t\t\t\t\t\t\t\t<div id=\"elementor-tab-title-2004\" class=\"elementor-tab-title elementor-tab-desktop-title\" aria-selected=\"false\" data-tab=\"4\" role=\"tab\" tabindex=\"-1\" aria-controls=\"elementor-tab-content-2004\" aria-expanded=\"false\">Medien<\/div>\n\t\t\t\t\t\t\t\t\t<div id=\"elementor-tab-title-2005\" class=\"elementor-tab-title elementor-tab-desktop-title\" aria-selected=\"false\" data-tab=\"5\" role=\"tab\" tabindex=\"-1\" aria-controls=\"elementor-tab-content-2005\" aria-expanded=\"false\">Info<\/div>\n\t\t\t\t\t\t\t<\/div>\n\t\t\t<div class=\"elementor-tabs-content-wrapper\" role=\"tablist\" aria-orientation=\"vertical\">\n\t\t\t\t\t\t\t\t\t<div class=\"elementor-tab-title elementor-tab-mobile-title\" aria-selected=\"true\" data-tab=\"1\" role=\"tab\" tabindex=\"0\" aria-controls=\"elementor-tab-content-2001\" aria-expanded=\"false\">Technische Eigenschaften<\/div>\n\t\t\t\t\t<div id=\"elementor-tab-content-2001\" class=\"elementor-tab-content elementor-clearfix\" data-tab=\"1\" role=\"tabpanel\" aria-labelledby=\"elementor-tab-title-2001\" tabindex=\"0\" hidden=\"false\"><p>&#8211; Wheel aligner PC interface kit<br \/>&#8211; Suitable for Car, Vans, SUVs and Light Trucks wheels<br \/>&#8211; Deluxe Mobile service flight case<br \/>&#8211; Not including PC, monitor, printer<br \/>&#8211; Monitor not included<br \/>&#8211; Win7 \/ Win10 IOT Enterprise Operating System<br \/>&#8211; EASY level wheel alignment software<br \/>&#8211; Databank upgradable via internet<br \/>&#8211; USB interface<br \/>&#8211; FASEP measuring system<br \/>&#8211; 4 WinTRAX2 infrared sensors (radio trasmission, multilink system, accelerometer for electronic level control)<br \/>&#8211; Battery charger by cable<br \/>&#8211; Contact clamps 10-26&#8243;<br \/>&#8211; Run Out compensation not required<br \/>&#8211; Electronic track gauge<br \/>&#8211; Heavy Duty Turntables (2200 kg)<br \/>&#8211; Compatibile Industria 4.0<br \/>&#8211; Steering lock<br \/>&#8211; Brake pedal depressor<br \/>&#8211; Warranty On Center<\/p><\/div>\n\t\t\t\t\t\t\t\t\t<div class=\"elementor-tab-title elementor-tab-mobile-title\" aria-selected=\"false\" data-tab=\"2\" role=\"tab\" tabindex=\"-1\" aria-controls=\"elementor-tab-content-2002\" aria-expanded=\"false\">Optionales Zubeh\u00f6r<\/div>\n\t\t\t\t\t<div id=\"elementor-tab-content-2002\" class=\"elementor-tab-content elementor-clearfix\" data-tab=\"2\" role=\"tabpanel\" aria-labelledby=\"elementor-tab-title-2002\" tabindex=\"0\" hidden=\"hidden\"><p>V054 &#8211; INST. SPIEG. c\/o CLI (ASSETTO PC)<\/p><div>\u00a0<\/div><p>3M794.002 &#8211; KIT CAMION CON AGGRAPPI IN APPOGGIO<\/p><div>\u00a0<\/div><p>3SW089 &#8211; UPGRADE WINLOGIC MAXI<\/p><div>\u00a0<\/div><p>3M807-2 &#8211; CARICA BATTERIE PRELEVATORI WT.G2 a Muro<\/p><div>\u00a0<\/div><p>3M114 &#8211; CALIBRO PER RUOTE GEMELLATE<\/p><div>\u00a0<\/div><p>3M783 &#8211; ESTENSIONE Iveco\/Daily (12pz)<\/p><div>\u00a0<\/div><p>3M152.2 &#8211; PEDANA POST VETTURE 300x300x22 (2 pz)<\/p><div>\u00a0<\/div><p>3M4355 &#8211; KIT CAVALLETTI AUTO ASSETTO MOBILE (4pz)<\/p><div>\u00a0<\/div><p>V326.003 &#8211; KIT TARATURA ASSETTO EXTRA LIGHT<\/p><\/div>\n\t\t\t\t\t\t\t\t\t<div class=\"elementor-tab-title elementor-tab-mobile-title\" aria-selected=\"false\" data-tab=\"3\" role=\"tab\" tabindex=\"-1\" aria-controls=\"elementor-tab-content-2003\" aria-expanded=\"false\">Kataloge<\/div>\n\t\t\t\t\t<div id=\"elementor-tab-content-2003\" class=\"elementor-tab-content elementor-clearfix\" data-tab=\"3\" role=\"tabpanel\" aria-labelledby=\"elementor-tab-title-2003\" tabindex=\"0\" hidden=\"hidden\"><ul><li><a href=\"https:\/\/images.fasep.it\/Ato-xp-cat-r8.2.pdf\" target=\"_blank\" rel=\"noopener\">English Catalogue<\/a><\/li><li><a href=\"https:\/\/images.fasep.it\/allestimentoveicoloauto_lug17.pdf\" target=\"_blank\" rel=\"noopener\">English Catalogue II<\/a><\/li><\/ul><\/div>\n\t\t\t\t\t\t\t\t\t<div class=\"elementor-tab-title elementor-tab-mobile-title\" aria-selected=\"false\" data-tab=\"4\" role=\"tab\" tabindex=\"-1\" aria-controls=\"elementor-tab-content-2004\" aria-expanded=\"false\">Medien<\/div>\n\t\t\t\t\t<div id=\"elementor-tab-content-2004\" class=\"elementor-tab-content elementor-clearfix\" data-tab=\"4\" role=\"tabpanel\" aria-labelledby=\"elementor-tab-title-2004\" tabindex=\"0\" hidden=\"hidden\"><p><div class=\"vamtam-video-frame\"><iframe title=\"How to use FASEP Atomic WinTrax2 Wheel Alignment System\" width=\"1280\" height=\"720\" src=\"https:\/\/www.youtube.com\/embed\/bp8RdlDpvhI?feature=oembed\" frameborder=\"0\" allow=\"accelerometer; autoplay; clipboard-write; encrypted-media; gyroscope; picture-in-picture; web-share\" referrerpolicy=\"strict-origin-when-cross-origin\" allowfullscreen><\/iframe><\/div><\/p><\/div>\n\t\t\t\t\t\t\t\t\t<div class=\"elementor-tab-title elementor-tab-mobile-title\" aria-selected=\"false\" data-tab=\"5\" role=\"tab\" tabindex=\"-1\" aria-controls=\"elementor-tab-content-2005\" aria-expanded=\"false\">Info<\/div>\n\t\t\t\t\t<div id=\"elementor-tab-content-2005\" class=\"elementor-tab-content elementor-clearfix\" data-tab=\"5\" role=\"tabpanel\" aria-labelledby=\"elementor-tab-title-2005\" tabindex=\"0\" hidden=\"hidden\"><div class=\"sku_wrapper\">SIGLAART:\u00a0<span class=\"sku\"><strong>ATO.WinTrax2.VAPL Mobile<\/strong><\/span><\/div><div class=\"sku_wrapper\">CODART:\u00a0<span class=\"sku\"><strong>A507.037<\/strong><\/span><\/div><div class=\"sku_wrapper\">TIPOART:\u00a0<span class=\"sku\"><strong>V.ATO<\/strong><\/span><\/div><div class=\"sku_wrapper\">HW:\u00a0<span class=\"sku\"><strong>20<\/strong><\/span><\/div><div class=\"sku_wrapper\">SW:\u00a0<span class=\"sku\"><strong>WAPC<\/strong><\/span><\/div><div class=\"sku_wrapper\">POWER:\u00a0<span class=\"sku\"><strong>100-240V~50-60Hz 1Ph<\/strong><\/span><\/div><div class=\"sku_wrapper\"><b>WEIGHT<\/b>:\u00a0<span class=\"sku\"><strong>Gross Weight 95.00 Kg \/ Net Weight Kg<\/strong><\/span><\/div><div class=\"sku_wrapper\"><b>SHIPPING VOLUME<\/b>:\u00a0<span class=\"sku\"><strong>112 cm \/ 90 cm \/ 50 cm<\/strong><\/span><\/div><\/div>\n\t\t\t\t\t\t\t<\/div>\n\t\t<\/div>\n\t\t\t\t\t\t<\/div>\n\t\t\t\t<\/div>\n\t\t\t\t\t<\/div>\n\t\t\t\t<\/div>\n\t\t\t\t<\/div>","protected":false},"excerpt":{"rendered":"<p>ATOMIC.XP MOBILE Wheel Alignment adjustment at home. ATOMIC Mobile is an innovative instrument for measuring Wheel Alignment for Mobile Service, which offers the possibility of making alignment adjustments directly at the customer with all the practicality, speed and precision of the FASEP measuring system: all you need is a portable PC and the special kit&#8230;<\/p>","protected":false},"author":1,"featured_media":0,"parent":0,"menu_order":0,"comment_status":"closed","ping_status":"closed","template":"","meta":{"footnotes":""},"class_list":["post-988675","page","type-page","status-publish","hentry"],"yoast_head":"<!-- This site is optimized with the Yoast SEO plugin v27.4 - https:\/\/yoast.com\/product\/yoast-seo-wordpress\/ -->\n<title>ATOMIC.XP MOBILE - MST-Tech<\/title>\n<meta name=\"robots\" content=\"noindex, follow\" \/>\n<meta property=\"og:locale\" content=\"de_DE\" \/>\n<meta property=\"og:type\" content=\"article\" \/>\n<meta property=\"og:title\" content=\"ATOMIC.XP MOBILE - MST-Tech\" \/>\n<meta property=\"og:description\" content=\"ATOMIC.XP MOBILE Wheel Alignment adjustment at home. ATOMIC Mobile is an innovative instrument for measuring Wheel Alignment for Mobile Service, which offers the possibility of making alignment adjustments directly at the customer with all the practicality, speed and precision of the FASEP measuring system: all you need is a portable PC and the special kit...\" \/>\n<meta property=\"og:url\" content=\"https:\/\/msttech.at\/de\/atomic-xp-mobile\/\" \/>\n<meta property=\"og:site_name\" content=\"MST-Tech\" \/>\n<meta property=\"article:publisher\" content=\"https:\/\/www.facebook.com\/people\/MST-Tech\/61558570942178\/\" \/>\n<meta property=\"article:modified_time\" content=\"2024-12-16T20:21:42+00:00\" \/>\n<meta property=\"og:image\" content=\"https:\/\/msttech.at\/wp-content\/uploads\/2024\/12\/a507037-valigia-300x300.jpg\" \/>\n<meta name=\"twitter:card\" content=\"summary_large_image\" \/>\n<meta name=\"twitter:label1\" content=\"Gesch\u00e4tzte Lesezeit\" \/>\n\t<meta name=\"twitter:data1\" content=\"1 Minute\" \/>\n<script type=\"application\/ld+json\" class=\"yoast-schema-graph\">{\"@context\":\"https:\\\/\\\/schema.org\",\"@graph\":[{\"@type\":\"WebPage\",\"@id\":\"https:\\\/\\\/msttech.at\\\/atomic-xp-mobile\\\/\",\"url\":\"https:\\\/\\\/msttech.at\\\/atomic-xp-mobile\\\/\",\"name\":\"ATOMIC.XP MOBILE - MST-Tech\",\"isPartOf\":{\"@id\":\"https:\\\/\\\/msttech.at\\\/de\\\/#website\"},\"primaryImageOfPage\":{\"@id\":\"https:\\\/\\\/msttech.at\\\/atomic-xp-mobile\\\/#primaryimage\"},\"image\":{\"@id\":\"https:\\\/\\\/msttech.at\\\/atomic-xp-mobile\\\/#primaryimage\"},\"thumbnailUrl\":\"https:\\\/\\\/msttech.at\\\/wp-content\\\/uploads\\\/2024\\\/12\\\/a507037-valigia-300x300.jpg\",\"datePublished\":\"2024-12-16T20:14:07+00:00\",\"dateModified\":\"2024-12-16T20:21:42+00:00\",\"breadcrumb\":{\"@id\":\"https:\\\/\\\/msttech.at\\\/atomic-xp-mobile\\\/#breadcrumb\"},\"inLanguage\":\"de-AT\",\"potentialAction\":[{\"@type\":\"ReadAction\",\"target\":[\"https:\\\/\\\/msttech.at\\\/atomic-xp-mobile\\\/\"]}]},{\"@type\":\"ImageObject\",\"inLanguage\":\"de-AT\",\"@id\":\"https:\\\/\\\/msttech.at\\\/atomic-xp-mobile\\\/#primaryimage\",\"url\":\"https:\\\/\\\/msttech.at\\\/wp-content\\\/uploads\\\/2024\\\/12\\\/a507037-valigia-300x300.jpg\",\"contentUrl\":\"https:\\\/\\\/msttech.at\\\/wp-content\\\/uploads\\\/2024\\\/12\\\/a507037-valigia-300x300.jpg\"},{\"@type\":\"BreadcrumbList\",\"@id\":\"https:\\\/\\\/msttech.at\\\/atomic-xp-mobile\\\/#breadcrumb\",\"itemListElement\":[{\"@type\":\"ListItem\",\"position\":1,\"name\":\"Home\",\"item\":\"https:\\\/\\\/msttech.at\\\/\"},{\"@type\":\"ListItem\",\"position\":2,\"name\":\"ATOMIC.XP MOBILE\"}]},{\"@type\":\"WebSite\",\"@id\":\"https:\\\/\\\/msttech.at\\\/de\\\/#website\",\"url\":\"https:\\\/\\\/msttech.at\\\/de\\\/\",\"name\":\"MST-Tech\",\"description\":\"A Complete Solutions\",\"publisher\":{\"@id\":\"https:\\\/\\\/msttech.at\\\/de\\\/#organization\"},\"potentialAction\":[{\"@type\":\"SearchAction\",\"target\":{\"@type\":\"EntryPoint\",\"urlTemplate\":\"https:\\\/\\\/msttech.at\\\/de\\\/?s={search_term_string}\"},\"query-input\":{\"@type\":\"PropertyValueSpecification\",\"valueRequired\":true,\"valueName\":\"search_term_string\"}}],\"inLanguage\":\"de-AT\"},{\"@type\":\"Organization\",\"@id\":\"https:\\\/\\\/msttech.at\\\/de\\\/#organization\",\"name\":\"MST-Tech\",\"url\":\"https:\\\/\\\/msttech.at\\\/de\\\/\",\"logo\":{\"@type\":\"ImageObject\",\"inLanguage\":\"de-AT\",\"@id\":\"https:\\\/\\\/msttech.at\\\/de\\\/#\\\/schema\\\/logo\\\/image\\\/\",\"url\":\"https:\\\/\\\/msttech.at\\\/wp-content\\\/uploads\\\/2024\\\/02\\\/MSTlogo2.png\",\"contentUrl\":\"https:\\\/\\\/msttech.at\\\/wp-content\\\/uploads\\\/2024\\\/02\\\/MSTlogo2.png\",\"width\":422,\"height\":98,\"caption\":\"MST-Tech\"},\"image\":{\"@id\":\"https:\\\/\\\/msttech.at\\\/de\\\/#\\\/schema\\\/logo\\\/image\\\/\"},\"sameAs\":[\"https:\\\/\\\/www.facebook.com\\\/people\\\/MST-Tech\\\/61558570942178\\\/\"]}]}<\/script>\n<!-- \/ Yoast SEO plugin. -->","yoast_head_json":{"title":"ATOMIC.XP MOBILE - MST-Tech","robots":{"index":"noindex","follow":"follow"},"og_locale":"de_DE","og_type":"article","og_title":"ATOMIC.XP MOBILE - MST-Tech","og_description":"ATOMIC.XP MOBILE Wheel Alignment adjustment at home. ATOMIC Mobile is an innovative instrument for measuring Wheel Alignment for Mobile Service, which offers the possibility of making alignment adjustments directly at the customer with all the practicality, speed and precision of the FASEP measuring system: all you need is a portable PC and the special kit...","og_url":"https:\/\/msttech.at\/de\/atomic-xp-mobile\/","og_site_name":"MST-Tech","article_publisher":"https:\/\/www.facebook.com\/people\/MST-Tech\/61558570942178\/","article_modified_time":"2024-12-16T20:21:42+00:00","og_image":[{"url":"https:\/\/msttech.at\/wp-content\/uploads\/2024\/12\/a507037-valigia-300x300.jpg","type":"","width":"","height":""}],"twitter_card":"summary_large_image","twitter_misc":{"Gesch\u00e4tzte Lesezeit":"1 Minute"},"schema":{"@context":"https:\/\/schema.org","@graph":[{"@type":"WebPage","@id":"https:\/\/msttech.at\/atomic-xp-mobile\/","url":"https:\/\/msttech.at\/atomic-xp-mobile\/","name":"ATOMIC.XP MOBILE - MST-Tech","isPartOf":{"@id":"https:\/\/msttech.at\/de\/#website"},"primaryImageOfPage":{"@id":"https:\/\/msttech.at\/atomic-xp-mobile\/#primaryimage"},"image":{"@id":"https:\/\/msttech.at\/atomic-xp-mobile\/#primaryimage"},"thumbnailUrl":"https:\/\/msttech.at\/wp-content\/uploads\/2024\/12\/a507037-valigia-300x300.jpg","datePublished":"2024-12-16T20:14:07+00:00","dateModified":"2024-12-16T20:21:42+00:00","breadcrumb":{"@id":"https:\/\/msttech.at\/atomic-xp-mobile\/#breadcrumb"},"inLanguage":"de-AT","potentialAction":[{"@type":"ReadAction","target":["https:\/\/msttech.at\/atomic-xp-mobile\/"]}]},{"@type":"ImageObject","inLanguage":"de-AT","@id":"https:\/\/msttech.at\/atomic-xp-mobile\/#primaryimage","url":"https:\/\/msttech.at\/wp-content\/uploads\/2024\/12\/a507037-valigia-300x300.jpg","contentUrl":"https:\/\/msttech.at\/wp-content\/uploads\/2024\/12\/a507037-valigia-300x300.jpg"},{"@type":"BreadcrumbList","@id":"https:\/\/msttech.at\/atomic-xp-mobile\/#breadcrumb","itemListElement":[{"@type":"ListItem","position":1,"name":"Home","item":"https:\/\/msttech.at\/"},{"@type":"ListItem","position":2,"name":"ATOMIC.XP MOBILE"}]},{"@type":"WebSite","@id":"https:\/\/msttech.at\/de\/#website","url":"https:\/\/msttech.at\/de\/","name":"MST-Tech","description":"A Complete Solutions","publisher":{"@id":"https:\/\/msttech.at\/de\/#organization"},"potentialAction":[{"@type":"SearchAction","target":{"@type":"EntryPoint","urlTemplate":"https:\/\/msttech.at\/de\/?s={search_term_string}"},"query-input":{"@type":"PropertyValueSpecification","valueRequired":true,"valueName":"search_term_string"}}],"inLanguage":"de-AT"},{"@type":"Organization","@id":"https:\/\/msttech.at\/de\/#organization","name":"MST-Tech","url":"https:\/\/msttech.at\/de\/","logo":{"@type":"ImageObject","inLanguage":"de-AT","@id":"https:\/\/msttech.at\/de\/#\/schema\/logo\/image\/","url":"https:\/\/msttech.at\/wp-content\/uploads\/2024\/02\/MSTlogo2.png","contentUrl":"https:\/\/msttech.at\/wp-content\/uploads\/2024\/02\/MSTlogo2.png","width":422,"height":98,"caption":"MST-Tech"},"image":{"@id":"https:\/\/msttech.at\/de\/#\/schema\/logo\/image\/"},"sameAs":["https:\/\/www.facebook.com\/people\/MST-Tech\/61558570942178\/"]}]}},"_links":{"self":[{"href":"https:\/\/msttech.at\/de\/wp-json\/wp\/v2\/pages\/988675","targetHints":{"allow":["GET"]}}],"collection":[{"href":"https:\/\/msttech.at\/de\/wp-json\/wp\/v2\/pages"}],"about":[{"href":"https:\/\/msttech.at\/de\/wp-json\/wp\/v2\/types\/page"}],"author":[{"embeddable":true,"href":"https:\/\/msttech.at\/de\/wp-json\/wp\/v2\/users\/1"}],"replies":[{"embeddable":true,"href":"https:\/\/msttech.at\/de\/wp-json\/wp\/v2\/comments?post=988675"}],"version-history":[{"count":4,"href":"https:\/\/msttech.at\/de\/wp-json\/wp\/v2\/pages\/988675\/revisions"}],"predecessor-version":[{"id":988699,"href":"https:\/\/msttech.at\/de\/wp-json\/wp\/v2\/pages\/988675\/revisions\/988699"}],"wp:attachment":[{"href":"https:\/\/msttech.at\/de\/wp-json\/wp\/v2\/media?parent=988675"}],"curies":[{"name":"wp","href":"https:\/\/api.w.org\/{rel}","templated":true}]}}