{"id":988225,"date":"2024-04-22T21:08:45","date_gmt":"2024-04-22T21:08:45","guid":{"rendered":"https:\/\/msttech.at\/?page_id=988225"},"modified":"2025-11-19T19:42:48","modified_gmt":"2025-11-19T19:42:48","slug":"news-51","status":"publish","type":"page","link":"https:\/\/msttech.at\/de\/news-51\/","title":{"rendered":"Verkehrs- und Sicherheitspoller"},"content":{"rendered":"<div data-elementor-type=\"wp-page\" data-elementor-id=\"988225\" class=\"elementor elementor-988225\" data-elementor-post-type=\"page\">\n\t\t\t\t\t\t<section class=\"elementor-section elementor-top-section elementor-element elementor-element-1ad926b elementor-section-boxed elementor-section-height-default elementor-section-height-default\" data-id=\"1ad926b\" data-element_type=\"section\" data-e-type=\"section\">\n\t\t\t\t\t\t<div class=\"elementor-container elementor-column-gap-no\">\n\t\t\t\t\t<div class=\"elementor-column elementor-col-100 elementor-top-column elementor-element elementor-element-34590f3\" data-id=\"34590f3\" data-element_type=\"column\" data-e-type=\"column\">\n\t\t\t<div class=\"elementor-widget-wrap elementor-element-populated\">\n\t\t\t\t\t\t<div class=\"elementor-element elementor-element-0855f64 elementor-widget elementor-widget-spacer\" data-id=\"0855f64\" data-element_type=\"widget\" data-e-type=\"widget\" data-widget_type=\"spacer.default\">\n\t\t\t\t<div class=\"elementor-widget-container\">\n\t\t\t\t\t\t\t<div class=\"elementor-spacer\">\n\t\t\t<div class=\"elementor-spacer-inner\"><\/div>\n\t\t<\/div>\n\t\t\t\t\t\t<\/div>\n\t\t\t\t<\/div>\n\t\t\t\t\t<\/div>\n\t\t<\/div>\n\t\t\t\t\t<\/div>\n\t\t<\/section>\n\t\t<div class=\"elementor-element elementor-element-a187793 e-flex e-con-boxed e-con e-parent\" data-id=\"a187793\" data-element_type=\"container\" data-e-type=\"container\">\n\t\t\t\t\t<div class=\"e-con-inner\">\n\t\t\t\t<div class=\"elementor-element elementor-element-dda62df elementor-widget elementor-widget-heading\" data-id=\"dda62df\" data-element_type=\"widget\" data-e-type=\"widget\" data-widget_type=\"heading.default\">\n\t\t\t\t<div class=\"elementor-widget-container\">\n\t\t\t\t\t<h2 class=\"elementor-heading-title elementor-size-default\">Verkehrs- und Sicherheitspoller<\/h2>\t\t\t\t<\/div>\n\t\t\t\t<\/div>\n\t\t\t\t\t<\/div>\n\t\t\t\t<\/div>\n\t\t<div class=\"elementor-element elementor-element-b6882bc e-flex e-con-boxed e-con e-parent\" data-id=\"b6882bc\" data-element_type=\"container\" data-e-type=\"container\">\n\t\t\t\t\t<div class=\"e-con-inner\">\n\t\t\t\t<div class=\"elementor-element elementor-element-3e6c7a5 elementor-widget elementor-widget-text-editor\" data-id=\"3e6c7a5\" data-element_type=\"widget\" data-e-type=\"widget\" data-widget_type=\"text-editor.default\">\n\t\t\t\t<div class=\"elementor-widget-container\">\n\t\t\t\t\t\t\t\t\t<p>Die Verkehrspoller von MST-Tech helfen, den Verkehrsfluss zu lenken und historische oder weniger bekannte Bereiche unserer St\u00e4dte aufzuwerten. Und das alles mit besonderem Augenmerk auf das Design. MST-Tech bietet unter anderem versenkbare Modelle an, die die Landschaft nicht beeintr\u00e4chtigen und keine Freifl\u00e4chen erfordern: Es reicht aus, sie einzufahren, um den freien Verkehrsfluss zu erm\u00f6glichen.<\/p><p>Die Anti-Terror-Poller hingegen wurden entwickelt, um dem immer st\u00e4rker werdenden Sicherheitsbed\u00fcrfnis im zivilen Bereich gerecht zu werden sowie sensible Orte und Geb\u00e4ude dauerhaft abzusperren. MST-Tech bietet Produkte an, die den Standards PAS 68, IWA 14-1, ASTM F2656 entsprechen, d.h. sie sind in der Lage, einen 7,5 Tonnen schweren LKW, der mit einer Geschwindigkeit von 50 oder 80 km\/h auff\u00e4hrt, zum Stillstand zu bringen, eine Funktion, die auch nach dem Aufprall gesichert ist.<\/p>\t\t\t\t\t\t\t\t<\/div>\n\t\t\t\t<\/div>\n\t\t\t\t<div class=\"elementor-element elementor-element-cbcd0a6 elementor-widget elementor-widget-text-editor\" data-id=\"cbcd0a6\" data-element_type=\"widget\" data-e-type=\"widget\" data-widget_type=\"text-editor.default\">\n\t\t\t\t<div class=\"elementor-widget-container\">\n\t\t\t\t\t\t\t\t\t<p class=\"translation-block\"><strong>Automatische Verkehrspoller f\u00fcr gewerbliche, industrielle und st\u00e4dtische Gebiete<\/strong><br><strong>Automatische Hochsicherheitspoller f\u00fcr den Einsatz im Perimeterschutz<\/strong><br><strong>Halbautomatische Verkehrspoller f\u00fcr gewerbliche, industrielle und st\u00e4dtische Gebiete<\/strong><br><strong>Fest installierte Verkehrspoller f\u00fcr gewerbliche, industrielle und st\u00e4dtische Gebiete<\/strong><br><strong>Zertifizierte fest installierte Sicherheitspoller f\u00fcr den Einsatz im Perimeterschutz<\/strong><br><strong>Zertifizierte abnehmbare Poller f\u00fcr den Einsatz im Perimeterschutz<\/strong><\/p>\t\t\t\t\t\t\t\t<\/div>\n\t\t\t\t<\/div>\n\t\t\t\t\t<\/div>\n\t\t\t\t<\/div>\n\t\t<div class=\"elementor-element elementor-element-df405ff e-con-full e-flex e-con e-parent\" data-id=\"df405ff\" data-element_type=\"container\" data-e-type=\"container\">\n\t\t<div class=\"elementor-element elementor-element-4a3260d e-con-full e-flex e-con e-child\" data-id=\"4a3260d\" data-element_type=\"container\" data-e-type=\"container\">\n\t\t\t\t<div class=\"elementor-element elementor-element-aefe239 elementor-widget elementor-widget-image\" data-id=\"aefe239\" data-element_type=\"widget\" data-e-type=\"widget\" data-widget_type=\"image.default\">\n\t\t\t\t<div class=\"elementor-widget-container\">\n\t\t\t\t\t\t\t\t\t\t\t\t\t\t\t<img fetchpriority=\"high\" decoding=\"async\" width=\"366\" height=\"243\" src=\"https:\/\/msttech.at\/wp-content\/uploads\/2024\/04\/REMOVABLE_BOLLARDS.jpg\" class=\"attachment-large size-large wp-image-988229\" alt=\"\" srcset=\"https:\/\/msttech.at\/wp-content\/uploads\/2024\/04\/REMOVABLE_BOLLARDS.jpg 366w, https:\/\/msttech.at\/wp-content\/uploads\/2024\/04\/REMOVABLE_BOLLARDS-300x199.jpg 300w\" sizes=\"(max-width: 366px) 100vw, 366px\" \/>\t\t\t\t\t\t\t\t\t\t\t\t\t\t\t<\/div>\n\t\t\t\t<\/div>\n\t\t\t\t<\/div>\n\t\t<div class=\"elementor-element elementor-element-72e4cd4 e-con-full e-flex e-con e-child\" data-id=\"72e4cd4\" data-element_type=\"container\" data-e-type=\"container\">\n\t\t\t\t<div class=\"elementor-element elementor-element-ccabbd3 elementor-widget elementor-widget-image\" data-id=\"ccabbd3\" data-element_type=\"widget\" data-e-type=\"widget\" data-widget_type=\"image.default\">\n\t\t\t\t<div class=\"elementor-widget-container\">\n\t\t\t\t\t\t\t\t\t\t\t\t\t\t\t<img decoding=\"async\" width=\"765\" height=\"508\" src=\"https:\/\/msttech.at\/wp-content\/uploads\/2024\/04\/Dissuasori_Semi_Automatici.jpg\" class=\"attachment-large size-large wp-image-988228\" alt=\"\" srcset=\"https:\/\/msttech.at\/wp-content\/uploads\/2024\/04\/Dissuasori_Semi_Automatici.jpg 765w, https:\/\/msttech.at\/wp-content\/uploads\/2024\/04\/Dissuasori_Semi_Automatici-300x199.jpg 300w\" sizes=\"(max-width: 765px) 100vw, 765px\" \/>\t\t\t\t\t\t\t\t\t\t\t\t\t\t\t<\/div>\n\t\t\t\t<\/div>\n\t\t\t\t<\/div>\n\t\t<div class=\"elementor-element elementor-element-1e744fe e-con-full e-flex e-con e-child\" data-id=\"1e744fe\" data-element_type=\"container\" data-e-type=\"container\">\n\t\t\t\t<div class=\"elementor-element elementor-element-e030bb0 elementor-widget elementor-widget-image\" data-id=\"e030bb0\" data-element_type=\"widget\" data-e-type=\"widget\" data-widget_type=\"image.default\">\n\t\t\t\t<div class=\"elementor-widget-container\">\n\t\t\t\t\t\t\t\t\t\t\t\t\t\t\t<img decoding=\"async\" width=\"765\" height=\"510\" src=\"https:\/\/msttech.at\/wp-content\/uploads\/2024\/04\/REMOVABLE_BOLLARDS_Ambasciata.jpg\" class=\"attachment-large size-large wp-image-988227\" alt=\"\" srcset=\"https:\/\/msttech.at\/wp-content\/uploads\/2024\/04\/REMOVABLE_BOLLARDS_Ambasciata.jpg 765w, https:\/\/msttech.at\/wp-content\/uploads\/2024\/04\/REMOVABLE_BOLLARDS_Ambasciata-300x200.jpg 300w\" sizes=\"(max-width: 765px) 100vw, 765px\" \/>\t\t\t\t\t\t\t\t\t\t\t\t\t\t\t<\/div>\n\t\t\t\t<\/div>\n\t\t\t\t<\/div>\n\t\t<div class=\"elementor-element elementor-element-11ede43 e-con-full e-flex e-con e-child\" data-id=\"11ede43\" data-element_type=\"container\" data-e-type=\"container\">\n\t\t\t\t<div class=\"elementor-element elementor-element-776f772 elementor-widget elementor-widget-image\" data-id=\"776f772\" data-element_type=\"widget\" data-e-type=\"widget\" data-widget_type=\"image.default\">\n\t\t\t\t<div class=\"elementor-widget-container\">\n\t\t\t\t\t\t\t\t\t\t\t\t\t\t\t<img loading=\"lazy\" decoding=\"async\" width=\"765\" height=\"510\" src=\"https:\/\/msttech.at\/wp-content\/uploads\/2024\/04\/Dissuasori_Fissi.jpg\" class=\"attachment-large size-large wp-image-988226\" alt=\"\" srcset=\"https:\/\/msttech.at\/wp-content\/uploads\/2024\/04\/Dissuasori_Fissi.jpg 765w, https:\/\/msttech.at\/wp-content\/uploads\/2024\/04\/Dissuasori_Fissi-300x200.jpg 300w\" sizes=\"(max-width: 765px) 100vw, 765px\" \/>\t\t\t\t\t\t\t\t\t\t\t\t\t\t\t<\/div>\n\t\t\t\t<\/div>\n\t\t\t\t<\/div>\n\t\t\t\t<\/div>\n\t\t\t\t<\/div>","protected":false},"excerpt":{"rendered":"<p>Traffic and safety bollards MST-Tech traffic bollards help direct the flow of transportation and enhance historical or lesser-known areas of our cities. And all this with particular attention to design. MST-Tech offers, among other things, retractable models that do not affect the landscape and do not require free movement areas: it is enough to retract&#8230;<\/p>","protected":false},"author":1,"featured_media":0,"parent":0,"menu_order":0,"comment_status":"closed","ping_status":"closed","template":"","meta":{"footnotes":""},"class_list":["post-988225","page","type-page","status-publish","hentry"],"yoast_head":"<!-- This site is optimized with the Yoast SEO plugin v27.4 - https:\/\/yoast.com\/product\/yoast-seo-wordpress\/ -->\n<title>Traffic and safety bollards - MST-Tech<\/title>\n<meta name=\"robots\" content=\"noindex, follow\" \/>\n<meta property=\"og:locale\" content=\"de_DE\" \/>\n<meta property=\"og:type\" content=\"article\" \/>\n<meta property=\"og:title\" content=\"Traffic and safety bollards - MST-Tech\" \/>\n<meta property=\"og:description\" content=\"Traffic and safety bollards MST-Tech traffic bollards help direct the flow of transportation and enhance historical or lesser-known areas of our cities. And all this with particular attention to design. MST-Tech offers, among other things, retractable models that do not affect the landscape and do not require free movement areas: it is enough to retract...\" \/>\n<meta property=\"og:url\" content=\"https:\/\/msttech.at\/de\/news-51\/\" \/>\n<meta property=\"og:site_name\" content=\"MST-Tech\" \/>\n<meta property=\"article:publisher\" content=\"https:\/\/www.facebook.com\/people\/MST-Tech\/61558570942178\/\" \/>\n<meta property=\"article:modified_time\" content=\"2025-11-19T19:42:48+00:00\" \/>\n<meta property=\"og:image\" content=\"https:\/\/msttech.at\/wp-content\/uploads\/2024\/04\/REMOVABLE_BOLLARDS.jpg\" \/>\n<meta name=\"twitter:card\" content=\"summary_large_image\" \/>\n<meta name=\"twitter:label1\" content=\"Gesch\u00e4tzte Lesezeit\" \/>\n\t<meta name=\"twitter:data1\" content=\"2 Minuten\" \/>\n<script type=\"application\/ld+json\" class=\"yoast-schema-graph\">{\"@context\":\"https:\\\/\\\/schema.org\",\"@graph\":[{\"@type\":\"WebPage\",\"@id\":\"https:\\\/\\\/msttech.at\\\/news-51\\\/\",\"url\":\"https:\\\/\\\/msttech.at\\\/news-51\\\/\",\"name\":\"Traffic and safety bollards - MST-Tech\",\"isPartOf\":{\"@id\":\"https:\\\/\\\/msttech.at\\\/de\\\/#website\"},\"primaryImageOfPage\":{\"@id\":\"https:\\\/\\\/msttech.at\\\/news-51\\\/#primaryimage\"},\"image\":{\"@id\":\"https:\\\/\\\/msttech.at\\\/news-51\\\/#primaryimage\"},\"thumbnailUrl\":\"https:\\\/\\\/msttech.at\\\/wp-content\\\/uploads\\\/2024\\\/04\\\/REMOVABLE_BOLLARDS.jpg\",\"datePublished\":\"2024-04-22T21:08:45+00:00\",\"dateModified\":\"2025-11-19T19:42:48+00:00\",\"breadcrumb\":{\"@id\":\"https:\\\/\\\/msttech.at\\\/news-51\\\/#breadcrumb\"},\"inLanguage\":\"de-AT\",\"potentialAction\":[{\"@type\":\"ReadAction\",\"target\":[\"https:\\\/\\\/msttech.at\\\/news-51\\\/\"]}]},{\"@type\":\"ImageObject\",\"inLanguage\":\"de-AT\",\"@id\":\"https:\\\/\\\/msttech.at\\\/news-51\\\/#primaryimage\",\"url\":\"https:\\\/\\\/msttech.at\\\/wp-content\\\/uploads\\\/2024\\\/04\\\/REMOVABLE_BOLLARDS.jpg\",\"contentUrl\":\"https:\\\/\\\/msttech.at\\\/wp-content\\\/uploads\\\/2024\\\/04\\\/REMOVABLE_BOLLARDS.jpg\"},{\"@type\":\"BreadcrumbList\",\"@id\":\"https:\\\/\\\/msttech.at\\\/news-51\\\/#breadcrumb\",\"itemListElement\":[{\"@type\":\"ListItem\",\"position\":1,\"name\":\"Home\",\"item\":\"https:\\\/\\\/msttech.at\\\/\"},{\"@type\":\"ListItem\",\"position\":2,\"name\":\"Traffic and safety bollards\"}]},{\"@type\":\"WebSite\",\"@id\":\"https:\\\/\\\/msttech.at\\\/de\\\/#website\",\"url\":\"https:\\\/\\\/msttech.at\\\/de\\\/\",\"name\":\"MST-Tech\",\"description\":\"A Complete Solutions\",\"publisher\":{\"@id\":\"https:\\\/\\\/msttech.at\\\/de\\\/#organization\"},\"potentialAction\":[{\"@type\":\"SearchAction\",\"target\":{\"@type\":\"EntryPoint\",\"urlTemplate\":\"https:\\\/\\\/msttech.at\\\/de\\\/?s={search_term_string}\"},\"query-input\":{\"@type\":\"PropertyValueSpecification\",\"valueRequired\":true,\"valueName\":\"search_term_string\"}}],\"inLanguage\":\"de-AT\"},{\"@type\":\"Organization\",\"@id\":\"https:\\\/\\\/msttech.at\\\/de\\\/#organization\",\"name\":\"MST-Tech\",\"url\":\"https:\\\/\\\/msttech.at\\\/de\\\/\",\"logo\":{\"@type\":\"ImageObject\",\"inLanguage\":\"de-AT\",\"@id\":\"https:\\\/\\\/msttech.at\\\/de\\\/#\\\/schema\\\/logo\\\/image\\\/\",\"url\":\"https:\\\/\\\/msttech.at\\\/wp-content\\\/uploads\\\/2024\\\/02\\\/MSTlogo2.png\",\"contentUrl\":\"https:\\\/\\\/msttech.at\\\/wp-content\\\/uploads\\\/2024\\\/02\\\/MSTlogo2.png\",\"width\":422,\"height\":98,\"caption\":\"MST-Tech\"},\"image\":{\"@id\":\"https:\\\/\\\/msttech.at\\\/de\\\/#\\\/schema\\\/logo\\\/image\\\/\"},\"sameAs\":[\"https:\\\/\\\/www.facebook.com\\\/people\\\/MST-Tech\\\/61558570942178\\\/\"]}]}<\/script>\n<!-- \/ Yoast SEO plugin. -->","yoast_head_json":{"title":"Traffic and safety bollards - MST-Tech","robots":{"index":"noindex","follow":"follow"},"og_locale":"de_DE","og_type":"article","og_title":"Traffic and safety bollards - MST-Tech","og_description":"Traffic and safety bollards MST-Tech traffic bollards help direct the flow of transportation and enhance historical or lesser-known areas of our cities. And all this with particular attention to design. MST-Tech offers, among other things, retractable models that do not affect the landscape and do not require free movement areas: it is enough to retract...","og_url":"https:\/\/msttech.at\/de\/news-51\/","og_site_name":"MST-Tech","article_publisher":"https:\/\/www.facebook.com\/people\/MST-Tech\/61558570942178\/","article_modified_time":"2025-11-19T19:42:48+00:00","og_image":[{"url":"https:\/\/msttech.at\/wp-content\/uploads\/2024\/04\/REMOVABLE_BOLLARDS.jpg","type":"","width":"","height":""}],"twitter_card":"summary_large_image","twitter_misc":{"Gesch\u00e4tzte Lesezeit":"2 Minuten"},"schema":{"@context":"https:\/\/schema.org","@graph":[{"@type":"WebPage","@id":"https:\/\/msttech.at\/news-51\/","url":"https:\/\/msttech.at\/news-51\/","name":"Traffic and safety bollards - MST-Tech","isPartOf":{"@id":"https:\/\/msttech.at\/de\/#website"},"primaryImageOfPage":{"@id":"https:\/\/msttech.at\/news-51\/#primaryimage"},"image":{"@id":"https:\/\/msttech.at\/news-51\/#primaryimage"},"thumbnailUrl":"https:\/\/msttech.at\/wp-content\/uploads\/2024\/04\/REMOVABLE_BOLLARDS.jpg","datePublished":"2024-04-22T21:08:45+00:00","dateModified":"2025-11-19T19:42:48+00:00","breadcrumb":{"@id":"https:\/\/msttech.at\/news-51\/#breadcrumb"},"inLanguage":"de-AT","potentialAction":[{"@type":"ReadAction","target":["https:\/\/msttech.at\/news-51\/"]}]},{"@type":"ImageObject","inLanguage":"de-AT","@id":"https:\/\/msttech.at\/news-51\/#primaryimage","url":"https:\/\/msttech.at\/wp-content\/uploads\/2024\/04\/REMOVABLE_BOLLARDS.jpg","contentUrl":"https:\/\/msttech.at\/wp-content\/uploads\/2024\/04\/REMOVABLE_BOLLARDS.jpg"},{"@type":"BreadcrumbList","@id":"https:\/\/msttech.at\/news-51\/#breadcrumb","itemListElement":[{"@type":"ListItem","position":1,"name":"Home","item":"https:\/\/msttech.at\/"},{"@type":"ListItem","position":2,"name":"Traffic and safety bollards"}]},{"@type":"WebSite","@id":"https:\/\/msttech.at\/de\/#website","url":"https:\/\/msttech.at\/de\/","name":"MST-Tech","description":"A Complete Solutions","publisher":{"@id":"https:\/\/msttech.at\/de\/#organization"},"potentialAction":[{"@type":"SearchAction","target":{"@type":"EntryPoint","urlTemplate":"https:\/\/msttech.at\/de\/?s={search_term_string}"},"query-input":{"@type":"PropertyValueSpecification","valueRequired":true,"valueName":"search_term_string"}}],"inLanguage":"de-AT"},{"@type":"Organization","@id":"https:\/\/msttech.at\/de\/#organization","name":"MST-Tech","url":"https:\/\/msttech.at\/de\/","logo":{"@type":"ImageObject","inLanguage":"de-AT","@id":"https:\/\/msttech.at\/de\/#\/schema\/logo\/image\/","url":"https:\/\/msttech.at\/wp-content\/uploads\/2024\/02\/MSTlogo2.png","contentUrl":"https:\/\/msttech.at\/wp-content\/uploads\/2024\/02\/MSTlogo2.png","width":422,"height":98,"caption":"MST-Tech"},"image":{"@id":"https:\/\/msttech.at\/de\/#\/schema\/logo\/image\/"},"sameAs":["https:\/\/www.facebook.com\/people\/MST-Tech\/61558570942178\/"]}]}},"_links":{"self":[{"href":"https:\/\/msttech.at\/de\/wp-json\/wp\/v2\/pages\/988225","targetHints":{"allow":["GET"]}}],"collection":[{"href":"https:\/\/msttech.at\/de\/wp-json\/wp\/v2\/pages"}],"about":[{"href":"https:\/\/msttech.at\/de\/wp-json\/wp\/v2\/types\/page"}],"author":[{"embeddable":true,"href":"https:\/\/msttech.at\/de\/wp-json\/wp\/v2\/users\/1"}],"replies":[{"embeddable":true,"href":"https:\/\/msttech.at\/de\/wp-json\/wp\/v2\/comments?post=988225"}],"version-history":[{"count":4,"href":"https:\/\/msttech.at\/de\/wp-json\/wp\/v2\/pages\/988225\/revisions"}],"predecessor-version":[{"id":989813,"href":"https:\/\/msttech.at\/de\/wp-json\/wp\/v2\/pages\/988225\/revisions\/989813"}],"wp:attachment":[{"href":"https:\/\/msttech.at\/de\/wp-json\/wp\/v2\/media?parent=988225"}],"curies":[{"name":"wp","href":"https:\/\/api.w.org\/{rel}","templated":true}]}}