{"id":988216,"date":"2024-04-22T21:00:40","date_gmt":"2024-04-22T21:00:40","guid":{"rendered":"https:\/\/msttech.at\/?page_id=988216"},"modified":"2025-11-19T19:42:28","modified_gmt":"2025-11-19T19:42:28","slug":"news-49","status":"publish","type":"page","link":"https:\/\/msttech.at\/de\/news-49\/","title":{"rendered":"LOBEMA Strong"},"content":{"rendered":"<div data-elementor-type=\"wp-page\" data-elementor-id=\"988216\" class=\"elementor elementor-988216\" data-elementor-post-type=\"page\">\n\t\t\t\t\t\t<section class=\"elementor-section elementor-top-section elementor-element elementor-element-1ad926b elementor-section-boxed elementor-section-height-default elementor-section-height-default\" data-id=\"1ad926b\" data-element_type=\"section\" data-e-type=\"section\">\n\t\t\t\t\t\t<div class=\"elementor-container elementor-column-gap-no\">\n\t\t\t\t\t<div class=\"elementor-column elementor-col-100 elementor-top-column elementor-element elementor-element-34590f3\" data-id=\"34590f3\" data-element_type=\"column\" data-e-type=\"column\">\n\t\t\t<div class=\"elementor-widget-wrap elementor-element-populated\">\n\t\t\t\t\t\t<div class=\"elementor-element elementor-element-0855f64 elementor-widget elementor-widget-spacer\" data-id=\"0855f64\" data-element_type=\"widget\" data-e-type=\"widget\" data-widget_type=\"spacer.default\">\n\t\t\t\t<div class=\"elementor-widget-container\">\n\t\t\t\t\t\t\t<div class=\"elementor-spacer\">\n\t\t\t<div class=\"elementor-spacer-inner\"><\/div>\n\t\t<\/div>\n\t\t\t\t\t\t<\/div>\n\t\t\t\t<\/div>\n\t\t\t\t\t<\/div>\n\t\t<\/div>\n\t\t\t\t\t<\/div>\n\t\t<\/section>\n\t\t<div class=\"elementor-element elementor-element-a187793 e-flex e-con-boxed e-con e-parent\" data-id=\"a187793\" data-element_type=\"container\" data-e-type=\"container\">\n\t\t\t\t\t<div class=\"e-con-inner\">\n\t\t\t\t<div class=\"elementor-element elementor-element-dda62df elementor-widget elementor-widget-heading\" data-id=\"dda62df\" data-element_type=\"widget\" data-e-type=\"widget\" data-widget_type=\"heading.default\">\n\t\t\t\t<div class=\"elementor-widget-container\">\n\t\t\t\t\t<h2 class=\"elementor-heading-title elementor-size-default\">LOBEMA Strong<\/h2>\t\t\t\t<\/div>\n\t\t\t\t<\/div>\n\t\t\t\t\t<\/div>\n\t\t\t\t<\/div>\n\t\t<div class=\"elementor-element elementor-element-b6882bc e-flex e-con-boxed e-con e-parent\" data-id=\"b6882bc\" data-element_type=\"container\" data-e-type=\"container\">\n\t\t\t\t\t<div class=\"e-con-inner\">\n\t\t\t\t<div class=\"elementor-element elementor-element-3e6c7a5 elementor-widget elementor-widget-text-editor\" data-id=\"3e6c7a5\" data-element_type=\"widget\" data-e-type=\"widget\" data-widget_type=\"text-editor.default\">\n\t\t\t\t<div class=\"elementor-widget-container\">\n\t\t\t\t\t\t\t\t\t<div id=\"c950\" class=\"frame frame-default frame-type-text frame-layout-0\">Die LOBEMA Strong ist das Flaggschiff der LOBEMA Produktpalette und verdankt ihre gro\u00dfe Beliebtheit der hohen Qualit\u00e4t und der einfachen Bedienung. Das modulare System mit vielen Optionen erm\u00f6glicht es Ihnen, die LOBEMA Strong nach Ihren Vorstellungen und Bed\u00fcrfnissen anzupassen. Die bis zu 13 m lange Maschine ist auf dem neuesten Stand der Technik und verarbeitet Bleche bis zu 3 mm Dicke.<\/div><div>\u00a0<\/div><div class=\"translation-block\">Prospekt: \u200b\u200b<a href=\"https:\/\/msttech.at\/wp-content\/uploads\/2024\/12\/Lobema_Strong_EN.pdf\" data-type=\"URL\" data-id=\"https:\/\/msttech.at\/wp-content\/uploads\/2024\/12\/Lobema_Strong_EN.pdf\" target=\"_self\">Herunterladen<\/a><\/div>\t\t\t\t\t\t\t\t<\/div>\n\t\t\t\t<\/div>\n\t\t\t\t\t<\/div>\n\t\t\t\t<\/div>\n\t\t<div class=\"elementor-element elementor-element-22424ee e-flex e-con-boxed e-con e-parent\" data-id=\"22424ee\" data-element_type=\"container\" data-e-type=\"container\">\n\t\t\t\t\t<div class=\"e-con-inner\">\n\t\t\t\t<div class=\"elementor-element elementor-element-fb1916b elementor-widget elementor-widget-image\" data-id=\"fb1916b\" data-element_type=\"widget\" data-e-type=\"widget\" data-widget_type=\"image.default\">\n\t\t\t\t<div class=\"elementor-widget-container\">\n\t\t\t\t\t\t\t\t\t\t\t\t\t\t\t<img fetchpriority=\"high\" decoding=\"async\" width=\"2712\" height=\"612\" src=\"https:\/\/msttech.at\/wp-content\/uploads\/2024\/04\/Screenshot_1.png\" class=\"attachment-full size-full wp-image-988217\" alt=\"\" srcset=\"https:\/\/msttech.at\/wp-content\/uploads\/2024\/04\/Screenshot_1.png 2712w, https:\/\/msttech.at\/wp-content\/uploads\/2024\/04\/Screenshot_1-300x68.png 300w, https:\/\/msttech.at\/wp-content\/uploads\/2024\/04\/Screenshot_1-1024x231.png 1024w, https:\/\/msttech.at\/wp-content\/uploads\/2024\/04\/Screenshot_1-768x173.png 768w, https:\/\/msttech.at\/wp-content\/uploads\/2024\/04\/Screenshot_1-1536x347.png 1536w, https:\/\/msttech.at\/wp-content\/uploads\/2024\/04\/Screenshot_1-2048x462.png 2048w\" sizes=\"(max-width: 2712px) 100vw, 2712px\" \/>\t\t\t\t\t\t\t\t\t\t\t\t\t\t\t<\/div>\n\t\t\t\t<\/div>\n\t\t\t\t\t<\/div>\n\t\t\t\t<\/div>\n\t\t<div class=\"elementor-element elementor-element-2712271 e-flex e-con-boxed e-con e-parent\" data-id=\"2712271\" data-element_type=\"container\" data-e-type=\"container\">\n\t\t\t\t\t<div class=\"e-con-inner\">\n\t\t<div class=\"elementor-element elementor-element-e58c463 e-con-full e-flex e-con e-child\" data-id=\"e58c463\" data-element_type=\"container\" data-e-type=\"container\">\n\t\t\t\t<div class=\"elementor-element elementor-element-8c11f85 elementor-widget elementor-widget-text-editor\" data-id=\"8c11f85\" data-element_type=\"widget\" data-e-type=\"widget\" data-widget_type=\"text-editor.default\">\n\t\t\t\t<div class=\"elementor-widget-container\">\n\t\t\t\t\t\t\t\t\t<div class=\"wp-block-column is-layout-flow wp-block-column-is-layout-flow\"><h5 class=\"wp-block-heading\">Ober- und Biegewange<\/h5><p class=\"translation-block\">Durch die Verarbeitung von starken Materialien sind die Anforderungen an Ober- und Biegewange deutlich gestiegen.<br>LOBEMA Strong ist aus hochwertigen<br>Komponenten gefertigt, um die Lebensdauer zu erh\u00f6hen und eine hohe Biegegenauigkeit lange zu gew\u00e4hrleisten.<\/p><\/div>\t\t\t\t\t\t\t\t<\/div>\n\t\t\t\t<\/div>\n\t\t\t\t<\/div>\n\t\t<div class=\"elementor-element elementor-element-ed04ad2 e-con-full e-flex e-con e-child\" data-id=\"ed04ad2\" data-element_type=\"container\" data-e-type=\"container\">\n\t\t\t\t<div class=\"elementor-element elementor-element-4c62a9f elementor-widget elementor-widget-text-editor\" data-id=\"4c62a9f\" data-element_type=\"widget\" data-e-type=\"widget\" data-widget_type=\"text-editor.default\">\n\t\t\t\t<div class=\"elementor-widget-container\">\n\t\t\t\t\t\t\t\t\t<div class=\"wp-block-column is-layout-flow wp-block-column-is-layout-flow\"><div class=\"wp-block-column is-layout-flow wp-block-column-is-layout-flow\"><h5 class=\"wp-block-heading\">Hydraulik<\/h5><p class=\"translation-block\">Ger\u00e4uscharmes Arbeiten wird durch hochwertige Komponenten erm\u00f6glicht.<br>Das Hydraulikaggregat ist frequenzgeregelt und erm\u00f6glicht ein sanftes und zugleich schnelles Biegen.<br>Der Hydraulikmotor wird bei Stillstand automatisch abgeschaltet. Das erh\u00f6ht die Energieeffizienz und spart Kosten.<\/p><\/div><\/div>\t\t\t\t\t\t\t\t<\/div>\n\t\t\t\t<\/div>\n\t\t\t\t<\/div>\n\t\t<div class=\"elementor-element elementor-element-a49dd02 e-con-full e-flex e-con e-child\" data-id=\"a49dd02\" data-element_type=\"container\" data-e-type=\"container\">\n\t\t\t\t<div class=\"elementor-element elementor-element-07030f9 elementor-widget elementor-widget-text-editor\" data-id=\"07030f9\" data-element_type=\"widget\" data-e-type=\"widget\" data-widget_type=\"text-editor.default\">\n\t\t\t\t<div class=\"elementor-widget-container\">\n\t\t\t\t\t\t\t\t\t<div class=\"wp-block-column is-layout-flow wp-block-column-is-layout-flow\"><div class=\"wp-block-column is-layout-flow wp-block-column-is-layout-flow\"><h5 class=\"wp-block-heading\">Sicherheit-sausr\u00fcstung<\/h5><p class=\"translation-block\">Die Sicherheitseinrichtungen sind auf dem neuesten Stand.<br>Zum<br>Einklemmschutz sind zwei Lichtschranken eingebaut.<br>Eine Lichtschranke sichert die Presswange und eine weitere den Schneidschlitten.<br>Durch den<br>Fu\u00dfb\u00fcgel l\u00e4sst sich die Maschine jederzeit und in jeder<br>Position abschalten.<\/p><\/div><\/div>\t\t\t\t\t\t\t\t<\/div>\n\t\t\t\t<\/div>\n\t\t\t\t<\/div>\n\t\t<div class=\"elementor-element elementor-element-613a8ef e-con-full e-flex e-con e-child\" data-id=\"613a8ef\" data-element_type=\"container\" data-e-type=\"container\">\n\t\t\t\t<div class=\"elementor-element elementor-element-f408fc4 elementor-widget elementor-widget-text-editor\" data-id=\"f408fc4\" data-element_type=\"widget\" data-e-type=\"widget\" data-widget_type=\"text-editor.default\">\n\t\t\t\t<div class=\"elementor-widget-container\">\n\t\t\t\t\t\t\t\t\t<div class=\"wp-block-column is-layout-flow wp-block-column-is-layout-flow\"><div class=\"wp-block-column is-layout-flow wp-block-column-is-layout-flow\"><h5 class=\"wp-block-heading\">Blechdickeneinstellung<\/h5><p class=\"translation-block\">Durch die Anpassung der Blechdicke wird der Abstand zwischen Druckwange<br>und Biegewange eingestellt. Dies<br>f\u00fchrt zu einem optimalen Biegeradius und<br>verbessert die Genauigkeit der Biegung.<\/p><\/div><\/div>\t\t\t\t\t\t\t\t<\/div>\n\t\t\t\t<\/div>\n\t\t\t\t<\/div>\n\t\t\t\t\t<\/div>\n\t\t\t\t<\/div>\n\t\t<div class=\"elementor-element elementor-element-9560719 e-flex e-con-boxed e-con e-parent\" data-id=\"9560719\" data-element_type=\"container\" data-e-type=\"container\">\n\t\t\t\t\t<div class=\"e-con-inner\">\n\t\t<div class=\"elementor-element elementor-element-8f3e3e9 e-con-full e-flex e-con e-child\" data-id=\"8f3e3e9\" data-element_type=\"container\" data-e-type=\"container\">\n\t\t\t\t<\/div>\n\t\t<div class=\"elementor-element elementor-element-191508f e-con-full e-flex e-con e-child\" data-id=\"191508f\" data-element_type=\"container\" data-e-type=\"container\">\n\t\t\t\t<div class=\"elementor-element elementor-element-b88011b elementor-widget elementor-widget-text-editor\" data-id=\"b88011b\" data-element_type=\"widget\" data-e-type=\"widget\" data-widget_type=\"text-editor.default\">\n\t\t\t\t<div class=\"elementor-widget-container\">\n\t\t\t\t\t\t\t\t\t<div class=\"wp-block-column is-layout-flow wp-block-column-is-layout-flow\"><div class=\"wp-block-column is-layout-flow wp-block-column-is-layout-flow\"><div class=\"wp-block-column is-layout-flow wp-block-column-is-layout-flow\"><h5 class=\"wp-block-heading\">Schneidvorrichtung<\/h5><p class=\"translation-block\">Die Bedienung der Schneidvorrichtung erfolgt<br>hydraulisch und der Anwender ist durch die Lichtschranke und den Touch-Trigger gesch\u00fctzt.<\/p><\/div><\/div><\/div>\t\t\t\t\t\t\t\t<\/div>\n\t\t\t\t<\/div>\n\t\t\t\t<\/div>\n\t\t<div class=\"elementor-element elementor-element-2091485 e-con-full e-flex e-con e-child\" data-id=\"2091485\" data-element_type=\"container\" data-e-type=\"container\">\n\t\t\t\t<div class=\"elementor-element elementor-element-cad4e75 elementor-widget elementor-widget-text-editor\" data-id=\"cad4e75\" data-element_type=\"widget\" data-e-type=\"widget\" data-widget_type=\"text-editor.default\">\n\t\t\t\t<div class=\"elementor-widget-container\">\n\t\t\t\t\t\t\t\t\t<div class=\"wp-block-column is-layout-flow wp-block-column-is-layout-flow\"><div class=\"wp-block-column is-layout-flow wp-block-column-is-layout-flow\"><div class=\"wp-block-column is-layout-flow wp-block-column-is-layout-flow\"><h5 class=\"wp-block-heading\">Grundrahmen<\/h5><p>Die gesamte Maschine ist auf einem stabilen Grundrahmen aufgebaut, so dass sie auch auf unebenem Untergrund aufgestellt werden kann, ohne dass die Genauigkeit verloren geht.<\/p><\/div><\/div><\/div>\t\t\t\t\t\t\t\t<\/div>\n\t\t\t\t<\/div>\n\t\t\t\t<\/div>\n\t\t<div class=\"elementor-element elementor-element-dd0b4bb e-con-full e-flex e-con e-child\" data-id=\"dd0b4bb\" data-element_type=\"container\" data-e-type=\"container\">\n\t\t\t\t<\/div>\n\t\t\t\t\t<\/div>\n\t\t\t\t<\/div>\n\t\t\t\t<\/div>","protected":false},"excerpt":{"rendered":"<p>LOBEMA Strong The LOBEMA Strong is the flagship of LOBEMA\u2018s product range and owes its high popularity to the high quality and the simple operation. The modular system with many options enables you to adapt the LOBEMA Strong according to your ideas and needs. The machine, which is up to 13 m long, is state-of-the-art&#8230;<\/p>","protected":false},"author":1,"featured_media":0,"parent":0,"menu_order":0,"comment_status":"closed","ping_status":"closed","template":"","meta":{"footnotes":""},"class_list":["post-988216","page","type-page","status-publish","hentry"],"yoast_head":"<!-- This site is optimized with the Yoast SEO plugin v27.4 - https:\/\/yoast.com\/product\/yoast-seo-wordpress\/ -->\n<title>LOBEMA Strong - MST-Tech<\/title>\n<meta name=\"robots\" content=\"noindex, follow\" \/>\n<meta property=\"og:locale\" content=\"de_DE\" \/>\n<meta property=\"og:type\" content=\"article\" \/>\n<meta property=\"og:title\" content=\"LOBEMA Strong - MST-Tech\" \/>\n<meta property=\"og:description\" content=\"LOBEMA Strong The LOBEMA Strong is the flagship of LOBEMA\u2018s product range and owes its high popularity to the high quality and the simple operation. The modular system with many options enables you to adapt the LOBEMA Strong according to your ideas and needs. The machine, which is up to 13 m long, is state-of-the-art...\" \/>\n<meta property=\"og:url\" content=\"https:\/\/msttech.at\/de\/news-49\/\" \/>\n<meta property=\"og:site_name\" content=\"MST-Tech\" \/>\n<meta property=\"article:publisher\" content=\"https:\/\/www.facebook.com\/people\/MST-Tech\/61558570942178\/\" \/>\n<meta property=\"article:modified_time\" content=\"2025-11-19T19:42:28+00:00\" \/>\n<meta property=\"og:image\" content=\"https:\/\/msttech.at\/wp-content\/uploads\/2024\/04\/Screenshot_1.png\" \/>\n<meta name=\"twitter:card\" content=\"summary_large_image\" \/>\n<meta name=\"twitter:label1\" content=\"Gesch\u00e4tzte Lesezeit\" \/>\n\t<meta name=\"twitter:data1\" content=\"2 Minuten\" \/>\n<script type=\"application\/ld+json\" class=\"yoast-schema-graph\">{\"@context\":\"https:\\\/\\\/schema.org\",\"@graph\":[{\"@type\":\"WebPage\",\"@id\":\"https:\\\/\\\/msttech.at\\\/news-49\\\/\",\"url\":\"https:\\\/\\\/msttech.at\\\/news-49\\\/\",\"name\":\"LOBEMA Strong - MST-Tech\",\"isPartOf\":{\"@id\":\"https:\\\/\\\/msttech.at\\\/de\\\/#website\"},\"primaryImageOfPage\":{\"@id\":\"https:\\\/\\\/msttech.at\\\/news-49\\\/#primaryimage\"},\"image\":{\"@id\":\"https:\\\/\\\/msttech.at\\\/news-49\\\/#primaryimage\"},\"thumbnailUrl\":\"https:\\\/\\\/msttech.at\\\/wp-content\\\/uploads\\\/2024\\\/04\\\/Screenshot_1.png\",\"datePublished\":\"2024-04-22T21:00:40+00:00\",\"dateModified\":\"2025-11-19T19:42:28+00:00\",\"breadcrumb\":{\"@id\":\"https:\\\/\\\/msttech.at\\\/news-49\\\/#breadcrumb\"},\"inLanguage\":\"de-AT\",\"potentialAction\":[{\"@type\":\"ReadAction\",\"target\":[\"https:\\\/\\\/msttech.at\\\/news-49\\\/\"]}]},{\"@type\":\"ImageObject\",\"inLanguage\":\"de-AT\",\"@id\":\"https:\\\/\\\/msttech.at\\\/news-49\\\/#primaryimage\",\"url\":\"https:\\\/\\\/msttech.at\\\/wp-content\\\/uploads\\\/2024\\\/04\\\/Screenshot_1.png\",\"contentUrl\":\"https:\\\/\\\/msttech.at\\\/wp-content\\\/uploads\\\/2024\\\/04\\\/Screenshot_1.png\"},{\"@type\":\"BreadcrumbList\",\"@id\":\"https:\\\/\\\/msttech.at\\\/news-49\\\/#breadcrumb\",\"itemListElement\":[{\"@type\":\"ListItem\",\"position\":1,\"name\":\"Home\",\"item\":\"https:\\\/\\\/msttech.at\\\/\"},{\"@type\":\"ListItem\",\"position\":2,\"name\":\"LOBEMA Strong\"}]},{\"@type\":\"WebSite\",\"@id\":\"https:\\\/\\\/msttech.at\\\/de\\\/#website\",\"url\":\"https:\\\/\\\/msttech.at\\\/de\\\/\",\"name\":\"MST-Tech\",\"description\":\"A Complete Solutions\",\"publisher\":{\"@id\":\"https:\\\/\\\/msttech.at\\\/de\\\/#organization\"},\"potentialAction\":[{\"@type\":\"SearchAction\",\"target\":{\"@type\":\"EntryPoint\",\"urlTemplate\":\"https:\\\/\\\/msttech.at\\\/de\\\/?s={search_term_string}\"},\"query-input\":{\"@type\":\"PropertyValueSpecification\",\"valueRequired\":true,\"valueName\":\"search_term_string\"}}],\"inLanguage\":\"de-AT\"},{\"@type\":\"Organization\",\"@id\":\"https:\\\/\\\/msttech.at\\\/de\\\/#organization\",\"name\":\"MST-Tech\",\"url\":\"https:\\\/\\\/msttech.at\\\/de\\\/\",\"logo\":{\"@type\":\"ImageObject\",\"inLanguage\":\"de-AT\",\"@id\":\"https:\\\/\\\/msttech.at\\\/de\\\/#\\\/schema\\\/logo\\\/image\\\/\",\"url\":\"https:\\\/\\\/msttech.at\\\/wp-content\\\/uploads\\\/2024\\\/02\\\/MSTlogo2.png\",\"contentUrl\":\"https:\\\/\\\/msttech.at\\\/wp-content\\\/uploads\\\/2024\\\/02\\\/MSTlogo2.png\",\"width\":422,\"height\":98,\"caption\":\"MST-Tech\"},\"image\":{\"@id\":\"https:\\\/\\\/msttech.at\\\/de\\\/#\\\/schema\\\/logo\\\/image\\\/\"},\"sameAs\":[\"https:\\\/\\\/www.facebook.com\\\/people\\\/MST-Tech\\\/61558570942178\\\/\"]}]}<\/script>\n<!-- \/ Yoast SEO plugin. -->","yoast_head_json":{"title":"LOBEMA Strong - MST-Tech","robots":{"index":"noindex","follow":"follow"},"og_locale":"de_DE","og_type":"article","og_title":"LOBEMA Strong - MST-Tech","og_description":"LOBEMA Strong The LOBEMA Strong is the flagship of LOBEMA\u2018s product range and owes its high popularity to the high quality and the simple operation. The modular system with many options enables you to adapt the LOBEMA Strong according to your ideas and needs. The machine, which is up to 13 m long, is state-of-the-art...","og_url":"https:\/\/msttech.at\/de\/news-49\/","og_site_name":"MST-Tech","article_publisher":"https:\/\/www.facebook.com\/people\/MST-Tech\/61558570942178\/","article_modified_time":"2025-11-19T19:42:28+00:00","og_image":[{"url":"https:\/\/msttech.at\/wp-content\/uploads\/2024\/04\/Screenshot_1.png","type":"","width":"","height":""}],"twitter_card":"summary_large_image","twitter_misc":{"Gesch\u00e4tzte Lesezeit":"2 Minuten"},"schema":{"@context":"https:\/\/schema.org","@graph":[{"@type":"WebPage","@id":"https:\/\/msttech.at\/news-49\/","url":"https:\/\/msttech.at\/news-49\/","name":"LOBEMA Strong - MST-Tech","isPartOf":{"@id":"https:\/\/msttech.at\/de\/#website"},"primaryImageOfPage":{"@id":"https:\/\/msttech.at\/news-49\/#primaryimage"},"image":{"@id":"https:\/\/msttech.at\/news-49\/#primaryimage"},"thumbnailUrl":"https:\/\/msttech.at\/wp-content\/uploads\/2024\/04\/Screenshot_1.png","datePublished":"2024-04-22T21:00:40+00:00","dateModified":"2025-11-19T19:42:28+00:00","breadcrumb":{"@id":"https:\/\/msttech.at\/news-49\/#breadcrumb"},"inLanguage":"de-AT","potentialAction":[{"@type":"ReadAction","target":["https:\/\/msttech.at\/news-49\/"]}]},{"@type":"ImageObject","inLanguage":"de-AT","@id":"https:\/\/msttech.at\/news-49\/#primaryimage","url":"https:\/\/msttech.at\/wp-content\/uploads\/2024\/04\/Screenshot_1.png","contentUrl":"https:\/\/msttech.at\/wp-content\/uploads\/2024\/04\/Screenshot_1.png"},{"@type":"BreadcrumbList","@id":"https:\/\/msttech.at\/news-49\/#breadcrumb","itemListElement":[{"@type":"ListItem","position":1,"name":"Home","item":"https:\/\/msttech.at\/"},{"@type":"ListItem","position":2,"name":"LOBEMA Strong"}]},{"@type":"WebSite","@id":"https:\/\/msttech.at\/de\/#website","url":"https:\/\/msttech.at\/de\/","name":"MST-Tech","description":"A Complete Solutions","publisher":{"@id":"https:\/\/msttech.at\/de\/#organization"},"potentialAction":[{"@type":"SearchAction","target":{"@type":"EntryPoint","urlTemplate":"https:\/\/msttech.at\/de\/?s={search_term_string}"},"query-input":{"@type":"PropertyValueSpecification","valueRequired":true,"valueName":"search_term_string"}}],"inLanguage":"de-AT"},{"@type":"Organization","@id":"https:\/\/msttech.at\/de\/#organization","name":"MST-Tech","url":"https:\/\/msttech.at\/de\/","logo":{"@type":"ImageObject","inLanguage":"de-AT","@id":"https:\/\/msttech.at\/de\/#\/schema\/logo\/image\/","url":"https:\/\/msttech.at\/wp-content\/uploads\/2024\/02\/MSTlogo2.png","contentUrl":"https:\/\/msttech.at\/wp-content\/uploads\/2024\/02\/MSTlogo2.png","width":422,"height":98,"caption":"MST-Tech"},"image":{"@id":"https:\/\/msttech.at\/de\/#\/schema\/logo\/image\/"},"sameAs":["https:\/\/www.facebook.com\/people\/MST-Tech\/61558570942178\/"]}]}},"_links":{"self":[{"href":"https:\/\/msttech.at\/de\/wp-json\/wp\/v2\/pages\/988216","targetHints":{"allow":["GET"]}}],"collection":[{"href":"https:\/\/msttech.at\/de\/wp-json\/wp\/v2\/pages"}],"about":[{"href":"https:\/\/msttech.at\/de\/wp-json\/wp\/v2\/types\/page"}],"author":[{"embeddable":true,"href":"https:\/\/msttech.at\/de\/wp-json\/wp\/v2\/users\/1"}],"replies":[{"embeddable":true,"href":"https:\/\/msttech.at\/de\/wp-json\/wp\/v2\/comments?post=988216"}],"version-history":[{"count":7,"href":"https:\/\/msttech.at\/de\/wp-json\/wp\/v2\/pages\/988216\/revisions"}],"predecessor-version":[{"id":989811,"href":"https:\/\/msttech.at\/de\/wp-json\/wp\/v2\/pages\/988216\/revisions\/989811"}],"wp:attachment":[{"href":"https:\/\/msttech.at\/de\/wp-json\/wp\/v2\/media?parent=988216"}],"curies":[{"name":"wp","href":"https:\/\/api.w.org\/{rel}","templated":true}]}}