{"id":988204,"date":"2024-04-22T20:53:49","date_gmt":"2024-04-22T20:53:49","guid":{"rendered":"https:\/\/msttech.at\/?page_id=988204"},"modified":"2025-11-19T19:41:27","modified_gmt":"2025-11-19T19:41:27","slug":"news-46","status":"publish","type":"page","link":"https:\/\/msttech.at\/de\/news-46\/","title":{"rendered":"Mass angefertigt"},"content":{"rendered":"<div data-elementor-type=\"wp-page\" data-elementor-id=\"988204\" class=\"elementor elementor-988204\" data-elementor-post-type=\"page\">\n\t\t\t\t\t\t<section class=\"elementor-section elementor-top-section elementor-element elementor-element-1ad926b elementor-section-boxed elementor-section-height-default elementor-section-height-default\" data-id=\"1ad926b\" data-element_type=\"section\" data-e-type=\"section\">\n\t\t\t\t\t\t<div class=\"elementor-container elementor-column-gap-no\">\n\t\t\t\t\t<div class=\"elementor-column elementor-col-100 elementor-top-column elementor-element elementor-element-34590f3\" data-id=\"34590f3\" data-element_type=\"column\" data-e-type=\"column\">\n\t\t\t<div class=\"elementor-widget-wrap elementor-element-populated\">\n\t\t\t\t\t\t<div class=\"elementor-element elementor-element-0855f64 elementor-widget elementor-widget-spacer\" data-id=\"0855f64\" data-element_type=\"widget\" data-e-type=\"widget\" data-widget_type=\"spacer.default\">\n\t\t\t\t<div class=\"elementor-widget-container\">\n\t\t\t\t\t\t\t<div class=\"elementor-spacer\">\n\t\t\t<div class=\"elementor-spacer-inner\"><\/div>\n\t\t<\/div>\n\t\t\t\t\t\t<\/div>\n\t\t\t\t<\/div>\n\t\t\t\t\t<\/div>\n\t\t<\/div>\n\t\t\t\t\t<\/div>\n\t\t<\/section>\n\t\t<div class=\"elementor-element elementor-element-a187793 e-flex e-con-boxed e-con e-parent\" data-id=\"a187793\" data-element_type=\"container\" data-e-type=\"container\">\n\t\t\t\t\t<div class=\"e-con-inner\">\n\t\t\t\t<div class=\"elementor-element elementor-element-dda62df elementor-widget elementor-widget-heading\" data-id=\"dda62df\" data-element_type=\"widget\" data-e-type=\"widget\" data-widget_type=\"heading.default\">\n\t\t\t\t<div class=\"elementor-widget-container\">\n\t\t\t\t\t<h2 class=\"elementor-heading-title elementor-size-default\">Mass angefertigt<\/h2>\t\t\t\t<\/div>\n\t\t\t\t<\/div>\n\t\t\t\t\t<\/div>\n\t\t\t\t<\/div>\n\t\t<div class=\"elementor-element elementor-element-b6882bc e-flex e-con-boxed e-con e-parent\" data-id=\"b6882bc\" data-element_type=\"container\" data-e-type=\"container\">\n\t\t\t\t\t<div class=\"e-con-inner\">\n\t\t\t\t<div class=\"elementor-element elementor-element-3e6c7a5 elementor-widget elementor-widget-text-editor\" data-id=\"3e6c7a5\" data-element_type=\"widget\" data-e-type=\"widget\" data-widget_type=\"text-editor.default\">\n\t\t\t\t<div class=\"elementor-widget-container\">\n\t\t\t\t\t\t\t\t\t<div id=\"c950\" class=\"frame frame-default frame-type-text frame-layout-0\"><h6>Aggregate und Systeme<\/h6><p>Wenn Sie Beratung oder Service rund um hydraulische oder pneumatische Systeme oder Aggregate ben\u00f6tigen, unterst\u00fctzen Sie unsere Ingenieure insbesondere bei:<\/p><p class=\"translation-block\">Probleml\u00f6sung und Fehlerbehebung<br>Redesign und Gr\u00f6\u00dfenanpassung<br>Technisches Design\/Engineering<br>Erstellen von 3D-CAD-Konstruktionszeichnungen<br>PC-gest\u00fctzte Simulation<br>Beschaffung der ben\u00f6tigten Standard- und Sonderkomponenten<br>Herstellung der Einheiten gem\u00e4\u00df Auftrag<br>Abnahme und Erstellung von Pr\u00fcfprotokollen<br>Inbetriebnahme vor Ort<\/p><h6>F\u00fcll- und Druckmesseinheit<\/h6><p>Die mobile F\u00fcll- und Druckmessanlage BDMG01 der Industrie-Hydraulik Vogel &amp; Partner GmbH besteht aus einem platzsparenden, wendigen und fahrbaren Grundgestell, einem Tank, einer Motor-Pumpen-Kombination, einem Manometer, zwei Kugelh\u00e4hnen und diversem Zubeh\u00f6r.<\/p><p>Dadurch ist es m\u00f6glich, mit einem Ger\u00e4t unterschiedliche Arbeitsschritte durchzuf\u00fchren<\/p><p class=\"translation-block\">Auch sp\u00fclen<br>Bef\u00fcllen<br>K\u00fchlsysteme auf Dichtheit pr\u00fcfen<\/p><h6>F\u00fcll- und Sp\u00fcleinheit<\/h6><p>Mit der mobilen Bef\u00fcll- und Sp\u00fcleinheit lassen sich Wartung und Service von Motor- und K\u00fchlkreisl\u00e4ufen an \u00d6PNV-Fahrzeugen noch einfacher und flexibler durchf\u00fchren.<\/p><h6>Pneumatische Schaltschr\u00e4nke<\/h6><p>Neben der Beratung zu pneumatischen Komponenten und Aggregaten liefern wir pneumatische Schaltschr\u00e4nke nach Kundenwunsch.<\/p><\/div>\t\t\t\t\t\t\t\t<\/div>\n\t\t\t\t<\/div>\n\t\t\t\t<div class=\"elementor-element elementor-element-5702c0e elementor-widget elementor-widget-text-editor\" data-id=\"5702c0e\" data-element_type=\"widget\" data-e-type=\"widget\" data-widget_type=\"text-editor.default\">\n\t\t\t\t<div class=\"elementor-widget-container\">\n\t\t\t\t\t\t\t\t\t<h6 id=\"c950\" class=\"frame frame-default frame-type-text frame-layout-0\">Aggregat mit Spannvorrichtung<\/h6><p>Das Hydraulikaggregat ist zum Spannen von Werkst\u00fccken in Schwei\u00dfmaschinen konzipiert. Je nach Ausf\u00fchrung der Schwei\u00dfmaschine werden dabei eine definierte Anzahl Spannzylinder (Prazen) hydraulisch bet\u00e4tigt, d.h. diese \u00fcben Druck auf zwei Werkst\u00fccke aus und fixieren diese. Anschlie\u00dfend werden die fixierten Werkst\u00fccke mittels Schutzgasschwei\u00dfen miteinander verbunden.<\/p><p>Nach dem Herstellen der Verbindung wird das Werkst\u00fcck durch Entlasten der Spannzylinder (Prazen) wieder freigegeben und kann aus der Vorrichtung entnommen werden. Das Spannen und Entspannen des Werkst\u00fcckes erfolgt durch Bet\u00e4tigen eines Fu\u00dfschalters. Eine weitere Funktion, die das Hydraulikaggregat realisiert, ist das Positionieren eines Werkst\u00fcckes \u00fcber einen doppeltwirkenden Hydraulikzylinder durch Bet\u00e4tigen einer 2-Hand-Steuerung.<\/p><p>Um das Hydraulikaggregat w\u00e4hrend des Schwei\u00dfvorgangs energieeffizient arbeiten zu lassen, erfolgt die Klemmung aktiv \u00fcber einen Hydraulikspeicherladevorgang. Eventuelle Leckagen werden durch das Entnahmevolumen eines Blasenspeichers abgedeckt. Ist das Entnahmevolumen ersch\u00f6pft, wird der Elektromotor \u00fcber ein Signal eines elektronischen Druckschalters wieder gestartet und der Speicher erneut geladen. Nach Erreichen des maximalen Speicherdrucks wird der Elektromotor mit einer einstellbaren Verz\u00f6gerung zwischen (15-30) s wieder abgeschaltet.<\/p><p>F\u00fcllstand und Fl\u00fcssigkeitstemperatur werden steuerungstechnisch \u00fcberwacht.<\/p>\t\t\t\t\t\t\t\t<\/div>\n\t\t\t\t<\/div>\n\t\t\t\t\t<\/div>\n\t\t\t\t<\/div>\n\t\t<div class=\"elementor-element elementor-element-22424ee e-flex e-con-boxed e-con e-parent\" data-id=\"22424ee\" data-element_type=\"container\" data-e-type=\"container\">\n\t\t\t\t\t<div class=\"e-con-inner\">\n\t\t\t\t\t<\/div>\n\t\t\t\t<\/div>\n\t\t\t\t<\/div>","protected":false},"excerpt":{"rendered":"<p>custom made Aggregates and systems If you need advice or service relating to hydraulic or pneumatic systems or units, our engineers will support you in particular with: Problem solving and troubleshootingRedesign and resizingTechnical design\/engineeringCreation of 3D CAD construction drawingsPC-supported simulationProcurement of required standard and special componentsProduction of the units according to orderAcceptance and creation of&#8230;<\/p>","protected":false},"author":1,"featured_media":0,"parent":0,"menu_order":0,"comment_status":"closed","ping_status":"closed","template":"","meta":{"footnotes":""},"class_list":["post-988204","page","type-page","status-publish","hentry"],"yoast_head":"<!-- This site is optimized with the Yoast SEO plugin v27.4 - https:\/\/yoast.com\/product\/yoast-seo-wordpress\/ -->\n<title>custom made - MST-Tech<\/title>\n<meta name=\"robots\" content=\"noindex, follow\" \/>\n<meta property=\"og:locale\" content=\"de_DE\" \/>\n<meta property=\"og:type\" content=\"article\" \/>\n<meta property=\"og:title\" content=\"custom made - MST-Tech\" \/>\n<meta property=\"og:description\" content=\"custom made Aggregates and systems If you need advice or service relating to hydraulic or pneumatic systems or units, our engineers will support you in particular with: Problem solving and troubleshootingRedesign and resizingTechnical design\/engineeringCreation of 3D CAD construction drawingsPC-supported simulationProcurement of required standard and special componentsProduction of the units according to orderAcceptance and creation of...\" \/>\n<meta property=\"og:url\" content=\"https:\/\/msttech.at\/de\/news-46\/\" \/>\n<meta property=\"og:site_name\" content=\"MST-Tech\" \/>\n<meta property=\"article:publisher\" content=\"https:\/\/www.facebook.com\/people\/MST-Tech\/61558570942178\/\" \/>\n<meta property=\"article:modified_time\" content=\"2025-11-19T19:41:27+00:00\" \/>\n<meta name=\"twitter:card\" content=\"summary_large_image\" \/>\n<meta name=\"twitter:label1\" content=\"Gesch\u00e4tzte Lesezeit\" \/>\n\t<meta name=\"twitter:data1\" content=\"2 Minuten\" \/>\n<script type=\"application\/ld+json\" class=\"yoast-schema-graph\">{\"@context\":\"https:\\\/\\\/schema.org\",\"@graph\":[{\"@type\":\"WebPage\",\"@id\":\"https:\\\/\\\/msttech.at\\\/news-46\\\/\",\"url\":\"https:\\\/\\\/msttech.at\\\/news-46\\\/\",\"name\":\"custom made - MST-Tech\",\"isPartOf\":{\"@id\":\"https:\\\/\\\/msttech.at\\\/de\\\/#website\"},\"datePublished\":\"2024-04-22T20:53:49+00:00\",\"dateModified\":\"2025-11-19T19:41:27+00:00\",\"breadcrumb\":{\"@id\":\"https:\\\/\\\/msttech.at\\\/news-46\\\/#breadcrumb\"},\"inLanguage\":\"de-AT\",\"potentialAction\":[{\"@type\":\"ReadAction\",\"target\":[\"https:\\\/\\\/msttech.at\\\/news-46\\\/\"]}]},{\"@type\":\"BreadcrumbList\",\"@id\":\"https:\\\/\\\/msttech.at\\\/news-46\\\/#breadcrumb\",\"itemListElement\":[{\"@type\":\"ListItem\",\"position\":1,\"name\":\"Home\",\"item\":\"https:\\\/\\\/msttech.at\\\/\"},{\"@type\":\"ListItem\",\"position\":2,\"name\":\"custom made\"}]},{\"@type\":\"WebSite\",\"@id\":\"https:\\\/\\\/msttech.at\\\/de\\\/#website\",\"url\":\"https:\\\/\\\/msttech.at\\\/de\\\/\",\"name\":\"MST-Tech\",\"description\":\"A Complete Solutions\",\"publisher\":{\"@id\":\"https:\\\/\\\/msttech.at\\\/de\\\/#organization\"},\"potentialAction\":[{\"@type\":\"SearchAction\",\"target\":{\"@type\":\"EntryPoint\",\"urlTemplate\":\"https:\\\/\\\/msttech.at\\\/de\\\/?s={search_term_string}\"},\"query-input\":{\"@type\":\"PropertyValueSpecification\",\"valueRequired\":true,\"valueName\":\"search_term_string\"}}],\"inLanguage\":\"de-AT\"},{\"@type\":\"Organization\",\"@id\":\"https:\\\/\\\/msttech.at\\\/de\\\/#organization\",\"name\":\"MST-Tech\",\"url\":\"https:\\\/\\\/msttech.at\\\/de\\\/\",\"logo\":{\"@type\":\"ImageObject\",\"inLanguage\":\"de-AT\",\"@id\":\"https:\\\/\\\/msttech.at\\\/de\\\/#\\\/schema\\\/logo\\\/image\\\/\",\"url\":\"https:\\\/\\\/msttech.at\\\/wp-content\\\/uploads\\\/2024\\\/02\\\/MSTlogo2.png\",\"contentUrl\":\"https:\\\/\\\/msttech.at\\\/wp-content\\\/uploads\\\/2024\\\/02\\\/MSTlogo2.png\",\"width\":422,\"height\":98,\"caption\":\"MST-Tech\"},\"image\":{\"@id\":\"https:\\\/\\\/msttech.at\\\/de\\\/#\\\/schema\\\/logo\\\/image\\\/\"},\"sameAs\":[\"https:\\\/\\\/www.facebook.com\\\/people\\\/MST-Tech\\\/61558570942178\\\/\"]}]}<\/script>\n<!-- \/ Yoast SEO plugin. -->","yoast_head_json":{"title":"custom made - MST-Tech","robots":{"index":"noindex","follow":"follow"},"og_locale":"de_DE","og_type":"article","og_title":"custom made - MST-Tech","og_description":"custom made Aggregates and systems If you need advice or service relating to hydraulic or pneumatic systems or units, our engineers will support you in particular with: Problem solving and troubleshootingRedesign and resizingTechnical design\/engineeringCreation of 3D CAD construction drawingsPC-supported simulationProcurement of required standard and special componentsProduction of the units according to orderAcceptance and creation of...","og_url":"https:\/\/msttech.at\/de\/news-46\/","og_site_name":"MST-Tech","article_publisher":"https:\/\/www.facebook.com\/people\/MST-Tech\/61558570942178\/","article_modified_time":"2025-11-19T19:41:27+00:00","twitter_card":"summary_large_image","twitter_misc":{"Gesch\u00e4tzte Lesezeit":"2 Minuten"},"schema":{"@context":"https:\/\/schema.org","@graph":[{"@type":"WebPage","@id":"https:\/\/msttech.at\/news-46\/","url":"https:\/\/msttech.at\/news-46\/","name":"custom made - MST-Tech","isPartOf":{"@id":"https:\/\/msttech.at\/de\/#website"},"datePublished":"2024-04-22T20:53:49+00:00","dateModified":"2025-11-19T19:41:27+00:00","breadcrumb":{"@id":"https:\/\/msttech.at\/news-46\/#breadcrumb"},"inLanguage":"de-AT","potentialAction":[{"@type":"ReadAction","target":["https:\/\/msttech.at\/news-46\/"]}]},{"@type":"BreadcrumbList","@id":"https:\/\/msttech.at\/news-46\/#breadcrumb","itemListElement":[{"@type":"ListItem","position":1,"name":"Home","item":"https:\/\/msttech.at\/"},{"@type":"ListItem","position":2,"name":"custom made"}]},{"@type":"WebSite","@id":"https:\/\/msttech.at\/de\/#website","url":"https:\/\/msttech.at\/de\/","name":"MST-Tech","description":"A Complete Solutions","publisher":{"@id":"https:\/\/msttech.at\/de\/#organization"},"potentialAction":[{"@type":"SearchAction","target":{"@type":"EntryPoint","urlTemplate":"https:\/\/msttech.at\/de\/?s={search_term_string}"},"query-input":{"@type":"PropertyValueSpecification","valueRequired":true,"valueName":"search_term_string"}}],"inLanguage":"de-AT"},{"@type":"Organization","@id":"https:\/\/msttech.at\/de\/#organization","name":"MST-Tech","url":"https:\/\/msttech.at\/de\/","logo":{"@type":"ImageObject","inLanguage":"de-AT","@id":"https:\/\/msttech.at\/de\/#\/schema\/logo\/image\/","url":"https:\/\/msttech.at\/wp-content\/uploads\/2024\/02\/MSTlogo2.png","contentUrl":"https:\/\/msttech.at\/wp-content\/uploads\/2024\/02\/MSTlogo2.png","width":422,"height":98,"caption":"MST-Tech"},"image":{"@id":"https:\/\/msttech.at\/de\/#\/schema\/logo\/image\/"},"sameAs":["https:\/\/www.facebook.com\/people\/MST-Tech\/61558570942178\/"]}]}},"_links":{"self":[{"href":"https:\/\/msttech.at\/de\/wp-json\/wp\/v2\/pages\/988204","targetHints":{"allow":["GET"]}}],"collection":[{"href":"https:\/\/msttech.at\/de\/wp-json\/wp\/v2\/pages"}],"about":[{"href":"https:\/\/msttech.at\/de\/wp-json\/wp\/v2\/types\/page"}],"author":[{"embeddable":true,"href":"https:\/\/msttech.at\/de\/wp-json\/wp\/v2\/users\/1"}],"replies":[{"embeddable":true,"href":"https:\/\/msttech.at\/de\/wp-json\/wp\/v2\/comments?post=988204"}],"version-history":[{"count":4,"href":"https:\/\/msttech.at\/de\/wp-json\/wp\/v2\/pages\/988204\/revisions"}],"predecessor-version":[{"id":989808,"href":"https:\/\/msttech.at\/de\/wp-json\/wp\/v2\/pages\/988204\/revisions\/989808"}],"wp:attachment":[{"href":"https:\/\/msttech.at\/de\/wp-json\/wp\/v2\/media?parent=988204"}],"curies":[{"name":"wp","href":"https:\/\/api.w.org\/{rel}","templated":true}]}}