{"id":988192,"date":"2024-04-22T20:46:10","date_gmt":"2024-04-22T20:46:10","guid":{"rendered":"https:\/\/msttech.at\/?page_id=988192"},"modified":"2025-11-19T19:40:58","modified_gmt":"2025-11-19T19:40:58","slug":"news-43","status":"publish","type":"page","link":"https:\/\/msttech.at\/de\/news-43\/","title":{"rendered":"Pneumatik"},"content":{"rendered":"<div data-elementor-type=\"wp-page\" data-elementor-id=\"988192\" class=\"elementor elementor-988192\" data-elementor-post-type=\"page\">\n\t\t\t\t\t\t<section class=\"elementor-section elementor-top-section elementor-element elementor-element-1ad926b elementor-section-boxed elementor-section-height-default elementor-section-height-default\" data-id=\"1ad926b\" data-element_type=\"section\" data-e-type=\"section\">\n\t\t\t\t\t\t<div class=\"elementor-container elementor-column-gap-no\">\n\t\t\t\t\t<div class=\"elementor-column elementor-col-100 elementor-top-column elementor-element elementor-element-34590f3\" data-id=\"34590f3\" data-element_type=\"column\" data-e-type=\"column\">\n\t\t\t<div class=\"elementor-widget-wrap elementor-element-populated\">\n\t\t\t\t\t\t<div class=\"elementor-element elementor-element-0855f64 elementor-widget elementor-widget-spacer\" data-id=\"0855f64\" data-element_type=\"widget\" data-e-type=\"widget\" data-widget_type=\"spacer.default\">\n\t\t\t\t<div class=\"elementor-widget-container\">\n\t\t\t\t\t\t\t<div class=\"elementor-spacer\">\n\t\t\t<div class=\"elementor-spacer-inner\"><\/div>\n\t\t<\/div>\n\t\t\t\t\t\t<\/div>\n\t\t\t\t<\/div>\n\t\t\t\t\t<\/div>\n\t\t<\/div>\n\t\t\t\t\t<\/div>\n\t\t<\/section>\n\t\t<div class=\"elementor-element elementor-element-a187793 e-flex e-con-boxed e-con e-parent\" data-id=\"a187793\" data-element_type=\"container\" data-e-type=\"container\">\n\t\t\t\t\t<div class=\"e-con-inner\">\n\t\t\t\t<div class=\"elementor-element elementor-element-dda62df elementor-widget elementor-widget-heading\" data-id=\"dda62df\" data-element_type=\"widget\" data-e-type=\"widget\" data-widget_type=\"heading.default\">\n\t\t\t\t<div class=\"elementor-widget-container\">\n\t\t\t\t\t<h2 class=\"elementor-heading-title elementor-size-default\">Pneumatik<\/h2>\t\t\t\t<\/div>\n\t\t\t\t<\/div>\n\t\t\t\t\t<\/div>\n\t\t\t\t<\/div>\n\t\t<div class=\"elementor-element elementor-element-b6882bc e-flex e-con-boxed e-con e-parent\" data-id=\"b6882bc\" data-element_type=\"container\" data-e-type=\"container\">\n\t\t\t\t\t<div class=\"e-con-inner\">\n\t\t\t\t<div class=\"elementor-element elementor-element-3e6c7a5 elementor-widget elementor-widget-text-editor\" data-id=\"3e6c7a5\" data-element_type=\"widget\" data-e-type=\"widget\" data-widget_type=\"text-editor.default\">\n\t\t\t\t<div class=\"elementor-widget-container\">\n\t\t\t\t\t\t\t\t\t<div id=\"c950\" class=\"frame frame-default frame-type-text frame-layout-0\"><h6>Aktuatoren<\/h6><p>Aktuatoren sind Antriebselemente, die elektronische Signale in mechanische Bewegung, Temperatur, Druck oder andere physikalische Gr\u00f6\u00dfen umwandeln. Auf diese Weise greifen sie in das Regelsystem ein und stellen Sollwerte ein. Die umzuwandelnden Signale k\u00f6nnen beispielsweise Befehle sein, die von einem Steuerrechner kommen. Den Umwandlungsprozess selbst nennt man Aktuierung.<\/p><h6>ATEX-Komponenten<\/h6><p>ATEX-Komponenten m\u00fcssen den Anforderungen der EU-ATEX-Richtlinie (ATmosph\u00e8re EXplosive) entsprechen, also explosionsgesch\u00fctzt ausgef\u00fchrt sein. Seit 1995 betrifft dies auch nicht elektrische Komponenten von Maschinen und Anlagen. Die EU-ATEX-Richtlinie umfasst zwei Richtlinien, die dem Explosionsschutz dienen, eine Produktrichtlinie (94\/9\/EG) und eine Betriebsrichtlinie (1999\/92\/EG). Diese verpflichten die europ\u00e4ischen Mitgliedsstaaten, die ATEX-Normen in nationales Recht umzusetzen.<\/p><h6>Parker Carstick und Carstick+<\/h6><p>Carstick\u00ae ist eine integrierte Kartusche, die Geh\u00e4use und Schlauch verbindet. Carstick+ kann in einer Vielzahl von Geh\u00e4usematerialien, einschlie\u00dflich nicht elastischer Polymere, verwendet und entfernt werden, ohne den Hohlraum zu besch\u00e4digen.<\/p><h6>Festo<\/h6><p>Mit 20.000 Mitarbeitern ist Festo ein weltweit f\u00fchrendes Unternehmen in der Automatisierungstechnik und ein namhafter Hersteller pneumatischer Komponenten f\u00fcr industrielle Anwendungen. Als offizieller Festo-Partner unterst\u00fctzen wir Sie bei der Auswahl und Betreuung s\u00e4mtlicher Festo-Produkte und -L\u00f6sungen.<\/p><h6>Luftaufbereitungssysteme<\/h6><p>Luftaufbereitungssysteme (LAA) gibt es als Luftk\u00fchl- oder Luftheizsysteme sowie als kombinierte K\u00fchl- und Heizsysteme. Dadurch wird sichergestellt, dass die Zu- und Abluft eine extrem hohe Qualit\u00e4t aufweist und die Reinheit, Menge und Temperatur der Zuluft stets konstant bleibt. Je nach den spezifischen Bed\u00fcrfnissen des Anwenders und dem individuellen Einsatzgebiet werden beispielsweise ein Ventilator sowie ein Heiz-\/K\u00fchlsystem, spezielle Fein- oder Vorfilter, ein Bypasssystem und die erforderlichen Kompensatoren berechnet und entsprechend kombiniert.<\/p><h6>Parker Pneumatics: \u00dcbersicht<\/h6><p>Die pneumatischen Systemkomponenten von Parker bieten optimale L\u00f6sungen f\u00fcr eine Vielzahl von Anwendungen, wie zum Beispiel in der Prozessindustrie, in Wasseraufbereitungsanlagen, im Schiffbau und bei der Dampferzeugung. Die \u00e4u\u00dferst benutzerfreundlich konzipierten Produkte eignen sich optimal f\u00fcr den Einsatz in der Lebensmittelverarbeitung (Wein-\/Olivenverarbeitung und -lagerung) in aggressiven Umgebungen oder mit korrosiven Medien und wurden speziell f\u00fcr diesen Zweck entwickelt.<\/p><p>Das modulare Konzept erweitert die Anwendbarkeit einer Reihe von elektrischen Komponenten, darunter elektrische Komponenten f\u00fcr explosionsgef\u00e4hrdete Umgebungen, Niederspannungskomponenten sowie IP67-, Klasse H- und UL\/VDE-zugelassene Komponenten.<\/p><h6>Pneumatischer Schaltschrankbau<\/h6><p>Als zuverl\u00e4ssiger und erfahrener Partner an Ihrer Seite bietet Ihnen die Industrie-Hydraulik Vogel &amp; Partner GmbH umfassenden Service aus einer Hand.<\/p><p>Hierzu z\u00e4hlen unter anderem:<\/p><p class=\"translation-block\">Beratung bei der Auswahl pneumatischer Komponenten, ggf. Umr\u00fcstung auf aktuelle Komponenten anderer Anbieter<br>Schnellstm\u00f6gliche Beschaffung und Lieferung durch unsere enge Partnerschaft mit internationalen Lieferanten<br>Erstellen pneumatischer Pl\u00e4ne nach Kundenvorgaben; Bereitstellung von CAD-Daten bei Bedarf<br>Planung und Fertigung pneumatischer Schaltungen nach Kundenvorgaben; z.B. Montage auf einer Montageplatte in einem Schaltschrank<br>Komplettierung von Arbeitszylindern mit Zusatzkomponenten nach Vorgabe (z.B. Drosseln, R\u00fcckschlagventile, Befestigungselemente etc.)<br>Termingerechte Lieferung aller Komponenten an die gew\u00fcnschte Lieferadresse.<\/p><h6>Vakuum<\/h6><h6>Ventile<\/h6><p>Ventile sind Bauteile, die zum Regeln und Absperren von verschiedenen Medien wie Gasen und diversen Fl\u00fcssigkeiten dienen. Innerhalb der Ventile wird ein Verschlussbauteil wie eine Kugel oder ein Kegel nahezu parallel zur jeweiligen Flie\u00dfrichtung des Mediums bewegt. Durch das Aufpressen des gesamten Umfangs des Verschlussbauteils auf eine entsprechend geformte \u00d6ffnung wird der Medienfluss unterbrochen oder reduziert.<\/p><h6>Zweihandsteuerung<\/h6><p>Um die H\u00e4nde des Maschinenbedieners aus dem Gefahrenbereich der Maschine fernzuhalten, muss eine Zweihandsteuerung eingesetzt werden. M\u00f6chte man zudem sicherstellen, dass bei laufender Maschine keine weiteren Personen in den Gefahrenbereich gelangen, m\u00fcssen zus\u00e4tzlich weitere Unfallschutzma\u00dfnahmen wie z.B. eine Lichtschranke getroffen werden.<\/p><\/div>\t\t\t\t\t\t\t\t<\/div>\n\t\t\t\t<\/div>\n\t\t\t\t\t<\/div>\n\t\t\t\t<\/div>\n\t\t<div class=\"elementor-element elementor-element-22424ee e-flex e-con-boxed e-con e-parent\" data-id=\"22424ee\" data-element_type=\"container\" data-e-type=\"container\">\n\t\t\t\t\t<div class=\"e-con-inner\">\n\t\t\t\t\t<\/div>\n\t\t\t\t<\/div>\n\t\t\t\t<\/div>","protected":false},"excerpt":{"rendered":"<p>Pneumatic Actuators Actuators are drive elements that convert electronic signals into mechanical movement, temperature, pressure or other physical quantities. In this way, they intervene in the control system and set target values. The signals to be converted can be, for example, commands that come from a control computer. The conversion process itself is called actuation&#8230;.<\/p>","protected":false},"author":1,"featured_media":0,"parent":0,"menu_order":0,"comment_status":"closed","ping_status":"closed","template":"","meta":{"footnotes":""},"class_list":["post-988192","page","type-page","status-publish","hentry"],"yoast_head":"<!-- This site is optimized with the Yoast SEO plugin v27.4 - https:\/\/yoast.com\/product\/yoast-seo-wordpress\/ -->\n<title>Pneumatic - MST-Tech<\/title>\n<meta name=\"robots\" content=\"noindex, follow\" \/>\n<meta property=\"og:locale\" content=\"de_DE\" \/>\n<meta property=\"og:type\" content=\"article\" \/>\n<meta property=\"og:title\" content=\"Pneumatic - MST-Tech\" \/>\n<meta property=\"og:description\" content=\"Pneumatic Actuators Actuators are drive elements that convert electronic signals into mechanical movement, temperature, pressure or other physical quantities. In this way, they intervene in the control system and set target values. The signals to be converted can be, for example, commands that come from a control computer. The conversion process itself is called actuation....\" \/>\n<meta property=\"og:url\" content=\"https:\/\/msttech.at\/de\/news-43\/\" \/>\n<meta property=\"og:site_name\" content=\"MST-Tech\" \/>\n<meta property=\"article:publisher\" content=\"https:\/\/www.facebook.com\/people\/MST-Tech\/61558570942178\/\" \/>\n<meta property=\"article:modified_time\" content=\"2025-11-19T19:40:58+00:00\" \/>\n<meta name=\"twitter:card\" content=\"summary_large_image\" \/>\n<meta name=\"twitter:label1\" content=\"Gesch\u00e4tzte Lesezeit\" \/>\n\t<meta name=\"twitter:data1\" content=\"3 Minuten\" \/>\n<script type=\"application\/ld+json\" class=\"yoast-schema-graph\">{\"@context\":\"https:\\\/\\\/schema.org\",\"@graph\":[{\"@type\":\"WebPage\",\"@id\":\"https:\\\/\\\/msttech.at\\\/news-43\\\/\",\"url\":\"https:\\\/\\\/msttech.at\\\/news-43\\\/\",\"name\":\"Pneumatic - MST-Tech\",\"isPartOf\":{\"@id\":\"https:\\\/\\\/msttech.at\\\/de\\\/#website\"},\"datePublished\":\"2024-04-22T20:46:10+00:00\",\"dateModified\":\"2025-11-19T19:40:58+00:00\",\"breadcrumb\":{\"@id\":\"https:\\\/\\\/msttech.at\\\/news-43\\\/#breadcrumb\"},\"inLanguage\":\"de-AT\",\"potentialAction\":[{\"@type\":\"ReadAction\",\"target\":[\"https:\\\/\\\/msttech.at\\\/news-43\\\/\"]}]},{\"@type\":\"BreadcrumbList\",\"@id\":\"https:\\\/\\\/msttech.at\\\/news-43\\\/#breadcrumb\",\"itemListElement\":[{\"@type\":\"ListItem\",\"position\":1,\"name\":\"Home\",\"item\":\"https:\\\/\\\/msttech.at\\\/\"},{\"@type\":\"ListItem\",\"position\":2,\"name\":\"Pneumatic\"}]},{\"@type\":\"WebSite\",\"@id\":\"https:\\\/\\\/msttech.at\\\/de\\\/#website\",\"url\":\"https:\\\/\\\/msttech.at\\\/de\\\/\",\"name\":\"MST-Tech\",\"description\":\"A Complete Solutions\",\"publisher\":{\"@id\":\"https:\\\/\\\/msttech.at\\\/de\\\/#organization\"},\"potentialAction\":[{\"@type\":\"SearchAction\",\"target\":{\"@type\":\"EntryPoint\",\"urlTemplate\":\"https:\\\/\\\/msttech.at\\\/de\\\/?s={search_term_string}\"},\"query-input\":{\"@type\":\"PropertyValueSpecification\",\"valueRequired\":true,\"valueName\":\"search_term_string\"}}],\"inLanguage\":\"de-AT\"},{\"@type\":\"Organization\",\"@id\":\"https:\\\/\\\/msttech.at\\\/de\\\/#organization\",\"name\":\"MST-Tech\",\"url\":\"https:\\\/\\\/msttech.at\\\/de\\\/\",\"logo\":{\"@type\":\"ImageObject\",\"inLanguage\":\"de-AT\",\"@id\":\"https:\\\/\\\/msttech.at\\\/de\\\/#\\\/schema\\\/logo\\\/image\\\/\",\"url\":\"https:\\\/\\\/msttech.at\\\/wp-content\\\/uploads\\\/2024\\\/02\\\/MSTlogo2.png\",\"contentUrl\":\"https:\\\/\\\/msttech.at\\\/wp-content\\\/uploads\\\/2024\\\/02\\\/MSTlogo2.png\",\"width\":422,\"height\":98,\"caption\":\"MST-Tech\"},\"image\":{\"@id\":\"https:\\\/\\\/msttech.at\\\/de\\\/#\\\/schema\\\/logo\\\/image\\\/\"},\"sameAs\":[\"https:\\\/\\\/www.facebook.com\\\/people\\\/MST-Tech\\\/61558570942178\\\/\"]}]}<\/script>\n<!-- \/ Yoast SEO plugin. -->","yoast_head_json":{"title":"Pneumatic - MST-Tech","robots":{"index":"noindex","follow":"follow"},"og_locale":"de_DE","og_type":"article","og_title":"Pneumatic - MST-Tech","og_description":"Pneumatic Actuators Actuators are drive elements that convert electronic signals into mechanical movement, temperature, pressure or other physical quantities. In this way, they intervene in the control system and set target values. The signals to be converted can be, for example, commands that come from a control computer. The conversion process itself is called actuation....","og_url":"https:\/\/msttech.at\/de\/news-43\/","og_site_name":"MST-Tech","article_publisher":"https:\/\/www.facebook.com\/people\/MST-Tech\/61558570942178\/","article_modified_time":"2025-11-19T19:40:58+00:00","twitter_card":"summary_large_image","twitter_misc":{"Gesch\u00e4tzte Lesezeit":"3 Minuten"},"schema":{"@context":"https:\/\/schema.org","@graph":[{"@type":"WebPage","@id":"https:\/\/msttech.at\/news-43\/","url":"https:\/\/msttech.at\/news-43\/","name":"Pneumatic - MST-Tech","isPartOf":{"@id":"https:\/\/msttech.at\/de\/#website"},"datePublished":"2024-04-22T20:46:10+00:00","dateModified":"2025-11-19T19:40:58+00:00","breadcrumb":{"@id":"https:\/\/msttech.at\/news-43\/#breadcrumb"},"inLanguage":"de-AT","potentialAction":[{"@type":"ReadAction","target":["https:\/\/msttech.at\/news-43\/"]}]},{"@type":"BreadcrumbList","@id":"https:\/\/msttech.at\/news-43\/#breadcrumb","itemListElement":[{"@type":"ListItem","position":1,"name":"Home","item":"https:\/\/msttech.at\/"},{"@type":"ListItem","position":2,"name":"Pneumatic"}]},{"@type":"WebSite","@id":"https:\/\/msttech.at\/de\/#website","url":"https:\/\/msttech.at\/de\/","name":"MST-Tech","description":"A Complete Solutions","publisher":{"@id":"https:\/\/msttech.at\/de\/#organization"},"potentialAction":[{"@type":"SearchAction","target":{"@type":"EntryPoint","urlTemplate":"https:\/\/msttech.at\/de\/?s={search_term_string}"},"query-input":{"@type":"PropertyValueSpecification","valueRequired":true,"valueName":"search_term_string"}}],"inLanguage":"de-AT"},{"@type":"Organization","@id":"https:\/\/msttech.at\/de\/#organization","name":"MST-Tech","url":"https:\/\/msttech.at\/de\/","logo":{"@type":"ImageObject","inLanguage":"de-AT","@id":"https:\/\/msttech.at\/de\/#\/schema\/logo\/image\/","url":"https:\/\/msttech.at\/wp-content\/uploads\/2024\/02\/MSTlogo2.png","contentUrl":"https:\/\/msttech.at\/wp-content\/uploads\/2024\/02\/MSTlogo2.png","width":422,"height":98,"caption":"MST-Tech"},"image":{"@id":"https:\/\/msttech.at\/de\/#\/schema\/logo\/image\/"},"sameAs":["https:\/\/www.facebook.com\/people\/MST-Tech\/61558570942178\/"]}]}},"_links":{"self":[{"href":"https:\/\/msttech.at\/de\/wp-json\/wp\/v2\/pages\/988192","targetHints":{"allow":["GET"]}}],"collection":[{"href":"https:\/\/msttech.at\/de\/wp-json\/wp\/v2\/pages"}],"about":[{"href":"https:\/\/msttech.at\/de\/wp-json\/wp\/v2\/types\/page"}],"author":[{"embeddable":true,"href":"https:\/\/msttech.at\/de\/wp-json\/wp\/v2\/users\/1"}],"replies":[{"embeddable":true,"href":"https:\/\/msttech.at\/de\/wp-json\/wp\/v2\/comments?post=988192"}],"version-history":[{"count":4,"href":"https:\/\/msttech.at\/de\/wp-json\/wp\/v2\/pages\/988192\/revisions"}],"predecessor-version":[{"id":989805,"href":"https:\/\/msttech.at\/de\/wp-json\/wp\/v2\/pages\/988192\/revisions\/989805"}],"wp:attachment":[{"href":"https:\/\/msttech.at\/de\/wp-json\/wp\/v2\/media?parent=988192"}],"curies":[{"name":"wp","href":"https:\/\/api.w.org\/{rel}","templated":true}]}}