{"id":988178,"date":"2024-04-22T20:40:24","date_gmt":"2024-04-22T20:40:24","guid":{"rendered":"https:\/\/msttech.at\/?page_id=988178"},"modified":"2025-11-19T19:40:15","modified_gmt":"2025-11-19T19:40:15","slug":"news-41","status":"publish","type":"page","link":"https:\/\/msttech.at\/de\/news-41\/","title":{"rendered":"Messtechnik"},"content":{"rendered":"<div data-elementor-type=\"wp-page\" data-elementor-id=\"988178\" class=\"elementor elementor-988178\" data-elementor-post-type=\"page\">\n\t\t\t\t\t\t<section class=\"elementor-section elementor-top-section elementor-element elementor-element-1ad926b elementor-section-boxed elementor-section-height-default elementor-section-height-default\" data-id=\"1ad926b\" data-element_type=\"section\" data-e-type=\"section\">\n\t\t\t\t\t\t<div class=\"elementor-container elementor-column-gap-no\">\n\t\t\t\t\t<div class=\"elementor-column elementor-col-100 elementor-top-column elementor-element elementor-element-34590f3\" data-id=\"34590f3\" data-element_type=\"column\" data-e-type=\"column\">\n\t\t\t<div class=\"elementor-widget-wrap elementor-element-populated\">\n\t\t\t\t\t\t<div class=\"elementor-element elementor-element-0855f64 elementor-widget elementor-widget-spacer\" data-id=\"0855f64\" data-element_type=\"widget\" data-e-type=\"widget\" data-widget_type=\"spacer.default\">\n\t\t\t\t<div class=\"elementor-widget-container\">\n\t\t\t\t\t\t\t<div class=\"elementor-spacer\">\n\t\t\t<div class=\"elementor-spacer-inner\"><\/div>\n\t\t<\/div>\n\t\t\t\t\t\t<\/div>\n\t\t\t\t<\/div>\n\t\t\t\t\t<\/div>\n\t\t<\/div>\n\t\t\t\t\t<\/div>\n\t\t<\/section>\n\t\t<div class=\"elementor-element elementor-element-a187793 e-flex e-con-boxed e-con e-parent\" data-id=\"a187793\" data-element_type=\"container\" data-e-type=\"container\">\n\t\t\t\t\t<div class=\"e-con-inner\">\n\t\t\t\t<div class=\"elementor-element elementor-element-dda62df elementor-widget elementor-widget-heading\" data-id=\"dda62df\" data-element_type=\"widget\" data-e-type=\"widget\" data-widget_type=\"heading.default\">\n\t\t\t\t<div class=\"elementor-widget-container\">\n\t\t\t\t\t<h2 class=\"elementor-heading-title elementor-size-default\">Messtechnik<\/h2>\t\t\t\t<\/div>\n\t\t\t\t<\/div>\n\t\t\t\t\t<\/div>\n\t\t\t\t<\/div>\n\t\t<div class=\"elementor-element elementor-element-b6882bc e-flex e-con-boxed e-con e-parent\" data-id=\"b6882bc\" data-element_type=\"container\" data-e-type=\"container\">\n\t\t\t\t\t<div class=\"e-con-inner\">\n\t\t\t\t<div class=\"elementor-element elementor-element-3e6c7a5 elementor-widget elementor-widget-text-editor\" data-id=\"3e6c7a5\" data-element_type=\"widget\" data-e-type=\"widget\" data-widget_type=\"text-editor.default\">\n\t\t\t\t<div class=\"elementor-widget-container\">\n\t\t\t\t\t\t\t\t\t<div id=\"c950\" class=\"frame frame-default frame-type-text frame-layout-0\"><p>Messtechnik f\u00fcr Hydraulik und Pneumatik dient der Datenerfassung \u00fcber Sensoren und Messger\u00e4te, die hydraulisch oder pneumatisch arbeiten. Die Daten werden aus entsprechenden Schaltkreisen entnommen und im Messdiagramm dargestellt. Ihre richtige Auswertung dient der Optimierung von Anlagen und hilft Betreibern, Sch\u00e4den zu vermeiden.<\/p><p>Weitere Informationen und Downloads zu unserem Messtechnik-Sortiment finden Sie hier.<\/p><p>Wir bieten Ihnen eine gro\u00dfe Auswahl an Analyseger\u00e4ten f\u00fcr zahlreiche Monitoringanwendungen und die Zustands\u00fcberwachung. Von Viskosimetern \u00fcber portable Partikelanalysatoren wie den iCountLCM, iCountOS und iCountPD, Messger\u00e4te wie ServiceJunior, Serviceman Plus, Service Master Compact und Connect, Condition Monitoring Sensoren und Feuchtemessger\u00e4te bis hin zu \u00d6lanalyse-Kits versorgen wir Sie mit modernster Monitoring-Technologie.<\/p><\/div>\t\t\t\t\t\t\t\t<\/div>\n\t\t\t\t<\/div>\n\t\t\t\t<div class=\"elementor-element elementor-element-d42baac elementor-widget elementor-widget-text-editor\" data-id=\"d42baac\" data-element_type=\"widget\" data-e-type=\"widget\" data-widget_type=\"text-editor.default\">\n\t\t\t\t<div class=\"elementor-widget-container\">\n\t\t\t\t\t\t\t\t\t<h6>Funktion der Messtechnik<\/h6><p>Druck-, Volumenstrom- und Temperaturmessungen werden sowohl in der Hydraulik als auch in der Pneumatik durchgef\u00fchrt. Kalibrierte Sensoren an den Messger\u00e4ten erfassen die Daten, \u00fcbertragen sie an Arbeitspl\u00e4tze und erm\u00f6glichen so deren Auswertung. Dabei unterscheidet man zwischen Handmessger\u00e4ten und station\u00e4ren Ger\u00e4ten. Komplettsysteme k\u00f6nnen in allen Bereichen der Industrie, Mobilhydraulik oder Pneumatik, in Reparaturprozessen und im Service eingesetzt werden.<\/p><p>Durch die Messung hydraulischer und pneumatischer Gr\u00f6\u00dfen und die daraus resultierende Datenverarbeitung wird die Grundlage f\u00fcr jede Fehlersuche geschaffen. Die modernen Hilfsmittel sind daher f\u00fcr einen Servicetechniker unverzichtbare Werkzeuge im Betriebsablauf. Multifunktionale Messger\u00e4te erm\u00f6glichen die gleichzeitige Messung und Auswertung von Differenzdr\u00fccken, Druckspitzen, Zylinderh\u00fcben, Temperatur, Geschwindigkeit und Durchfluss\u00e4nderungen.<\/p><h6>Bauformen und Verfahren in der Messtechnik<\/h6><p>Es gibt oft mobile Ger\u00e4te, die eine Messdatenerfassung mit h\u00f6chster Genauigkeit erm\u00f6glichen und zudem innerhalb einer industriellen Anlage einfach zu verwenden sind. Digitale Druckmessger\u00e4te dienen zur Messung von Dr\u00fccken und deren millibargenauer Anzeige. Das Ger\u00e4t erkennt Druckspitzen innerhalb einer 10-Millisekunden-Abtastung zuverl\u00e4ssig, auch an mehreren Messstellen. Die Daten\u00fcbertragung an Arbeitsstationen erfolgt heute drahtlos \u00fcber Entfernungen von meist bis zu 50 Metern, was in vielen F\u00e4llen eine eingebettete Arbeitsstation in der Anlage erspart und somit eine kosteng\u00fcnstigere und zugleich sicherere L\u00f6sung darstellt. Die zugeh\u00f6rige Software erm\u00f6glicht eine komfortable \u00dcberwachung, Auswertung und Archivierung der Daten vom PC im Betriebsb\u00fcro aus. Die hier eingesetzten Sensoren sind auf die Anforderungen einer stark verschmutzten Umgebung (Temperatur, Vibration, Schmutz) ausgelegt.<\/p><p>Zu Messungen in der Hydraulik oder bei hydraulischen Prozessen geh\u00f6ren auch Diagnosepr\u00fcfger\u00e4te und Durchflusszustands\u00fcberwachungen, mit denen der Zustand von Anlagen und Einzelmaschinen permanent \u00fcberwacht werden kann. Eine wichtige Methode der Pneumatik ist die pneumatische F\u00fcllstandsmessung (Einblasmethode), die mit hydrostatischen Messmethoden arbeitet. Diese kosteng\u00fcnstige und einfache Methode erm\u00f6glicht Durchfluss- und F\u00fcllstandsmessungen, beispielsweise in offenen Beh\u00e4ltern f\u00fcr Trennschicht- und Dichtemessungen, indem Druckluft und alternativ Stickstoff \u00fcber eine Kunststoffmessleitung in die Fl\u00fcssigkeit eingeblasen werden.<\/p>\t\t\t\t\t\t\t\t<\/div>\n\t\t\t\t<\/div>\n\t\t\t\t\t<\/div>\n\t\t\t\t<\/div>\n\t\t<div class=\"elementor-element elementor-element-22424ee e-flex e-con-boxed e-con e-parent\" data-id=\"22424ee\" data-element_type=\"container\" data-e-type=\"container\">\n\t\t\t\t\t<div class=\"e-con-inner\">\n\t\t\t\t\t<\/div>\n\t\t\t\t<\/div>\n\t\t\t\t<\/div>","protected":false},"excerpt":{"rendered":"<p>measuring technology Measuring technology for hydraulics and pneumatics is used to collect data via sensors and measuring devices that work hydraulically or pneumatically. The data is collected from appropriate circuits and displayed in the measurement diagram. Its correct evaluation serves to optimize systems and helps operators to avoid damage. Further information and downloads about our&#8230;<\/p>","protected":false},"author":1,"featured_media":0,"parent":0,"menu_order":0,"comment_status":"closed","ping_status":"closed","template":"","meta":{"footnotes":""},"class_list":["post-988178","page","type-page","status-publish","hentry"],"yoast_head":"<!-- This site is optimized with the Yoast SEO plugin v27.4 - https:\/\/yoast.com\/product\/yoast-seo-wordpress\/ -->\n<title>measuring technology - MST-Tech<\/title>\n<meta name=\"robots\" content=\"noindex, follow\" \/>\n<meta property=\"og:locale\" content=\"de_DE\" \/>\n<meta property=\"og:type\" content=\"article\" \/>\n<meta property=\"og:title\" content=\"measuring technology - MST-Tech\" \/>\n<meta property=\"og:description\" content=\"measuring technology Measuring technology for hydraulics and pneumatics is used to collect data via sensors and measuring devices that work hydraulically or pneumatically. The data is collected from appropriate circuits and displayed in the measurement diagram. Its correct evaluation serves to optimize systems and helps operators to avoid damage. Further information and downloads about our...\" \/>\n<meta property=\"og:url\" content=\"https:\/\/msttech.at\/de\/news-41\/\" \/>\n<meta property=\"og:site_name\" content=\"MST-Tech\" \/>\n<meta property=\"article:publisher\" content=\"https:\/\/www.facebook.com\/people\/MST-Tech\/61558570942178\/\" \/>\n<meta property=\"article:modified_time\" content=\"2025-11-19T19:40:15+00:00\" \/>\n<meta name=\"twitter:card\" content=\"summary_large_image\" \/>\n<meta name=\"twitter:label1\" content=\"Gesch\u00e4tzte Lesezeit\" \/>\n\t<meta name=\"twitter:data1\" content=\"3 Minuten\" \/>\n<script type=\"application\/ld+json\" class=\"yoast-schema-graph\">{\"@context\":\"https:\\\/\\\/schema.org\",\"@graph\":[{\"@type\":\"WebPage\",\"@id\":\"https:\\\/\\\/msttech.at\\\/news-41\\\/\",\"url\":\"https:\\\/\\\/msttech.at\\\/news-41\\\/\",\"name\":\"measuring technology - MST-Tech\",\"isPartOf\":{\"@id\":\"https:\\\/\\\/msttech.at\\\/de\\\/#website\"},\"datePublished\":\"2024-04-22T20:40:24+00:00\",\"dateModified\":\"2025-11-19T19:40:15+00:00\",\"breadcrumb\":{\"@id\":\"https:\\\/\\\/msttech.at\\\/news-41\\\/#breadcrumb\"},\"inLanguage\":\"de-AT\",\"potentialAction\":[{\"@type\":\"ReadAction\",\"target\":[\"https:\\\/\\\/msttech.at\\\/news-41\\\/\"]}]},{\"@type\":\"BreadcrumbList\",\"@id\":\"https:\\\/\\\/msttech.at\\\/news-41\\\/#breadcrumb\",\"itemListElement\":[{\"@type\":\"ListItem\",\"position\":1,\"name\":\"Home\",\"item\":\"https:\\\/\\\/msttech.at\\\/\"},{\"@type\":\"ListItem\",\"position\":2,\"name\":\"measuring technology\"}]},{\"@type\":\"WebSite\",\"@id\":\"https:\\\/\\\/msttech.at\\\/de\\\/#website\",\"url\":\"https:\\\/\\\/msttech.at\\\/de\\\/\",\"name\":\"MST-Tech\",\"description\":\"A Complete Solutions\",\"publisher\":{\"@id\":\"https:\\\/\\\/msttech.at\\\/de\\\/#organization\"},\"potentialAction\":[{\"@type\":\"SearchAction\",\"target\":{\"@type\":\"EntryPoint\",\"urlTemplate\":\"https:\\\/\\\/msttech.at\\\/de\\\/?s={search_term_string}\"},\"query-input\":{\"@type\":\"PropertyValueSpecification\",\"valueRequired\":true,\"valueName\":\"search_term_string\"}}],\"inLanguage\":\"de-AT\"},{\"@type\":\"Organization\",\"@id\":\"https:\\\/\\\/msttech.at\\\/de\\\/#organization\",\"name\":\"MST-Tech\",\"url\":\"https:\\\/\\\/msttech.at\\\/de\\\/\",\"logo\":{\"@type\":\"ImageObject\",\"inLanguage\":\"de-AT\",\"@id\":\"https:\\\/\\\/msttech.at\\\/de\\\/#\\\/schema\\\/logo\\\/image\\\/\",\"url\":\"https:\\\/\\\/msttech.at\\\/wp-content\\\/uploads\\\/2024\\\/02\\\/MSTlogo2.png\",\"contentUrl\":\"https:\\\/\\\/msttech.at\\\/wp-content\\\/uploads\\\/2024\\\/02\\\/MSTlogo2.png\",\"width\":422,\"height\":98,\"caption\":\"MST-Tech\"},\"image\":{\"@id\":\"https:\\\/\\\/msttech.at\\\/de\\\/#\\\/schema\\\/logo\\\/image\\\/\"},\"sameAs\":[\"https:\\\/\\\/www.facebook.com\\\/people\\\/MST-Tech\\\/61558570942178\\\/\"]}]}<\/script>\n<!-- \/ Yoast SEO plugin. -->","yoast_head_json":{"title":"measuring technology - MST-Tech","robots":{"index":"noindex","follow":"follow"},"og_locale":"de_DE","og_type":"article","og_title":"measuring technology - MST-Tech","og_description":"measuring technology Measuring technology for hydraulics and pneumatics is used to collect data via sensors and measuring devices that work hydraulically or pneumatically. The data is collected from appropriate circuits and displayed in the measurement diagram. Its correct evaluation serves to optimize systems and helps operators to avoid damage. Further information and downloads about our...","og_url":"https:\/\/msttech.at\/de\/news-41\/","og_site_name":"MST-Tech","article_publisher":"https:\/\/www.facebook.com\/people\/MST-Tech\/61558570942178\/","article_modified_time":"2025-11-19T19:40:15+00:00","twitter_card":"summary_large_image","twitter_misc":{"Gesch\u00e4tzte Lesezeit":"3 Minuten"},"schema":{"@context":"https:\/\/schema.org","@graph":[{"@type":"WebPage","@id":"https:\/\/msttech.at\/news-41\/","url":"https:\/\/msttech.at\/news-41\/","name":"measuring technology - MST-Tech","isPartOf":{"@id":"https:\/\/msttech.at\/de\/#website"},"datePublished":"2024-04-22T20:40:24+00:00","dateModified":"2025-11-19T19:40:15+00:00","breadcrumb":{"@id":"https:\/\/msttech.at\/news-41\/#breadcrumb"},"inLanguage":"de-AT","potentialAction":[{"@type":"ReadAction","target":["https:\/\/msttech.at\/news-41\/"]}]},{"@type":"BreadcrumbList","@id":"https:\/\/msttech.at\/news-41\/#breadcrumb","itemListElement":[{"@type":"ListItem","position":1,"name":"Home","item":"https:\/\/msttech.at\/"},{"@type":"ListItem","position":2,"name":"measuring technology"}]},{"@type":"WebSite","@id":"https:\/\/msttech.at\/de\/#website","url":"https:\/\/msttech.at\/de\/","name":"MST-Tech","description":"A Complete Solutions","publisher":{"@id":"https:\/\/msttech.at\/de\/#organization"},"potentialAction":[{"@type":"SearchAction","target":{"@type":"EntryPoint","urlTemplate":"https:\/\/msttech.at\/de\/?s={search_term_string}"},"query-input":{"@type":"PropertyValueSpecification","valueRequired":true,"valueName":"search_term_string"}}],"inLanguage":"de-AT"},{"@type":"Organization","@id":"https:\/\/msttech.at\/de\/#organization","name":"MST-Tech","url":"https:\/\/msttech.at\/de\/","logo":{"@type":"ImageObject","inLanguage":"de-AT","@id":"https:\/\/msttech.at\/de\/#\/schema\/logo\/image\/","url":"https:\/\/msttech.at\/wp-content\/uploads\/2024\/02\/MSTlogo2.png","contentUrl":"https:\/\/msttech.at\/wp-content\/uploads\/2024\/02\/MSTlogo2.png","width":422,"height":98,"caption":"MST-Tech"},"image":{"@id":"https:\/\/msttech.at\/de\/#\/schema\/logo\/image\/"},"sameAs":["https:\/\/www.facebook.com\/people\/MST-Tech\/61558570942178\/"]}]}},"_links":{"self":[{"href":"https:\/\/msttech.at\/de\/wp-json\/wp\/v2\/pages\/988178","targetHints":{"allow":["GET"]}}],"collection":[{"href":"https:\/\/msttech.at\/de\/wp-json\/wp\/v2\/pages"}],"about":[{"href":"https:\/\/msttech.at\/de\/wp-json\/wp\/v2\/types\/page"}],"author":[{"embeddable":true,"href":"https:\/\/msttech.at\/de\/wp-json\/wp\/v2\/users\/1"}],"replies":[{"embeddable":true,"href":"https:\/\/msttech.at\/de\/wp-json\/wp\/v2\/comments?post=988178"}],"version-history":[{"count":4,"href":"https:\/\/msttech.at\/de\/wp-json\/wp\/v2\/pages\/988178\/revisions"}],"predecessor-version":[{"id":989803,"href":"https:\/\/msttech.at\/de\/wp-json\/wp\/v2\/pages\/988178\/revisions\/989803"}],"wp:attachment":[{"href":"https:\/\/msttech.at\/de\/wp-json\/wp\/v2\/media?parent=988178"}],"curies":[{"name":"wp","href":"https:\/\/api.w.org\/{rel}","templated":true}]}}