{"id":988164,"date":"2024-04-22T20:32:48","date_gmt":"2024-04-22T20:32:48","guid":{"rendered":"https:\/\/msttech.at\/?page_id=988164"},"modified":"2025-11-19T19:40:06","modified_gmt":"2025-11-19T19:40:06","slug":"news-40","status":"publish","type":"page","link":"https:\/\/msttech.at\/de\/news-40\/","title":{"rendered":"Schnellverschlusskupplungen f\u00fcr Hydraulik- und Pneumatikanwendungen"},"content":{"rendered":"<div data-elementor-type=\"wp-page\" data-elementor-id=\"988164\" class=\"elementor elementor-988164\" data-elementor-post-type=\"page\">\n\t\t\t\t\t\t<section class=\"elementor-section elementor-top-section elementor-element elementor-element-1ad926b elementor-section-boxed elementor-section-height-default elementor-section-height-default\" data-id=\"1ad926b\" data-element_type=\"section\" data-e-type=\"section\">\n\t\t\t\t\t\t<div class=\"elementor-container elementor-column-gap-no\">\n\t\t\t\t\t<div class=\"elementor-column elementor-col-100 elementor-top-column elementor-element elementor-element-34590f3\" data-id=\"34590f3\" data-element_type=\"column\" data-e-type=\"column\">\n\t\t\t<div class=\"elementor-widget-wrap elementor-element-populated\">\n\t\t\t\t\t\t<div class=\"elementor-element elementor-element-0855f64 elementor-widget elementor-widget-spacer\" data-id=\"0855f64\" data-element_type=\"widget\" data-e-type=\"widget\" data-widget_type=\"spacer.default\">\n\t\t\t\t<div class=\"elementor-widget-container\">\n\t\t\t\t\t\t\t<div class=\"elementor-spacer\">\n\t\t\t<div class=\"elementor-spacer-inner\"><\/div>\n\t\t<\/div>\n\t\t\t\t\t\t<\/div>\n\t\t\t\t<\/div>\n\t\t\t\t\t<\/div>\n\t\t<\/div>\n\t\t\t\t\t<\/div>\n\t\t<\/section>\n\t\t<div class=\"elementor-element elementor-element-a187793 e-flex e-con-boxed e-con e-parent\" data-id=\"a187793\" data-element_type=\"container\" data-e-type=\"container\">\n\t\t\t\t\t<div class=\"e-con-inner\">\n\t\t\t\t<div class=\"elementor-element elementor-element-dda62df elementor-widget elementor-widget-heading\" data-id=\"dda62df\" data-element_type=\"widget\" data-e-type=\"widget\" data-widget_type=\"heading.default\">\n\t\t\t\t<div class=\"elementor-widget-container\">\n\t\t\t\t\t<h2 class=\"elementor-heading-title elementor-size-default\">Schnellverschlusskupplungen f\u00fcr Hydraulik- und Pneumatikanwendungen<\/h2>\t\t\t\t<\/div>\n\t\t\t\t<\/div>\n\t\t\t\t\t<\/div>\n\t\t\t\t<\/div>\n\t\t<div class=\"elementor-element elementor-element-b6882bc e-flex e-con-boxed e-con e-parent\" data-id=\"b6882bc\" data-element_type=\"container\" data-e-type=\"container\">\n\t\t\t\t\t<div class=\"e-con-inner\">\n\t\t\t\t<div class=\"elementor-element elementor-element-3e6c7a5 elementor-widget elementor-widget-text-editor\" data-id=\"3e6c7a5\" data-element_type=\"widget\" data-e-type=\"widget\" data-widget_type=\"text-editor.default\">\n\t\t\t\t<div class=\"elementor-widget-container\">\n\t\t\t\t\t\t\t\t\t<div id=\"c950\" class=\"frame frame-default frame-type-text frame-layout-0\">Schnellverschlusskupplungen dienen dazu, hydraulische oder pneumatische Verbindungen schnell und einfach ohne Werkzeug zu verbinden oder zu trennen. Aus diesem Grund bieten wir Ihnen eine gro\u00dfe Auswahl an Kupplungstypen (u.a. Parker, Rectus Tema).<\/div>\t\t\t\t\t\t\t\t<\/div>\n\t\t\t\t<\/div>\n\t\t\t\t<div class=\"elementor-element elementor-element-d42baac elementor-widget elementor-widget-text-editor\" data-id=\"d42baac\" data-element_type=\"widget\" data-e-type=\"widget\" data-widget_type=\"text-editor.default\">\n\t\t\t\t<div class=\"elementor-widget-container\">\n\t\t\t\t\t\t\t\t\t<h6><strong>Kupplungen f\u00fcr die Hydraulik<\/strong><\/h6><p class=\"translation-block\">Kupplungen Landwirtschaft<br>R\u00fcckschlagventile f\u00fcr Kupplungen<br>Kupplungen f\u00fcr Hochdruckanwendungen<br>Schnellverschlusskupplung Industrie<\/p><h6><strong>Kupplungen f\u00fcr die Pneumatik<\/strong><\/h6><h6><strong>Kupplungen f\u00fcr die Pneumatik<\/strong><\/h6><p class=\"translation-block\">Pioneer Schnellkupplungen Landwirtschaft<br>Pioneer Schnellkupplungen Chemie<br>Pioneer Schnellkupplungen Unterdruckkupplung<br>Pioneer Schnellkupplungen Auslaufsicher<\/p><h6><strong>Testport-Diagnosekupplungen<\/strong><\/h6><p>Die kompakte Bauform dieser Diagnosekupplung erm\u00f6glicht einen einfachen Einbau in die Erstausr\u00fcstung oder in bestehende Schaltkreise.<\/p><p>Sie werden in landwirtschaftlichen Maschinen, Industrieanlagen und im Tiefbau eingesetzt. Typischerweise werden die Serien PD und PDP im Hydrauliksystem angeschlossen, um den Druck in hydrostatischen Getrieben, Ventilen, Pumpen, Motoren, Zylindern, Ladepumpen und anderen Komponenten bei Dr\u00fccken bis zu 420 bar zu pr\u00fcfen.<\/p><h6><strong>Thermoplastische Kupplungen<\/strong><\/h6><p>Schnellkupplungen und Nippel aus Thermoplast sind f\u00fcr den Einsatz in zahlreichen Niederdruckanwendungen vorgesehen, bei denen Fl\u00fcssigkeitsleitungen schnell, einfach und vielseitig verbunden und getrennt werden m\u00fcssen.<\/p><h6><strong>Rectus Tema Kupplungen<\/strong><\/h6><p>Die Firma Rectus Team, Anbieter von Schnellverschlusskupplungen f\u00fcr den Hydraulik- und Pneumatikbereich, wurde von Parker Hannifin \u00fcbernommen und in das bestehende Kupplungsportfolio integriert.<\/p><p>Als zertifizierter Vertragspartner beliefern wir unsere Kunden seit vielen Jahren mit Schnellverschlusskupplungen aus dem Rectus Tema Portfolio sowie weiterer namhafter Hersteller, unterst\u00fctzen bei der Fehlersuche und beraten bei Umbauten.<\/p>\t\t\t\t\t\t\t\t<\/div>\n\t\t\t\t<\/div>\n\t\t\t\t\t<\/div>\n\t\t\t\t<\/div>\n\t\t<div class=\"elementor-element elementor-element-22424ee e-flex e-con-boxed e-con e-parent\" data-id=\"22424ee\" data-element_type=\"container\" data-e-type=\"container\">\n\t\t\t\t\t<div class=\"e-con-inner\">\n\t\t\t\t\t<\/div>\n\t\t\t\t<\/div>\n\t\t\t\t<\/div>","protected":false},"excerpt":{"rendered":"<p>Quick-release couplings for hydraulic and pneumatic applications Quick-release couplings are used to connect or disconnect hydraulic or pneumatic connections quickly and easily without tools. For this reason, we offer you a wide range of coupling types (including Parker, Rectus Tema). Couplings for hydraulics Couplings AgricultureCheck valves for couplingsCouplings for high pressure applicationsQuick release coupling industry&#8230;<\/p>","protected":false},"author":1,"featured_media":0,"parent":0,"menu_order":0,"comment_status":"closed","ping_status":"closed","template":"","meta":{"footnotes":""},"class_list":["post-988164","page","type-page","status-publish","hentry"],"yoast_head":"<!-- This site is optimized with the Yoast SEO plugin v27.4 - https:\/\/yoast.com\/product\/yoast-seo-wordpress\/ -->\n<title>Quick-release couplings for hydraulic and pneumatic applications - MST-Tech<\/title>\n<meta name=\"robots\" content=\"noindex, follow\" \/>\n<meta property=\"og:locale\" content=\"de_DE\" \/>\n<meta property=\"og:type\" content=\"article\" \/>\n<meta property=\"og:title\" content=\"Quick-release couplings for hydraulic and pneumatic applications - MST-Tech\" \/>\n<meta property=\"og:description\" content=\"Quick-release couplings for hydraulic and pneumatic applications Quick-release couplings are used to connect or disconnect hydraulic or pneumatic connections quickly and easily without tools. For this reason, we offer you a wide range of coupling types (including Parker, Rectus Tema). Couplings for hydraulics Couplings AgricultureCheck valves for couplingsCouplings for high pressure applicationsQuick release coupling industry...\" \/>\n<meta property=\"og:url\" content=\"https:\/\/msttech.at\/de\/news-40\/\" \/>\n<meta property=\"og:site_name\" content=\"MST-Tech\" \/>\n<meta property=\"article:publisher\" content=\"https:\/\/www.facebook.com\/people\/MST-Tech\/61558570942178\/\" \/>\n<meta property=\"article:modified_time\" content=\"2025-11-19T19:40:06+00:00\" \/>\n<meta name=\"twitter:card\" content=\"summary_large_image\" \/>\n<meta name=\"twitter:label1\" content=\"Gesch\u00e4tzte Lesezeit\" \/>\n\t<meta name=\"twitter:data1\" content=\"2 Minuten\" \/>\n<script type=\"application\/ld+json\" class=\"yoast-schema-graph\">{\"@context\":\"https:\\\/\\\/schema.org\",\"@graph\":[{\"@type\":\"WebPage\",\"@id\":\"https:\\\/\\\/msttech.at\\\/news-40\\\/\",\"url\":\"https:\\\/\\\/msttech.at\\\/news-40\\\/\",\"name\":\"Quick-release couplings for hydraulic and pneumatic applications - MST-Tech\",\"isPartOf\":{\"@id\":\"https:\\\/\\\/msttech.at\\\/de\\\/#website\"},\"datePublished\":\"2024-04-22T20:32:48+00:00\",\"dateModified\":\"2025-11-19T19:40:06+00:00\",\"breadcrumb\":{\"@id\":\"https:\\\/\\\/msttech.at\\\/news-40\\\/#breadcrumb\"},\"inLanguage\":\"de-AT\",\"potentialAction\":[{\"@type\":\"ReadAction\",\"target\":[\"https:\\\/\\\/msttech.at\\\/news-40\\\/\"]}]},{\"@type\":\"BreadcrumbList\",\"@id\":\"https:\\\/\\\/msttech.at\\\/news-40\\\/#breadcrumb\",\"itemListElement\":[{\"@type\":\"ListItem\",\"position\":1,\"name\":\"Home\",\"item\":\"https:\\\/\\\/msttech.at\\\/\"},{\"@type\":\"ListItem\",\"position\":2,\"name\":\"Quick-release couplings for hydraulic and pneumatic applications\"}]},{\"@type\":\"WebSite\",\"@id\":\"https:\\\/\\\/msttech.at\\\/de\\\/#website\",\"url\":\"https:\\\/\\\/msttech.at\\\/de\\\/\",\"name\":\"MST-Tech\",\"description\":\"A Complete Solutions\",\"publisher\":{\"@id\":\"https:\\\/\\\/msttech.at\\\/de\\\/#organization\"},\"potentialAction\":[{\"@type\":\"SearchAction\",\"target\":{\"@type\":\"EntryPoint\",\"urlTemplate\":\"https:\\\/\\\/msttech.at\\\/de\\\/?s={search_term_string}\"},\"query-input\":{\"@type\":\"PropertyValueSpecification\",\"valueRequired\":true,\"valueName\":\"search_term_string\"}}],\"inLanguage\":\"de-AT\"},{\"@type\":\"Organization\",\"@id\":\"https:\\\/\\\/msttech.at\\\/de\\\/#organization\",\"name\":\"MST-Tech\",\"url\":\"https:\\\/\\\/msttech.at\\\/de\\\/\",\"logo\":{\"@type\":\"ImageObject\",\"inLanguage\":\"de-AT\",\"@id\":\"https:\\\/\\\/msttech.at\\\/de\\\/#\\\/schema\\\/logo\\\/image\\\/\",\"url\":\"https:\\\/\\\/msttech.at\\\/wp-content\\\/uploads\\\/2024\\\/02\\\/MSTlogo2.png\",\"contentUrl\":\"https:\\\/\\\/msttech.at\\\/wp-content\\\/uploads\\\/2024\\\/02\\\/MSTlogo2.png\",\"width\":422,\"height\":98,\"caption\":\"MST-Tech\"},\"image\":{\"@id\":\"https:\\\/\\\/msttech.at\\\/de\\\/#\\\/schema\\\/logo\\\/image\\\/\"},\"sameAs\":[\"https:\\\/\\\/www.facebook.com\\\/people\\\/MST-Tech\\\/61558570942178\\\/\"]}]}<\/script>\n<!-- \/ Yoast SEO plugin. -->","yoast_head_json":{"title":"Quick-release couplings for hydraulic and pneumatic applications - MST-Tech","robots":{"index":"noindex","follow":"follow"},"og_locale":"de_DE","og_type":"article","og_title":"Quick-release couplings for hydraulic and pneumatic applications - MST-Tech","og_description":"Quick-release couplings for hydraulic and pneumatic applications Quick-release couplings are used to connect or disconnect hydraulic or pneumatic connections quickly and easily without tools. For this reason, we offer you a wide range of coupling types (including Parker, Rectus Tema). Couplings for hydraulics Couplings AgricultureCheck valves for couplingsCouplings for high pressure applicationsQuick release coupling industry...","og_url":"https:\/\/msttech.at\/de\/news-40\/","og_site_name":"MST-Tech","article_publisher":"https:\/\/www.facebook.com\/people\/MST-Tech\/61558570942178\/","article_modified_time":"2025-11-19T19:40:06+00:00","twitter_card":"summary_large_image","twitter_misc":{"Gesch\u00e4tzte Lesezeit":"2 Minuten"},"schema":{"@context":"https:\/\/schema.org","@graph":[{"@type":"WebPage","@id":"https:\/\/msttech.at\/news-40\/","url":"https:\/\/msttech.at\/news-40\/","name":"Quick-release couplings for hydraulic and pneumatic applications - MST-Tech","isPartOf":{"@id":"https:\/\/msttech.at\/de\/#website"},"datePublished":"2024-04-22T20:32:48+00:00","dateModified":"2025-11-19T19:40:06+00:00","breadcrumb":{"@id":"https:\/\/msttech.at\/news-40\/#breadcrumb"},"inLanguage":"de-AT","potentialAction":[{"@type":"ReadAction","target":["https:\/\/msttech.at\/news-40\/"]}]},{"@type":"BreadcrumbList","@id":"https:\/\/msttech.at\/news-40\/#breadcrumb","itemListElement":[{"@type":"ListItem","position":1,"name":"Home","item":"https:\/\/msttech.at\/"},{"@type":"ListItem","position":2,"name":"Quick-release couplings for hydraulic and pneumatic applications"}]},{"@type":"WebSite","@id":"https:\/\/msttech.at\/de\/#website","url":"https:\/\/msttech.at\/de\/","name":"MST-Tech","description":"A Complete Solutions","publisher":{"@id":"https:\/\/msttech.at\/de\/#organization"},"potentialAction":[{"@type":"SearchAction","target":{"@type":"EntryPoint","urlTemplate":"https:\/\/msttech.at\/de\/?s={search_term_string}"},"query-input":{"@type":"PropertyValueSpecification","valueRequired":true,"valueName":"search_term_string"}}],"inLanguage":"de-AT"},{"@type":"Organization","@id":"https:\/\/msttech.at\/de\/#organization","name":"MST-Tech","url":"https:\/\/msttech.at\/de\/","logo":{"@type":"ImageObject","inLanguage":"de-AT","@id":"https:\/\/msttech.at\/de\/#\/schema\/logo\/image\/","url":"https:\/\/msttech.at\/wp-content\/uploads\/2024\/02\/MSTlogo2.png","contentUrl":"https:\/\/msttech.at\/wp-content\/uploads\/2024\/02\/MSTlogo2.png","width":422,"height":98,"caption":"MST-Tech"},"image":{"@id":"https:\/\/msttech.at\/de\/#\/schema\/logo\/image\/"},"sameAs":["https:\/\/www.facebook.com\/people\/MST-Tech\/61558570942178\/"]}]}},"_links":{"self":[{"href":"https:\/\/msttech.at\/de\/wp-json\/wp\/v2\/pages\/988164","targetHints":{"allow":["GET"]}}],"collection":[{"href":"https:\/\/msttech.at\/de\/wp-json\/wp\/v2\/pages"}],"about":[{"href":"https:\/\/msttech.at\/de\/wp-json\/wp\/v2\/types\/page"}],"author":[{"embeddable":true,"href":"https:\/\/msttech.at\/de\/wp-json\/wp\/v2\/users\/1"}],"replies":[{"embeddable":true,"href":"https:\/\/msttech.at\/de\/wp-json\/wp\/v2\/comments?post=988164"}],"version-history":[{"count":10,"href":"https:\/\/msttech.at\/de\/wp-json\/wp\/v2\/pages\/988164\/revisions"}],"predecessor-version":[{"id":989802,"href":"https:\/\/msttech.at\/de\/wp-json\/wp\/v2\/pages\/988164\/revisions\/989802"}],"wp:attachment":[{"href":"https:\/\/msttech.at\/de\/wp-json\/wp\/v2\/media?parent=988164"}],"curies":[{"name":"wp","href":"https:\/\/api.w.org\/{rel}","templated":true}]}}