{"id":988156,"date":"2024-04-22T20:27:44","date_gmt":"2024-04-22T20:27:44","guid":{"rendered":"https:\/\/msttech.at\/?page_id=988156"},"modified":"2025-11-19T19:39:42","modified_gmt":"2025-11-19T19:39:42","slug":"news-38","status":"publish","type":"page","link":"https:\/\/msttech.at\/de\/news-38\/","title":{"rendered":"Hochdruckhydraulik"},"content":{"rendered":"<div data-elementor-type=\"wp-page\" data-elementor-id=\"988156\" class=\"elementor elementor-988156\" data-elementor-post-type=\"page\">\n\t\t\t\t\t\t<section class=\"elementor-section elementor-top-section elementor-element elementor-element-1ad926b elementor-section-boxed elementor-section-height-default elementor-section-height-default\" data-id=\"1ad926b\" data-element_type=\"section\" data-e-type=\"section\">\n\t\t\t\t\t\t<div class=\"elementor-container elementor-column-gap-no\">\n\t\t\t\t\t<div class=\"elementor-column elementor-col-100 elementor-top-column elementor-element elementor-element-34590f3\" data-id=\"34590f3\" data-element_type=\"column\" data-e-type=\"column\">\n\t\t\t<div class=\"elementor-widget-wrap elementor-element-populated\">\n\t\t\t\t\t\t<div class=\"elementor-element elementor-element-0855f64 elementor-widget elementor-widget-spacer\" data-id=\"0855f64\" data-element_type=\"widget\" data-e-type=\"widget\" data-widget_type=\"spacer.default\">\n\t\t\t\t<div class=\"elementor-widget-container\">\n\t\t\t\t\t\t\t<div class=\"elementor-spacer\">\n\t\t\t<div class=\"elementor-spacer-inner\"><\/div>\n\t\t<\/div>\n\t\t\t\t\t\t<\/div>\n\t\t\t\t<\/div>\n\t\t\t\t\t<\/div>\n\t\t<\/div>\n\t\t\t\t\t<\/div>\n\t\t<\/section>\n\t\t<div class=\"elementor-element elementor-element-a187793 e-flex e-con-boxed e-con e-parent\" data-id=\"a187793\" data-element_type=\"container\" data-e-type=\"container\">\n\t\t\t\t\t<div class=\"e-con-inner\">\n\t\t\t\t<div class=\"elementor-element elementor-element-dda62df elementor-widget elementor-widget-heading\" data-id=\"dda62df\" data-element_type=\"widget\" data-e-type=\"widget\" data-widget_type=\"heading.default\">\n\t\t\t\t<div class=\"elementor-widget-container\">\n\t\t\t\t\t<h2 class=\"elementor-heading-title elementor-size-default\">Hochdruckhydraulik<\/h2>\t\t\t\t<\/div>\n\t\t\t\t<\/div>\n\t\t\t\t\t<\/div>\n\t\t\t\t<\/div>\n\t\t<div class=\"elementor-element elementor-element-b6882bc e-flex e-con-boxed e-con e-parent\" data-id=\"b6882bc\" data-element_type=\"container\" data-e-type=\"container\">\n\t\t\t\t\t<div class=\"e-con-inner\">\n\t\t\t\t<div class=\"elementor-element elementor-element-3e6c7a5 elementor-widget elementor-widget-text-editor\" data-id=\"3e6c7a5\" data-element_type=\"widget\" data-e-type=\"widget\" data-widget_type=\"text-editor.default\">\n\t\t\t\t<div class=\"elementor-widget-container\">\n\t\t\t\t\t\t\t\t\t<div id=\"c950\" class=\"frame frame-default frame-type-text frame-layout-0\"><h6>Hochdruck-Hydraulikleitungen<\/h6><p>Wir planen, fertigen und nehmen Hydraulikleitungen nach Ihren Vorgaben mit folgenden (max.) Leistungsdaten in Betrieb:<\/p><p class=\"translation-block\">Au\u00dfendurchmesser: 6 bis 220 mm, L\u00e4nge: unbegrenzt<br>Material: Stahl, Edelstahl, Kupfer, Aluminium<br>Fluid: Wasser, \u00d6l, Druckluft<br>Druck: 400 bar<br>Anschlussarten: Flansche, Verschraubungen<\/p><\/div>\t\t\t\t\t\t\t\t<\/div>\n\t\t\t\t<\/div>\n\t\t\t\t<div class=\"elementor-element elementor-element-04527e1 elementor-widget elementor-widget-text-editor\" data-id=\"04527e1\" data-element_type=\"widget\" data-e-type=\"widget\" data-widget_type=\"text-editor.default\">\n\t\t\t\t<div class=\"elementor-widget-container\">\n\t\t\t\t\t\t\t\t\t<div id=\"c950\" class=\"frame frame-default frame-type-text frame-layout-0\"><h6>Hochdruck-Hydraulikschl\u00e4uche<\/h6><p>Wir liefern und fertigen Hochdruck-Hydraulikschl\u00e4uche bis 56 MPA (= 560 bar, 8.120 PSI) nach Ihren Vorgaben f\u00fcr folgende Anwendungsbereiche:<\/p><p class=\"translation-block\">3-Schicht-Tieftemperatur-Kompaktschlauch mit 4SP Betriebsdruckwerten<br>Multispiralschlauch nach ISO 3862 und DIN EN 856<br>Phosphatesterbest\u00e4ndige Schl\u00e4uche<br>5-Schicht-Schl\u00e4uche f\u00fcr Dr\u00fccke bis 560 bar<br>Hochabriebfeste Schl\u00e4uche mit MSHA-Zulassung und SAE 100R13 \u2013 ISO 3862 \u2013 DIN EN 856<br>Multispiral-H\u00f6chstdruckschlauch<\/p><\/div>\t\t\t\t\t\t\t\t<\/div>\n\t\t\t\t<\/div>\n\t\t\t\t<div class=\"elementor-element elementor-element-a0f2a60 elementor-widget elementor-widget-text-editor\" data-id=\"a0f2a60\" data-element_type=\"widget\" data-e-type=\"widget\" data-widget_type=\"text-editor.default\">\n\t\t\t\t<div class=\"elementor-widget-container\">\n\t\t\t\t\t\t\t\t\t<div id=\"c950\" class=\"frame frame-default frame-type-text frame-layout-0\"><h6>SPX Flow \u2013 Power Team<\/h6><p>Bei uns erhalten Sie s\u00e4mtliche SPX \u2013 Power Team Hydraulik Produkte wie Zylinder, Flachzylinder, Hebezeuge, Abzieher, Schraubwerkzeuge, Ventile, Pumpen, Pressen, Spezialwerkzeuge, entsprechendes Zubeh\u00f6r und nat\u00fcrlich die richtige Beratung, schnelle Lieferung sowie Anpassung und Umbau aus einer Hand!<\/p><\/div>\t\t\t\t\t\t\t\t<\/div>\n\t\t\t\t<\/div>\n\t\t\t\t<div class=\"elementor-element elementor-element-ec0c74e elementor-widget elementor-widget-text-editor\" data-id=\"ec0c74e\" data-element_type=\"widget\" data-e-type=\"widget\" data-widget_type=\"text-editor.default\">\n\t\t\t\t<div class=\"elementor-widget-container\">\n\t\t\t\t\t\t\t\t\t<div id=\"c950\" class=\"frame frame-default frame-type-text frame-layout-0\"><h6>Kostenlose Schulung \u201eHochdruckhydraulik Sicherheit\u201c<\/h6><p>Hydraulikanlagen, die mit Arbeitsdr\u00fccken \u00fcber 690 bar betrieben werden, unterliegen besonderen Vorschriften und bed\u00fcrfen der \u00dcberwachung durch speziell geschultes Fachpersonal.<\/p><\/div>\t\t\t\t\t\t\t\t<\/div>\n\t\t\t\t<\/div>\n\t\t\t\t\t<\/div>\n\t\t\t\t<\/div>\n\t\t<div class=\"elementor-element elementor-element-22424ee e-flex e-con-boxed e-con e-parent\" data-id=\"22424ee\" data-element_type=\"container\" data-e-type=\"container\">\n\t\t\t\t\t<div class=\"e-con-inner\">\n\t\t\t\t\t<\/div>\n\t\t\t\t<\/div>\n\t\t\t\t<\/div>","protected":false},"excerpt":{"rendered":"<p>High pressure hydraulics High pressure hydraulic pipelines We plan, manufacture and commission hydraulic pipelines according to your specifications with the following (max.) performance data: Outer diameter: 6 to 220 mm, length: unlimitedMaterial: steel, stainless steel, copper, aluminumFluid: water, oil, compressed airPressure: 400 barConnection types: flanges, screw connections High pressure hydraulic hoses We supply and manufacture&#8230;<\/p>","protected":false},"author":1,"featured_media":0,"parent":0,"menu_order":0,"comment_status":"closed","ping_status":"closed","template":"","meta":{"footnotes":""},"class_list":["post-988156","page","type-page","status-publish","hentry"],"yoast_head":"<!-- This site is optimized with the Yoast SEO plugin v27.4 - https:\/\/yoast.com\/product\/yoast-seo-wordpress\/ -->\n<title>High pressure hydraulics - MST-Tech<\/title>\n<meta name=\"robots\" content=\"noindex, follow\" \/>\n<meta property=\"og:locale\" content=\"de_DE\" \/>\n<meta property=\"og:type\" content=\"article\" \/>\n<meta property=\"og:title\" content=\"High pressure hydraulics - MST-Tech\" \/>\n<meta property=\"og:description\" content=\"High pressure hydraulics High pressure hydraulic pipelines We plan, manufacture and commission hydraulic pipelines according to your specifications with the following (max.) performance data: Outer diameter: 6 to 220 mm, length: unlimitedMaterial: steel, stainless steel, copper, aluminumFluid: water, oil, compressed airPressure: 400 barConnection types: flanges, screw connections High pressure hydraulic hoses We supply and manufacture...\" \/>\n<meta property=\"og:url\" content=\"https:\/\/msttech.at\/de\/news-38\/\" \/>\n<meta property=\"og:site_name\" content=\"MST-Tech\" \/>\n<meta property=\"article:publisher\" content=\"https:\/\/www.facebook.com\/people\/MST-Tech\/61558570942178\/\" \/>\n<meta property=\"article:modified_time\" content=\"2025-11-19T19:39:42+00:00\" \/>\n<meta name=\"twitter:card\" content=\"summary_large_image\" \/>\n<meta name=\"twitter:label1\" content=\"Gesch\u00e4tzte Lesezeit\" \/>\n\t<meta name=\"twitter:data1\" content=\"1 Minute\" \/>\n<script type=\"application\/ld+json\" class=\"yoast-schema-graph\">{\"@context\":\"https:\\\/\\\/schema.org\",\"@graph\":[{\"@type\":\"WebPage\",\"@id\":\"https:\\\/\\\/msttech.at\\\/news-38\\\/\",\"url\":\"https:\\\/\\\/msttech.at\\\/news-38\\\/\",\"name\":\"High pressure hydraulics - MST-Tech\",\"isPartOf\":{\"@id\":\"https:\\\/\\\/msttech.at\\\/de\\\/#website\"},\"datePublished\":\"2024-04-22T20:27:44+00:00\",\"dateModified\":\"2025-11-19T19:39:42+00:00\",\"breadcrumb\":{\"@id\":\"https:\\\/\\\/msttech.at\\\/news-38\\\/#breadcrumb\"},\"inLanguage\":\"de-AT\",\"potentialAction\":[{\"@type\":\"ReadAction\",\"target\":[\"https:\\\/\\\/msttech.at\\\/news-38\\\/\"]}]},{\"@type\":\"BreadcrumbList\",\"@id\":\"https:\\\/\\\/msttech.at\\\/news-38\\\/#breadcrumb\",\"itemListElement\":[{\"@type\":\"ListItem\",\"position\":1,\"name\":\"Home\",\"item\":\"https:\\\/\\\/msttech.at\\\/\"},{\"@type\":\"ListItem\",\"position\":2,\"name\":\"High pressure hydraulics\"}]},{\"@type\":\"WebSite\",\"@id\":\"https:\\\/\\\/msttech.at\\\/de\\\/#website\",\"url\":\"https:\\\/\\\/msttech.at\\\/de\\\/\",\"name\":\"MST-Tech\",\"description\":\"A Complete Solutions\",\"publisher\":{\"@id\":\"https:\\\/\\\/msttech.at\\\/de\\\/#organization\"},\"potentialAction\":[{\"@type\":\"SearchAction\",\"target\":{\"@type\":\"EntryPoint\",\"urlTemplate\":\"https:\\\/\\\/msttech.at\\\/de\\\/?s={search_term_string}\"},\"query-input\":{\"@type\":\"PropertyValueSpecification\",\"valueRequired\":true,\"valueName\":\"search_term_string\"}}],\"inLanguage\":\"de-AT\"},{\"@type\":\"Organization\",\"@id\":\"https:\\\/\\\/msttech.at\\\/de\\\/#organization\",\"name\":\"MST-Tech\",\"url\":\"https:\\\/\\\/msttech.at\\\/de\\\/\",\"logo\":{\"@type\":\"ImageObject\",\"inLanguage\":\"de-AT\",\"@id\":\"https:\\\/\\\/msttech.at\\\/de\\\/#\\\/schema\\\/logo\\\/image\\\/\",\"url\":\"https:\\\/\\\/msttech.at\\\/wp-content\\\/uploads\\\/2024\\\/02\\\/MSTlogo2.png\",\"contentUrl\":\"https:\\\/\\\/msttech.at\\\/wp-content\\\/uploads\\\/2024\\\/02\\\/MSTlogo2.png\",\"width\":422,\"height\":98,\"caption\":\"MST-Tech\"},\"image\":{\"@id\":\"https:\\\/\\\/msttech.at\\\/de\\\/#\\\/schema\\\/logo\\\/image\\\/\"},\"sameAs\":[\"https:\\\/\\\/www.facebook.com\\\/people\\\/MST-Tech\\\/61558570942178\\\/\"]}]}<\/script>\n<!-- \/ Yoast SEO plugin. -->","yoast_head_json":{"title":"High pressure hydraulics - MST-Tech","robots":{"index":"noindex","follow":"follow"},"og_locale":"de_DE","og_type":"article","og_title":"High pressure hydraulics - MST-Tech","og_description":"High pressure hydraulics High pressure hydraulic pipelines We plan, manufacture and commission hydraulic pipelines according to your specifications with the following (max.) performance data: Outer diameter: 6 to 220 mm, length: unlimitedMaterial: steel, stainless steel, copper, aluminumFluid: water, oil, compressed airPressure: 400 barConnection types: flanges, screw connections High pressure hydraulic hoses We supply and manufacture...","og_url":"https:\/\/msttech.at\/de\/news-38\/","og_site_name":"MST-Tech","article_publisher":"https:\/\/www.facebook.com\/people\/MST-Tech\/61558570942178\/","article_modified_time":"2025-11-19T19:39:42+00:00","twitter_card":"summary_large_image","twitter_misc":{"Gesch\u00e4tzte Lesezeit":"1 Minute"},"schema":{"@context":"https:\/\/schema.org","@graph":[{"@type":"WebPage","@id":"https:\/\/msttech.at\/news-38\/","url":"https:\/\/msttech.at\/news-38\/","name":"High pressure hydraulics - MST-Tech","isPartOf":{"@id":"https:\/\/msttech.at\/de\/#website"},"datePublished":"2024-04-22T20:27:44+00:00","dateModified":"2025-11-19T19:39:42+00:00","breadcrumb":{"@id":"https:\/\/msttech.at\/news-38\/#breadcrumb"},"inLanguage":"de-AT","potentialAction":[{"@type":"ReadAction","target":["https:\/\/msttech.at\/news-38\/"]}]},{"@type":"BreadcrumbList","@id":"https:\/\/msttech.at\/news-38\/#breadcrumb","itemListElement":[{"@type":"ListItem","position":1,"name":"Home","item":"https:\/\/msttech.at\/"},{"@type":"ListItem","position":2,"name":"High pressure hydraulics"}]},{"@type":"WebSite","@id":"https:\/\/msttech.at\/de\/#website","url":"https:\/\/msttech.at\/de\/","name":"MST-Tech","description":"A Complete Solutions","publisher":{"@id":"https:\/\/msttech.at\/de\/#organization"},"potentialAction":[{"@type":"SearchAction","target":{"@type":"EntryPoint","urlTemplate":"https:\/\/msttech.at\/de\/?s={search_term_string}"},"query-input":{"@type":"PropertyValueSpecification","valueRequired":true,"valueName":"search_term_string"}}],"inLanguage":"de-AT"},{"@type":"Organization","@id":"https:\/\/msttech.at\/de\/#organization","name":"MST-Tech","url":"https:\/\/msttech.at\/de\/","logo":{"@type":"ImageObject","inLanguage":"de-AT","@id":"https:\/\/msttech.at\/de\/#\/schema\/logo\/image\/","url":"https:\/\/msttech.at\/wp-content\/uploads\/2024\/02\/MSTlogo2.png","contentUrl":"https:\/\/msttech.at\/wp-content\/uploads\/2024\/02\/MSTlogo2.png","width":422,"height":98,"caption":"MST-Tech"},"image":{"@id":"https:\/\/msttech.at\/de\/#\/schema\/logo\/image\/"},"sameAs":["https:\/\/www.facebook.com\/people\/MST-Tech\/61558570942178\/"]}]}},"_links":{"self":[{"href":"https:\/\/msttech.at\/de\/wp-json\/wp\/v2\/pages\/988156","targetHints":{"allow":["GET"]}}],"collection":[{"href":"https:\/\/msttech.at\/de\/wp-json\/wp\/v2\/pages"}],"about":[{"href":"https:\/\/msttech.at\/de\/wp-json\/wp\/v2\/types\/page"}],"author":[{"embeddable":true,"href":"https:\/\/msttech.at\/de\/wp-json\/wp\/v2\/users\/1"}],"replies":[{"embeddable":true,"href":"https:\/\/msttech.at\/de\/wp-json\/wp\/v2\/comments?post=988156"}],"version-history":[{"count":4,"href":"https:\/\/msttech.at\/de\/wp-json\/wp\/v2\/pages\/988156\/revisions"}],"predecessor-version":[{"id":989800,"href":"https:\/\/msttech.at\/de\/wp-json\/wp\/v2\/pages\/988156\/revisions\/989800"}],"wp:attachment":[{"href":"https:\/\/msttech.at\/de\/wp-json\/wp\/v2\/media?parent=988156"}],"curies":[{"name":"wp","href":"https:\/\/api.w.org\/{rel}","templated":true}]}}