{"id":988134,"date":"2024-04-22T20:09:48","date_gmt":"2024-04-22T20:09:48","guid":{"rendered":"https:\/\/msttech.at\/?page_id=988134"},"modified":"2025-11-19T19:38:20","modified_gmt":"2025-11-19T19:38:20","slug":"news-34","status":"publish","type":"page","link":"https:\/\/msttech.at\/de\/news-34\/","title":{"rendered":"Automatisierungstechnik"},"content":{"rendered":"<div data-elementor-type=\"wp-page\" data-elementor-id=\"988134\" class=\"elementor elementor-988134\" data-elementor-post-type=\"page\">\n\t\t\t\t\t\t<section class=\"elementor-section elementor-top-section elementor-element elementor-element-1ad926b elementor-section-boxed elementor-section-height-default elementor-section-height-default\" data-id=\"1ad926b\" data-element_type=\"section\" data-e-type=\"section\">\n\t\t\t\t\t\t<div class=\"elementor-container elementor-column-gap-no\">\n\t\t\t\t\t<div class=\"elementor-column elementor-col-100 elementor-top-column elementor-element elementor-element-34590f3\" data-id=\"34590f3\" data-element_type=\"column\" data-e-type=\"column\">\n\t\t\t<div class=\"elementor-widget-wrap elementor-element-populated\">\n\t\t\t\t\t\t<div class=\"elementor-element elementor-element-0855f64 elementor-widget elementor-widget-spacer\" data-id=\"0855f64\" data-element_type=\"widget\" data-e-type=\"widget\" data-widget_type=\"spacer.default\">\n\t\t\t\t<div class=\"elementor-widget-container\">\n\t\t\t\t\t\t\t<div class=\"elementor-spacer\">\n\t\t\t<div class=\"elementor-spacer-inner\"><\/div>\n\t\t<\/div>\n\t\t\t\t\t\t<\/div>\n\t\t\t\t<\/div>\n\t\t\t\t\t<\/div>\n\t\t<\/div>\n\t\t\t\t\t<\/div>\n\t\t<\/section>\n\t\t<div class=\"elementor-element elementor-element-a187793 e-flex e-con-boxed e-con e-parent\" data-id=\"a187793\" data-element_type=\"container\" data-e-type=\"container\">\n\t\t\t\t\t<div class=\"e-con-inner\">\n\t\t\t\t<div class=\"elementor-element elementor-element-dda62df elementor-widget elementor-widget-heading\" data-id=\"dda62df\" data-element_type=\"widget\" data-e-type=\"widget\" data-widget_type=\"heading.default\">\n\t\t\t\t<div class=\"elementor-widget-container\">\n\t\t\t\t\t<h2 class=\"elementor-heading-title elementor-size-default\">Automatisierungstechnik<\/h2>\t\t\t\t<\/div>\n\t\t\t\t<\/div>\n\t\t\t\t\t<\/div>\n\t\t\t\t<\/div>\n\t\t<div class=\"elementor-element elementor-element-b6882bc e-flex e-con-boxed e-con e-parent\" data-id=\"b6882bc\" data-element_type=\"container\" data-e-type=\"container\">\n\t\t\t\t\t<div class=\"e-con-inner\">\n\t\t\t\t<div class=\"elementor-element elementor-element-3e6c7a5 elementor-widget elementor-widget-text-editor\" data-id=\"3e6c7a5\" data-element_type=\"widget\" data-e-type=\"widget\" data-widget_type=\"text-editor.default\">\n\t\t\t\t<div class=\"elementor-widget-container\">\n\t\t\t\t\t\t\t\t\t<div id=\"c950\" class=\"frame frame-default frame-type-text frame-layout-0\"><p>Wir bieten Produkte, L\u00f6sungen und Serviceangebote f\u00fcr Ihre pneumatischen, mechanischen oder elektrischen\/elektromechanischen Produktions- und Steuerungssysteme:<\/p><\/div>\t\t\t\t\t\t\t\t<\/div>\n\t\t\t\t<\/div>\n\t\t\t\t<div class=\"elementor-element elementor-element-d42baac elementor-widget elementor-widget-text-editor\" data-id=\"d42baac\" data-element_type=\"widget\" data-e-type=\"widget\" data-widget_type=\"text-editor.default\">\n\t\t\t\t<div class=\"elementor-widget-container\">\n\t\t\t\t\t\t\t\t\t<div id=\"c950\" class=\"frame frame-default frame-type-text frame-layout-0\"><h6><strong><span class=\"HwtZe\" lang=\"en\"><span class=\"jCAhz ChMk0b\"><span class=\"ryNqvb\">Pneumatische Automatisierung<\/span><\/span><\/span><\/strong><\/h6><p>Unser Produktportfolio im Bereich pneumatische Automatisierungstechnik umfasst:<\/p><p class=\"translation-block\">Kolbenstangenlose pneumatische Linearantriebe<br>Magnetgekoppelte pneumatische Linearantriebe<br>Modulares Zubeh\u00f6rprogramm<br>Komplettsysteme<\/p><p>in drei Baureihen, wahlweise mit Stahl- oder Kunststoffdichtband oder mit Magnetkupplung (OSP-P und OSP-L, P1Z).<\/p><h6><strong><span class=\"HwtZe\" lang=\"en\"><span class=\"jCAhz ChMk0b\"><span class=\"ryNqvb\">Mechanische Automatisierung<\/span><\/span><\/span><\/strong><\/h6><p>Unser Produktportfolio im Bereich mechanische Automatisierungstechnik umfasst:<\/p><p class=\"translation-block\">Handhabungsachsen zum Bewegen, Positionieren und Verstellen<br>Der Antrieb der Achsen erfolgt je nach Anforderung an Pr\u00e4zision, Dynamik und Leistung \u00fcber Zahnriemen, Spindel, Zahnstange oder Linearmotor<br>F\u00fcr diesen Bereich stehen au\u00dferdem zur Verf\u00fcgung:<br>Elektrozylinder<br>Zahnriemenachsen<br>Zahnstangenachsen<br>Spindelachsen<br>Vertikalachsen<br>Linearmotorachsen<br>Getriebe \/ Motoren<br>Komplettsysteme<br>Montagezubeh\u00f6r<br>F\u00fcr Anwendungen im \u00b5-Bereich steht ein komplettes, eigenst\u00e4ndiges Pr\u00e4zisions-Produktprogramm zur Verf\u00fcgung<\/p><h6><strong><span class=\"HwtZe\" lang=\"en\"><span class=\"jCAhz ChMk0b\"><span class=\"ryNqvb\">Elektrische Automatisierung<\/span><\/span><\/span><\/strong><\/h6><p>Keine Aufgabe, kein Prozess, kein Projekt und keine Problemstellung gleicht der anderen. Ebenso vielf\u00e4ltig sind unsere L\u00f6sungen f\u00fcr Ihre individuellen Herausforderungen im Bereich elektromechanischer Automatisierungsanwendungen.<\/p><p>Unser Produktportfolio umfasst unter anderem:<\/p><p class=\"translation-block\">einfache Schrittmotorsteuerungen<br>Umrichter f\u00fcr Gleichstrommotoren<br>Frequenzumrichter<br>Vektorregler<br>Hochdynamische Motoren<br>Motoren mit geringen Tr\u00e4gheitsmomenten<br>Versionen f\u00fcr<br>EX- und Lebensmittelbereich<br>Bausatzvarianten<br>Torque-, Hauptspindel- und Elektrospindelmotoren<\/p><\/div>\t\t\t\t\t\t\t\t<\/div>\n\t\t\t\t<\/div>\n\t\t\t\t\t<\/div>\n\t\t\t\t<\/div>\n\t\t<div class=\"elementor-element elementor-element-22424ee e-flex e-con-boxed e-con e-parent\" data-id=\"22424ee\" data-element_type=\"container\" data-e-type=\"container\">\n\t\t\t\t\t<div class=\"e-con-inner\">\n\t\t\t\t\t<\/div>\n\t\t\t\t<\/div>\n\t\t\t\t<\/div>","protected":false},"excerpt":{"rendered":"<p>Automation technology We have products, solutions and service offerings for your pneumatic, mechanical or electrical\/electromechanical production and control systems: Pneumatic automation Our product portfolio in the area of pneumatic automation technology includes: Rodless pneumatic linear actuatorsMagnetic coupled pneumatic linear drivesModular accessory rangeComplete systems in three series, optionally with steel or plastic sealing tape or with&#8230;<\/p>","protected":false},"author":1,"featured_media":0,"parent":0,"menu_order":0,"comment_status":"closed","ping_status":"closed","template":"","meta":{"footnotes":""},"class_list":["post-988134","page","type-page","status-publish","hentry"],"yoast_head":"<!-- This site is optimized with the Yoast SEO plugin v27.4 - https:\/\/yoast.com\/product\/yoast-seo-wordpress\/ -->\n<title>Automation technology - MST-Tech<\/title>\n<meta name=\"robots\" content=\"noindex, follow\" \/>\n<meta property=\"og:locale\" content=\"de_DE\" \/>\n<meta property=\"og:type\" content=\"article\" \/>\n<meta property=\"og:title\" content=\"Automation technology - MST-Tech\" \/>\n<meta property=\"og:description\" content=\"Automation technology We have products, solutions and service offerings for your pneumatic, mechanical or electrical\/electromechanical production and control systems: Pneumatic automation Our product portfolio in the area of pneumatic automation technology includes: Rodless pneumatic linear actuatorsMagnetic coupled pneumatic linear drivesModular accessory rangeComplete systems in three series, optionally with steel or plastic sealing tape or with...\" \/>\n<meta property=\"og:url\" content=\"https:\/\/msttech.at\/de\/news-34\/\" \/>\n<meta property=\"og:site_name\" content=\"MST-Tech\" \/>\n<meta property=\"article:publisher\" content=\"https:\/\/www.facebook.com\/people\/MST-Tech\/61558570942178\/\" \/>\n<meta property=\"article:modified_time\" content=\"2025-11-19T19:38:20+00:00\" \/>\n<meta name=\"twitter:card\" content=\"summary_large_image\" \/>\n<meta name=\"twitter:label1\" content=\"Gesch\u00e4tzte Lesezeit\" \/>\n\t<meta name=\"twitter:data1\" content=\"1 Minute\" \/>\n<script type=\"application\/ld+json\" class=\"yoast-schema-graph\">{\"@context\":\"https:\\\/\\\/schema.org\",\"@graph\":[{\"@type\":\"WebPage\",\"@id\":\"https:\\\/\\\/msttech.at\\\/news-34\\\/\",\"url\":\"https:\\\/\\\/msttech.at\\\/news-34\\\/\",\"name\":\"Automation technology - MST-Tech\",\"isPartOf\":{\"@id\":\"https:\\\/\\\/msttech.at\\\/de\\\/#website\"},\"datePublished\":\"2024-04-22T20:09:48+00:00\",\"dateModified\":\"2025-11-19T19:38:20+00:00\",\"breadcrumb\":{\"@id\":\"https:\\\/\\\/msttech.at\\\/news-34\\\/#breadcrumb\"},\"inLanguage\":\"de-AT\",\"potentialAction\":[{\"@type\":\"ReadAction\",\"target\":[\"https:\\\/\\\/msttech.at\\\/news-34\\\/\"]}]},{\"@type\":\"BreadcrumbList\",\"@id\":\"https:\\\/\\\/msttech.at\\\/news-34\\\/#breadcrumb\",\"itemListElement\":[{\"@type\":\"ListItem\",\"position\":1,\"name\":\"Home\",\"item\":\"https:\\\/\\\/msttech.at\\\/\"},{\"@type\":\"ListItem\",\"position\":2,\"name\":\"Automation technology\"}]},{\"@type\":\"WebSite\",\"@id\":\"https:\\\/\\\/msttech.at\\\/de\\\/#website\",\"url\":\"https:\\\/\\\/msttech.at\\\/de\\\/\",\"name\":\"MST-Tech\",\"description\":\"A Complete Solutions\",\"publisher\":{\"@id\":\"https:\\\/\\\/msttech.at\\\/de\\\/#organization\"},\"potentialAction\":[{\"@type\":\"SearchAction\",\"target\":{\"@type\":\"EntryPoint\",\"urlTemplate\":\"https:\\\/\\\/msttech.at\\\/de\\\/?s={search_term_string}\"},\"query-input\":{\"@type\":\"PropertyValueSpecification\",\"valueRequired\":true,\"valueName\":\"search_term_string\"}}],\"inLanguage\":\"de-AT\"},{\"@type\":\"Organization\",\"@id\":\"https:\\\/\\\/msttech.at\\\/de\\\/#organization\",\"name\":\"MST-Tech\",\"url\":\"https:\\\/\\\/msttech.at\\\/de\\\/\",\"logo\":{\"@type\":\"ImageObject\",\"inLanguage\":\"de-AT\",\"@id\":\"https:\\\/\\\/msttech.at\\\/de\\\/#\\\/schema\\\/logo\\\/image\\\/\",\"url\":\"https:\\\/\\\/msttech.at\\\/wp-content\\\/uploads\\\/2024\\\/02\\\/MSTlogo2.png\",\"contentUrl\":\"https:\\\/\\\/msttech.at\\\/wp-content\\\/uploads\\\/2024\\\/02\\\/MSTlogo2.png\",\"width\":422,\"height\":98,\"caption\":\"MST-Tech\"},\"image\":{\"@id\":\"https:\\\/\\\/msttech.at\\\/de\\\/#\\\/schema\\\/logo\\\/image\\\/\"},\"sameAs\":[\"https:\\\/\\\/www.facebook.com\\\/people\\\/MST-Tech\\\/61558570942178\\\/\"]}]}<\/script>\n<!-- \/ Yoast SEO plugin. -->","yoast_head_json":{"title":"Automation technology - MST-Tech","robots":{"index":"noindex","follow":"follow"},"og_locale":"de_DE","og_type":"article","og_title":"Automation technology - MST-Tech","og_description":"Automation technology We have products, solutions and service offerings for your pneumatic, mechanical or electrical\/electromechanical production and control systems: Pneumatic automation Our product portfolio in the area of pneumatic automation technology includes: Rodless pneumatic linear actuatorsMagnetic coupled pneumatic linear drivesModular accessory rangeComplete systems in three series, optionally with steel or plastic sealing tape or with...","og_url":"https:\/\/msttech.at\/de\/news-34\/","og_site_name":"MST-Tech","article_publisher":"https:\/\/www.facebook.com\/people\/MST-Tech\/61558570942178\/","article_modified_time":"2025-11-19T19:38:20+00:00","twitter_card":"summary_large_image","twitter_misc":{"Gesch\u00e4tzte Lesezeit":"1 Minute"},"schema":{"@context":"https:\/\/schema.org","@graph":[{"@type":"WebPage","@id":"https:\/\/msttech.at\/news-34\/","url":"https:\/\/msttech.at\/news-34\/","name":"Automation technology - MST-Tech","isPartOf":{"@id":"https:\/\/msttech.at\/de\/#website"},"datePublished":"2024-04-22T20:09:48+00:00","dateModified":"2025-11-19T19:38:20+00:00","breadcrumb":{"@id":"https:\/\/msttech.at\/news-34\/#breadcrumb"},"inLanguage":"de-AT","potentialAction":[{"@type":"ReadAction","target":["https:\/\/msttech.at\/news-34\/"]}]},{"@type":"BreadcrumbList","@id":"https:\/\/msttech.at\/news-34\/#breadcrumb","itemListElement":[{"@type":"ListItem","position":1,"name":"Home","item":"https:\/\/msttech.at\/"},{"@type":"ListItem","position":2,"name":"Automation technology"}]},{"@type":"WebSite","@id":"https:\/\/msttech.at\/de\/#website","url":"https:\/\/msttech.at\/de\/","name":"MST-Tech","description":"A Complete Solutions","publisher":{"@id":"https:\/\/msttech.at\/de\/#organization"},"potentialAction":[{"@type":"SearchAction","target":{"@type":"EntryPoint","urlTemplate":"https:\/\/msttech.at\/de\/?s={search_term_string}"},"query-input":{"@type":"PropertyValueSpecification","valueRequired":true,"valueName":"search_term_string"}}],"inLanguage":"de-AT"},{"@type":"Organization","@id":"https:\/\/msttech.at\/de\/#organization","name":"MST-Tech","url":"https:\/\/msttech.at\/de\/","logo":{"@type":"ImageObject","inLanguage":"de-AT","@id":"https:\/\/msttech.at\/de\/#\/schema\/logo\/image\/","url":"https:\/\/msttech.at\/wp-content\/uploads\/2024\/02\/MSTlogo2.png","contentUrl":"https:\/\/msttech.at\/wp-content\/uploads\/2024\/02\/MSTlogo2.png","width":422,"height":98,"caption":"MST-Tech"},"image":{"@id":"https:\/\/msttech.at\/de\/#\/schema\/logo\/image\/"},"sameAs":["https:\/\/www.facebook.com\/people\/MST-Tech\/61558570942178\/"]}]}},"_links":{"self":[{"href":"https:\/\/msttech.at\/de\/wp-json\/wp\/v2\/pages\/988134","targetHints":{"allow":["GET"]}}],"collection":[{"href":"https:\/\/msttech.at\/de\/wp-json\/wp\/v2\/pages"}],"about":[{"href":"https:\/\/msttech.at\/de\/wp-json\/wp\/v2\/types\/page"}],"author":[{"embeddable":true,"href":"https:\/\/msttech.at\/de\/wp-json\/wp\/v2\/users\/1"}],"replies":[{"embeddable":true,"href":"https:\/\/msttech.at\/de\/wp-json\/wp\/v2\/comments?post=988134"}],"version-history":[{"count":4,"href":"https:\/\/msttech.at\/de\/wp-json\/wp\/v2\/pages\/988134\/revisions"}],"predecessor-version":[{"id":989796,"href":"https:\/\/msttech.at\/de\/wp-json\/wp\/v2\/pages\/988134\/revisions\/989796"}],"wp:attachment":[{"href":"https:\/\/msttech.at\/de\/wp-json\/wp\/v2\/media?parent=988134"}],"curies":[{"name":"wp","href":"https:\/\/api.w.org\/{rel}","templated":true}]}}