{"id":988058,"date":"2024-04-22T19:12:04","date_gmt":"2024-04-22T19:12:04","guid":{"rendered":"https:\/\/msttech.at\/?page_id=988058"},"modified":"2025-10-21T18:23:07","modified_gmt":"2025-10-21T18:23:07","slug":"news-27","status":"publish","type":"page","link":"https:\/\/msttech.at\/de\/news-27\/","title":{"rendered":"Spezialschl\u00e4uche"},"content":{"rendered":"<div data-elementor-type=\"wp-page\" data-elementor-id=\"988058\" class=\"elementor elementor-988058\" data-elementor-post-type=\"page\">\n\t\t\t\t\t\t<section class=\"elementor-section elementor-top-section elementor-element elementor-element-1ad926b elementor-section-boxed elementor-section-height-default elementor-section-height-default\" data-id=\"1ad926b\" data-element_type=\"section\" data-e-type=\"section\">\n\t\t\t\t\t\t<div class=\"elementor-container elementor-column-gap-no\">\n\t\t\t\t\t<div class=\"elementor-column elementor-col-100 elementor-top-column elementor-element elementor-element-34590f3\" data-id=\"34590f3\" data-element_type=\"column\" data-e-type=\"column\">\n\t\t\t<div class=\"elementor-widget-wrap elementor-element-populated\">\n\t\t\t\t\t\t<div class=\"elementor-element elementor-element-0855f64 elementor-widget elementor-widget-spacer\" data-id=\"0855f64\" data-element_type=\"widget\" data-e-type=\"widget\" data-widget_type=\"spacer.default\">\n\t\t\t\t<div class=\"elementor-widget-container\">\n\t\t\t\t\t\t\t<div class=\"elementor-spacer\">\n\t\t\t<div class=\"elementor-spacer-inner\"><\/div>\n\t\t<\/div>\n\t\t\t\t\t\t<\/div>\n\t\t\t\t<\/div>\n\t\t\t\t\t<\/div>\n\t\t<\/div>\n\t\t\t\t\t<\/div>\n\t\t<\/section>\n\t\t<div class=\"elementor-element elementor-element-a187793 e-flex e-con-boxed e-con e-parent\" data-id=\"a187793\" data-element_type=\"container\" data-e-type=\"container\">\n\t\t\t\t\t<div class=\"e-con-inner\">\n\t\t\t\t<div class=\"elementor-element elementor-element-dda62df elementor-widget elementor-widget-heading\" data-id=\"dda62df\" data-element_type=\"widget\" data-e-type=\"widget\" data-widget_type=\"heading.default\">\n\t\t\t\t<div class=\"elementor-widget-container\">\n\t\t\t\t\t<h2 class=\"elementor-heading-title elementor-size-default\">Spezialschl\u00e4uche f\u00fcr Hydraulik- und Pneumatikanwendungen<\/h2>\t\t\t\t<\/div>\n\t\t\t\t<\/div>\n\t\t\t\t\t<\/div>\n\t\t\t\t<\/div>\n\t\t<div class=\"elementor-element elementor-element-b6882bc e-flex e-con-boxed e-con e-parent\" data-id=\"b6882bc\" data-element_type=\"container\" data-e-type=\"container\">\n\t\t\t\t\t<div class=\"e-con-inner\">\n\t\t\t\t<div class=\"elementor-element elementor-element-3e6c7a5 elementor-widget elementor-widget-text-editor\" data-id=\"3e6c7a5\" data-element_type=\"widget\" data-e-type=\"widget\" data-widget_type=\"text-editor.default\">\n\t\t\t\t<div class=\"elementor-widget-container\">\n\t\t\t\t\t\t\t\t\t<div id=\"c950\" class=\"frame frame-default frame-type-text frame-layout-0\">Unser technologisches Umfeld ist so speziell wie Ihr Produkt oder Ihre Dienstleistung selbst. Nur passgenaue Komponenten garantieren den fehler- und st\u00f6rungsfreien Ablauf Ihres Fertigungsprozesses. Wir bieten unseren Kunden individuelle L\u00f6sungen und spezielle Beratung f\u00fcr ma\u00dfgeschneiderten Service.<\/div>\t\t\t\t\t\t\t\t<\/div>\n\t\t\t\t<\/div>\n\t\t\t\t\t<\/div>\n\t\t\t\t<\/div>\n\t\t<div class=\"elementor-element elementor-element-22424ee e-flex e-con-boxed e-con e-parent\" data-id=\"22424ee\" data-element_type=\"container\" data-e-type=\"container\">\n\t\t\t\t\t<div class=\"e-con-inner\">\n\t\t\t\t<div class=\"elementor-element elementor-element-67518a1 elementor-widget elementor-widget-text-editor\" data-id=\"67518a1\" data-element_type=\"widget\" data-e-type=\"widget\" data-widget_type=\"text-editor.default\">\n\t\t\t\t<div class=\"elementor-widget-container\">\n\t\t\t\t\t\t\t\t\t<p>F\u00fcr alle Anwendungsgebiete, insbesondere f\u00fcr Schl\u00e4uche, haben wir spezielle technische L\u00f6sungen:<\/p><p><strong>Spezieller Druck<\/strong><\/p><ul><li>Hochdruckanwendungen bis 700 bar<\/li><li>Maximale Druckanwendungen bis 3.000 bar<\/li><\/ul><p><strong>Spezialmedien<\/strong><\/p><ul><li>Standard-Hydraulik\u00f6le<\/li><li>Spezielle Hydraulik\u00f6le<\/li><li>Bio-\u00d6le<\/li><li>Kraftstoff<\/li><li>Dampf<\/li><li>Druckluft<\/li><\/ul><p><strong>Besondere Umgebungen<\/strong><\/p><ul><li>Hydraulikschl\u00e4uche f\u00fcr den Hochtemperaturbereich bis 600\u00b0<\/li><li>Hydraulikschl\u00e4uche f\u00fcr den Tieftemperaturbereich bis \u2013 57\u00b0<\/li><\/ul><p><strong>Spezialanwendungen<\/strong><\/p><ul><li>Abriebfeste Schl\u00e4uche f\u00fcr stark abrasive Anwendungen<\/li><li>Spezialummantelungen aus Kunststoff oder Stahl f\u00fcr erh\u00f6hte Abriebfestigkeit<\/li><li>Feuerfeste Schl\u00e4uche f\u00fcr entflammbare Umgebungen<\/li><li>Farbige Schl\u00e4uche f\u00fcr einfache optische Erkennung<\/li><li>Schl\u00e4uche f\u00fcr die Lebensmittelindustrie<\/li><li>Schl\u00e4uche f\u00fcr chemische Anwendungen (PTFE, PFA, Viton)<\/li><li>K\u00fchler- und K\u00fchlmittelschl\u00e4uche, Klimaschl\u00e4uche<\/li><\/ul><div><strong>Weitere Dienstleistungen<\/strong><\/div><div><ul><li>Austausch von Hydraulikschl\u00e4uchen<\/li><li>Kodierung von Hydraulikschl\u00e4uchen f\u00fcr schnellen Austausch im Notfall<\/li><li>Vor-Ort-Service f\u00fcr geplante und pl\u00f6tzliche Eins\u00e4tze<\/li><li>Komplette Schlauchsysteme f\u00fcr Hydraulik- und Pneumatikanlagen<\/li><li>Lieferung f\u00fcr Produktionsprozesse<\/li><\/ul><\/div>\t\t\t\t\t\t\t\t<\/div>\n\t\t\t\t<\/div>\n\t\t\t\t\t<\/div>\n\t\t\t\t<\/div>\n\t\t\t\t<\/div>","protected":false},"excerpt":{"rendered":"<p>Special Hoses for hydraulic and pneumatic applications our technological environment is as special as your product or service itself. Only precisely customised components can guarantee the flaw- and failure-free operation of your manufacturing process. We offer individual solutions and special consultation regarding customised service to our customers. We have special technical solutions for all applications,&#8230;<\/p>","protected":false},"author":1,"featured_media":0,"parent":0,"menu_order":0,"comment_status":"closed","ping_status":"closed","template":"","meta":{"footnotes":""},"class_list":["post-988058","page","type-page","status-publish","hentry"],"yoast_head":"<!-- This site is optimized with the Yoast SEO plugin v27.4 - https:\/\/yoast.com\/product\/yoast-seo-wordpress\/ -->\n<title>Special Hoses - MST-Tech<\/title>\n<meta name=\"robots\" content=\"noindex, follow\" \/>\n<meta property=\"og:locale\" content=\"de_DE\" \/>\n<meta property=\"og:type\" content=\"article\" \/>\n<meta property=\"og:title\" content=\"Special Hoses - MST-Tech\" \/>\n<meta property=\"og:description\" content=\"Special Hoses for hydraulic and pneumatic applications our technological environment is as special as your product or service itself. Only precisely customised components can guarantee the flaw- and failure-free operation of your manufacturing process. We offer individual solutions and special consultation regarding customised service to our customers. We have special technical solutions for all applications,...\" \/>\n<meta property=\"og:url\" content=\"https:\/\/msttech.at\/de\/news-27\/\" \/>\n<meta property=\"og:site_name\" content=\"MST-Tech\" \/>\n<meta property=\"article:publisher\" content=\"https:\/\/www.facebook.com\/people\/MST-Tech\/61558570942178\/\" \/>\n<meta property=\"article:modified_time\" content=\"2025-10-21T18:23:07+00:00\" \/>\n<meta name=\"twitter:card\" content=\"summary_large_image\" \/>\n<meta name=\"twitter:label1\" content=\"Gesch\u00e4tzte Lesezeit\" \/>\n\t<meta name=\"twitter:data1\" content=\"1 Minute\" \/>\n<script type=\"application\/ld+json\" class=\"yoast-schema-graph\">{\"@context\":\"https:\\\/\\\/schema.org\",\"@graph\":[{\"@type\":\"WebPage\",\"@id\":\"https:\\\/\\\/msttech.at\\\/news-27\\\/\",\"url\":\"https:\\\/\\\/msttech.at\\\/news-27\\\/\",\"name\":\"Special Hoses - MST-Tech\",\"isPartOf\":{\"@id\":\"https:\\\/\\\/msttech.at\\\/de\\\/#website\"},\"datePublished\":\"2024-04-22T19:12:04+00:00\",\"dateModified\":\"2025-10-21T18:23:07+00:00\",\"breadcrumb\":{\"@id\":\"https:\\\/\\\/msttech.at\\\/news-27\\\/#breadcrumb\"},\"inLanguage\":\"de-AT\",\"potentialAction\":[{\"@type\":\"ReadAction\",\"target\":[\"https:\\\/\\\/msttech.at\\\/news-27\\\/\"]}]},{\"@type\":\"BreadcrumbList\",\"@id\":\"https:\\\/\\\/msttech.at\\\/news-27\\\/#breadcrumb\",\"itemListElement\":[{\"@type\":\"ListItem\",\"position\":1,\"name\":\"Home\",\"item\":\"https:\\\/\\\/msttech.at\\\/\"},{\"@type\":\"ListItem\",\"position\":2,\"name\":\"Special Hoses\"}]},{\"@type\":\"WebSite\",\"@id\":\"https:\\\/\\\/msttech.at\\\/de\\\/#website\",\"url\":\"https:\\\/\\\/msttech.at\\\/de\\\/\",\"name\":\"MST-Tech\",\"description\":\"A Complete Solutions\",\"publisher\":{\"@id\":\"https:\\\/\\\/msttech.at\\\/de\\\/#organization\"},\"potentialAction\":[{\"@type\":\"SearchAction\",\"target\":{\"@type\":\"EntryPoint\",\"urlTemplate\":\"https:\\\/\\\/msttech.at\\\/de\\\/?s={search_term_string}\"},\"query-input\":{\"@type\":\"PropertyValueSpecification\",\"valueRequired\":true,\"valueName\":\"search_term_string\"}}],\"inLanguage\":\"de-AT\"},{\"@type\":\"Organization\",\"@id\":\"https:\\\/\\\/msttech.at\\\/de\\\/#organization\",\"name\":\"MST-Tech\",\"url\":\"https:\\\/\\\/msttech.at\\\/de\\\/\",\"logo\":{\"@type\":\"ImageObject\",\"inLanguage\":\"de-AT\",\"@id\":\"https:\\\/\\\/msttech.at\\\/de\\\/#\\\/schema\\\/logo\\\/image\\\/\",\"url\":\"https:\\\/\\\/msttech.at\\\/wp-content\\\/uploads\\\/2024\\\/02\\\/MSTlogo2.png\",\"contentUrl\":\"https:\\\/\\\/msttech.at\\\/wp-content\\\/uploads\\\/2024\\\/02\\\/MSTlogo2.png\",\"width\":422,\"height\":98,\"caption\":\"MST-Tech\"},\"image\":{\"@id\":\"https:\\\/\\\/msttech.at\\\/de\\\/#\\\/schema\\\/logo\\\/image\\\/\"},\"sameAs\":[\"https:\\\/\\\/www.facebook.com\\\/people\\\/MST-Tech\\\/61558570942178\\\/\"]}]}<\/script>\n<!-- \/ Yoast SEO plugin. -->","yoast_head_json":{"title":"Special Hoses - MST-Tech","robots":{"index":"noindex","follow":"follow"},"og_locale":"de_DE","og_type":"article","og_title":"Special Hoses - MST-Tech","og_description":"Special Hoses for hydraulic and pneumatic applications our technological environment is as special as your product or service itself. Only precisely customised components can guarantee the flaw- and failure-free operation of your manufacturing process. We offer individual solutions and special consultation regarding customised service to our customers. We have special technical solutions for all applications,...","og_url":"https:\/\/msttech.at\/de\/news-27\/","og_site_name":"MST-Tech","article_publisher":"https:\/\/www.facebook.com\/people\/MST-Tech\/61558570942178\/","article_modified_time":"2025-10-21T18:23:07+00:00","twitter_card":"summary_large_image","twitter_misc":{"Gesch\u00e4tzte Lesezeit":"1 Minute"},"schema":{"@context":"https:\/\/schema.org","@graph":[{"@type":"WebPage","@id":"https:\/\/msttech.at\/news-27\/","url":"https:\/\/msttech.at\/news-27\/","name":"Special Hoses - MST-Tech","isPartOf":{"@id":"https:\/\/msttech.at\/de\/#website"},"datePublished":"2024-04-22T19:12:04+00:00","dateModified":"2025-10-21T18:23:07+00:00","breadcrumb":{"@id":"https:\/\/msttech.at\/news-27\/#breadcrumb"},"inLanguage":"de-AT","potentialAction":[{"@type":"ReadAction","target":["https:\/\/msttech.at\/news-27\/"]}]},{"@type":"BreadcrumbList","@id":"https:\/\/msttech.at\/news-27\/#breadcrumb","itemListElement":[{"@type":"ListItem","position":1,"name":"Home","item":"https:\/\/msttech.at\/"},{"@type":"ListItem","position":2,"name":"Special Hoses"}]},{"@type":"WebSite","@id":"https:\/\/msttech.at\/de\/#website","url":"https:\/\/msttech.at\/de\/","name":"MST-Tech","description":"A Complete Solutions","publisher":{"@id":"https:\/\/msttech.at\/de\/#organization"},"potentialAction":[{"@type":"SearchAction","target":{"@type":"EntryPoint","urlTemplate":"https:\/\/msttech.at\/de\/?s={search_term_string}"},"query-input":{"@type":"PropertyValueSpecification","valueRequired":true,"valueName":"search_term_string"}}],"inLanguage":"de-AT"},{"@type":"Organization","@id":"https:\/\/msttech.at\/de\/#organization","name":"MST-Tech","url":"https:\/\/msttech.at\/de\/","logo":{"@type":"ImageObject","inLanguage":"de-AT","@id":"https:\/\/msttech.at\/de\/#\/schema\/logo\/image\/","url":"https:\/\/msttech.at\/wp-content\/uploads\/2024\/02\/MSTlogo2.png","contentUrl":"https:\/\/msttech.at\/wp-content\/uploads\/2024\/02\/MSTlogo2.png","width":422,"height":98,"caption":"MST-Tech"},"image":{"@id":"https:\/\/msttech.at\/de\/#\/schema\/logo\/image\/"},"sameAs":["https:\/\/www.facebook.com\/people\/MST-Tech\/61558570942178\/"]}]}},"_links":{"self":[{"href":"https:\/\/msttech.at\/de\/wp-json\/wp\/v2\/pages\/988058","targetHints":{"allow":["GET"]}}],"collection":[{"href":"https:\/\/msttech.at\/de\/wp-json\/wp\/v2\/pages"}],"about":[{"href":"https:\/\/msttech.at\/de\/wp-json\/wp\/v2\/types\/page"}],"author":[{"embeddable":true,"href":"https:\/\/msttech.at\/de\/wp-json\/wp\/v2\/users\/1"}],"replies":[{"embeddable":true,"href":"https:\/\/msttech.at\/de\/wp-json\/wp\/v2\/comments?post=988058"}],"version-history":[{"count":4,"href":"https:\/\/msttech.at\/de\/wp-json\/wp\/v2\/pages\/988058\/revisions"}],"predecessor-version":[{"id":989700,"href":"https:\/\/msttech.at\/de\/wp-json\/wp\/v2\/pages\/988058\/revisions\/989700"}],"wp:attachment":[{"href":"https:\/\/msttech.at\/de\/wp-json\/wp\/v2\/media?parent=988058"}],"curies":[{"name":"wp","href":"https:\/\/api.w.org\/{rel}","templated":true}]}}