{"id":988038,"date":"2024-04-22T19:03:48","date_gmt":"2024-04-22T19:03:48","guid":{"rendered":"https:\/\/msttech.at\/?page_id=988038"},"modified":"2025-10-21T18:22:26","modified_gmt":"2025-10-21T18:22:26","slug":"news-22","status":"publish","type":"page","link":"https:\/\/msttech.at\/de\/news-22\/","title":{"rendered":"Hydraulikspeicher-Service"},"content":{"rendered":"<div data-elementor-type=\"wp-page\" data-elementor-id=\"988038\" class=\"elementor elementor-988038\" data-elementor-post-type=\"page\">\n\t\t\t\t\t\t<section class=\"elementor-section elementor-top-section elementor-element elementor-element-1ad926b elementor-section-boxed elementor-section-height-default elementor-section-height-default\" data-id=\"1ad926b\" data-element_type=\"section\" data-e-type=\"section\">\n\t\t\t\t\t\t<div class=\"elementor-container elementor-column-gap-no\">\n\t\t\t\t\t<div class=\"elementor-column elementor-col-100 elementor-top-column elementor-element elementor-element-34590f3\" data-id=\"34590f3\" data-element_type=\"column\" data-e-type=\"column\">\n\t\t\t<div class=\"elementor-widget-wrap elementor-element-populated\">\n\t\t\t\t\t\t<div class=\"elementor-element elementor-element-0855f64 elementor-widget elementor-widget-spacer\" data-id=\"0855f64\" data-element_type=\"widget\" data-e-type=\"widget\" data-widget_type=\"spacer.default\">\n\t\t\t\t<div class=\"elementor-widget-container\">\n\t\t\t\t\t\t\t<div class=\"elementor-spacer\">\n\t\t\t<div class=\"elementor-spacer-inner\"><\/div>\n\t\t<\/div>\n\t\t\t\t\t\t<\/div>\n\t\t\t\t<\/div>\n\t\t\t\t\t<\/div>\n\t\t<\/div>\n\t\t\t\t\t<\/div>\n\t\t<\/section>\n\t\t<div class=\"elementor-element elementor-element-a187793 e-flex e-con-boxed e-con e-parent\" data-id=\"a187793\" data-element_type=\"container\" data-e-type=\"container\">\n\t\t\t\t\t<div class=\"e-con-inner\">\n\t\t\t\t<div class=\"elementor-element elementor-element-dda62df elementor-widget elementor-widget-heading\" data-id=\"dda62df\" data-element_type=\"widget\" data-e-type=\"widget\" data-widget_type=\"heading.default\">\n\t\t\t\t<div class=\"elementor-widget-container\">\n\t\t\t\t\t<h2 class=\"elementor-heading-title elementor-size-default\">Hydraulikspeicher-Service<\/h2>\t\t\t\t<\/div>\n\t\t\t\t<\/div>\n\t\t\t\t\t<\/div>\n\t\t\t\t<\/div>\n\t\t<div class=\"elementor-element elementor-element-b6882bc e-flex e-con-boxed e-con e-parent\" data-id=\"b6882bc\" data-element_type=\"container\" data-e-type=\"container\">\n\t\t\t\t\t<div class=\"e-con-inner\">\n\t\t\t\t<div class=\"elementor-element elementor-element-3e6c7a5 elementor-widget elementor-widget-text-editor\" data-id=\"3e6c7a5\" data-element_type=\"widget\" data-e-type=\"widget\" data-widget_type=\"text-editor.default\">\n\t\t\t\t<div class=\"elementor-widget-container\">\n\t\t\t\t\t\t\t\t\t<div id=\"c950\" class=\"frame frame-default frame-type-text frame-layout-0\"><div id=\"c7425\" class=\"frame frame-default frame-type-text frame-layout-0\"><header><h6>WIR K\u00dcMMERN UNS UM ALLES F\u00dcR SIE!<\/h6><\/header><\/div><div id=\"c7390\" class=\"frame frame-default frame-type-text frame-layout-0\"><a id=\"c8301\"><\/a><p>Seit dem 01.06.2015 unterliegen Betreiber von Hydraulik-Druckspeichern strengeren Haftungsnormen. Mit uns haben Sie einen starken Partner gefunden, der Ihre Hydraulikspeicher fristgerecht nach Betriebssicherheitsverordnung und Druckger\u00e4terichtlinie \u00fcberpr\u00fcft und bei Bedarf instand setzt.\u00a0<\/p><\/div><\/div>\t\t\t\t\t\t\t\t<\/div>\n\t\t\t\t<\/div>\n\t\t\t\t<div class=\"elementor-element elementor-element-b385460 elementor-widget elementor-widget-text-editor\" data-id=\"b385460\" data-element_type=\"widget\" data-e-type=\"widget\" data-widget_type=\"text-editor.default\">\n\t\t\t\t<div class=\"elementor-widget-container\">\n\t\t\t\t\t\t\t\t\t<div id=\"c950\" class=\"frame frame-default frame-type-text frame-layout-0\"><div id=\"c4773\" class=\"frame frame-default frame-type-header frame-layout-0\"><header><h6>Wir sind Experten in unserem Fach<\/h6><p>Vertrauen Sie in Sachen Hydraulikspeicherservice den Spezialisten. Wir k\u00f6nnen auf langj\u00e4hrige Erfahrung im Bereich Hydraulikspeicher zur\u00fcckgreifen und setzen diese auch f\u00fcr die damit verbundenen Serviceleistungen voll ein. Dabei spielt es keine Rolle, ob Sie als Hydraulikspeicher einen Membranspeicher, Blasenspeicher oder Kolbenspeicher verwenden \u2013 wir kennen uns mit allen Modellen aus.<\/p><p>Wir sind nicht nur Spezialisten in der Funktionsweise von Hydraulikspeichern, sondern kennen und verarbeiten auch unterschiedliche Firmen und etablierte Marken.<\/p><p>Wir wissen, was wir tun. Sagen Sie uns einfach, was Sie wollen, und wir k\u00fcmmern uns um den Rest. Ihr Vorteil: Sie brauchen nur uns als Ansprechpartner. Umfassender Service aus einer Hand ist unser Markenzeichen: Von der Vereinbarung und Projektplanung \u00fcber die Lieferung und Auftragsabwicklung bis hin zu Reparatur und Austausch sind und bleiben wir Ihr einziger Ansprechpartner. So k\u00f6nnen wir die W\u00fcnsche unserer Kunden schnell und zufriedenstellend umsetzen.\u00a0\u00a0<\/p><p>Dar\u00fcber hinaus melden wir die erfolgreiche Pr\u00fcfung Ihrer Hydrospeicher auch an die Zugelassene \u00dcberwachungsstelle (Z\u00dcS)\/Anlagenkataster der L\u00e4nder (ANKA). Mit der Unterst\u00fctzung der Vogel Group gew\u00e4hrleisten Sie den sicheren Betrieb Ihrer Hydrospeicher und kommen Ihren Pflichten zur termingerechten Pr\u00fcfung und Registrierung nach.<\/p><h6>Bleiben Sie auf der sicheren Seite mit einem starken Partner an Ihrer Seite<\/h6><p class=\"translation-block\">Auf die Druckspeicherdienstleistungen der Vogel &amp; Partner GmbH k\u00f6nnen Sie vertrauen. Mit uns k\u00f6nnen Sie entspannt und stressfrei arbeiten. Wenn wir Sie \u00fcberzeugt haben, z\u00f6gern Sie nicht und <a class=\"internal-link\" href=\"https:\/\/www.vogel-gruppe.de\/kontakt\" target=\"_self\">nehmen Sie jetzt Kontakt mit uns auf<\/a>. Wir freuen uns auf Ihre Kontaktaufnahme.<\/p><p>Parker ist ein Anbieter von Antriebs- und Steuerungstechnologien. Als weltweit f\u00fchrender Anbieter verf\u00fcgt das Unternehmen \u00fcber ein umfassendes Sortiment an Druckspeichern. Diese sind f\u00fcr eine Vielzahl von Fl\u00fcssigkeiten und Druckbereichen geeignet. Die Hydraulikspeicher sind zudem in verschiedenen Materialien erh\u00e4ltlich und k\u00f6nnen in zahlreichen Anwendungsbereichen eingesetzt werden.<\/p><p>Parker Olaer: Parker Olaer ist seit \u00fcber 50 Jahren auf dem europ\u00e4ischen Hydraulikmarkt etabliert. Heute ist das Unternehmen der f\u00fchrende Hersteller von Hydraulikspeichern und deren Zubeh\u00f6r in Europa.<\/p><\/header><\/div><\/div>\t\t\t\t\t\t\t\t<\/div>\n\t\t\t\t<\/div>\n\t\t\t\t\t<\/div>\n\t\t\t\t<\/div>\n\t\t<div class=\"elementor-element elementor-element-22424ee e-flex e-con-boxed e-con e-parent\" data-id=\"22424ee\" data-element_type=\"container\" data-e-type=\"container\">\n\t\t\t\t\t<div class=\"e-con-inner\">\n\t\t\t\t\t<\/div>\n\t\t\t\t<\/div>\n\t\t\t\t<\/div>","protected":false},"excerpt":{"rendered":"<p>Hydraulic Accumulator Service WE\u2019LL TAKE CARE OF EVERYTHING FOR YOU! Since 01.06.2015, operators of hydraulic pressure accumulators are subject to stricter liability standards. With us, you have found a strong partner to check your hydraulic accumulators on time in accordance with the German Ordinance on Industrial Safety (Betriebssicherheitsverordnung) and Pressure Equipment Directive (Druckger\u00e4terichtlinie), and to&#8230;<\/p>","protected":false},"author":1,"featured_media":0,"parent":0,"menu_order":0,"comment_status":"closed","ping_status":"closed","template":"","meta":{"footnotes":""},"class_list":["post-988038","page","type-page","status-publish","hentry"],"yoast_head":"<!-- This site is optimized with the Yoast SEO plugin v27.4 - https:\/\/yoast.com\/product\/yoast-seo-wordpress\/ -->\n<title>Hydraulic Accumulator Service - MST-Tech<\/title>\n<meta name=\"robots\" content=\"noindex, follow\" \/>\n<meta property=\"og:locale\" content=\"de_DE\" \/>\n<meta property=\"og:type\" content=\"article\" \/>\n<meta property=\"og:title\" content=\"Hydraulic Accumulator Service - MST-Tech\" \/>\n<meta property=\"og:description\" content=\"Hydraulic Accumulator Service WE\u2019LL TAKE CARE OF EVERYTHING FOR YOU! Since 01.06.2015, operators of hydraulic pressure accumulators are subject to stricter liability standards. With us, you have found a strong partner to check your hydraulic accumulators on time in accordance with the German Ordinance on Industrial Safety (Betriebssicherheitsverordnung) and Pressure Equipment Directive (Druckger\u00e4terichtlinie), and to...\" \/>\n<meta property=\"og:url\" content=\"https:\/\/msttech.at\/de\/news-22\/\" \/>\n<meta property=\"og:site_name\" content=\"MST-Tech\" \/>\n<meta property=\"article:publisher\" content=\"https:\/\/www.facebook.com\/people\/MST-Tech\/61558570942178\/\" \/>\n<meta property=\"article:modified_time\" content=\"2025-10-21T18:22:26+00:00\" \/>\n<meta name=\"twitter:card\" content=\"summary_large_image\" \/>\n<meta name=\"twitter:label1\" content=\"Gesch\u00e4tzte Lesezeit\" \/>\n\t<meta name=\"twitter:data1\" content=\"2 Minuten\" \/>\n<script type=\"application\/ld+json\" class=\"yoast-schema-graph\">{\"@context\":\"https:\\\/\\\/schema.org\",\"@graph\":[{\"@type\":\"WebPage\",\"@id\":\"https:\\\/\\\/msttech.at\\\/news-22\\\/\",\"url\":\"https:\\\/\\\/msttech.at\\\/news-22\\\/\",\"name\":\"Hydraulic Accumulator Service - MST-Tech\",\"isPartOf\":{\"@id\":\"https:\\\/\\\/msttech.at\\\/de\\\/#website\"},\"datePublished\":\"2024-04-22T19:03:48+00:00\",\"dateModified\":\"2025-10-21T18:22:26+00:00\",\"breadcrumb\":{\"@id\":\"https:\\\/\\\/msttech.at\\\/news-22\\\/#breadcrumb\"},\"inLanguage\":\"de-AT\",\"potentialAction\":[{\"@type\":\"ReadAction\",\"target\":[\"https:\\\/\\\/msttech.at\\\/news-22\\\/\"]}]},{\"@type\":\"BreadcrumbList\",\"@id\":\"https:\\\/\\\/msttech.at\\\/news-22\\\/#breadcrumb\",\"itemListElement\":[{\"@type\":\"ListItem\",\"position\":1,\"name\":\"Home\",\"item\":\"https:\\\/\\\/msttech.at\\\/\"},{\"@type\":\"ListItem\",\"position\":2,\"name\":\"Hydraulic Accumulator Service\"}]},{\"@type\":\"WebSite\",\"@id\":\"https:\\\/\\\/msttech.at\\\/de\\\/#website\",\"url\":\"https:\\\/\\\/msttech.at\\\/de\\\/\",\"name\":\"MST-Tech\",\"description\":\"A Complete Solutions\",\"publisher\":{\"@id\":\"https:\\\/\\\/msttech.at\\\/de\\\/#organization\"},\"potentialAction\":[{\"@type\":\"SearchAction\",\"target\":{\"@type\":\"EntryPoint\",\"urlTemplate\":\"https:\\\/\\\/msttech.at\\\/de\\\/?s={search_term_string}\"},\"query-input\":{\"@type\":\"PropertyValueSpecification\",\"valueRequired\":true,\"valueName\":\"search_term_string\"}}],\"inLanguage\":\"de-AT\"},{\"@type\":\"Organization\",\"@id\":\"https:\\\/\\\/msttech.at\\\/de\\\/#organization\",\"name\":\"MST-Tech\",\"url\":\"https:\\\/\\\/msttech.at\\\/de\\\/\",\"logo\":{\"@type\":\"ImageObject\",\"inLanguage\":\"de-AT\",\"@id\":\"https:\\\/\\\/msttech.at\\\/de\\\/#\\\/schema\\\/logo\\\/image\\\/\",\"url\":\"https:\\\/\\\/msttech.at\\\/wp-content\\\/uploads\\\/2024\\\/02\\\/MSTlogo2.png\",\"contentUrl\":\"https:\\\/\\\/msttech.at\\\/wp-content\\\/uploads\\\/2024\\\/02\\\/MSTlogo2.png\",\"width\":422,\"height\":98,\"caption\":\"MST-Tech\"},\"image\":{\"@id\":\"https:\\\/\\\/msttech.at\\\/de\\\/#\\\/schema\\\/logo\\\/image\\\/\"},\"sameAs\":[\"https:\\\/\\\/www.facebook.com\\\/people\\\/MST-Tech\\\/61558570942178\\\/\"]}]}<\/script>\n<!-- \/ Yoast SEO plugin. -->","yoast_head_json":{"title":"Hydraulic Accumulator Service - MST-Tech","robots":{"index":"noindex","follow":"follow"},"og_locale":"de_DE","og_type":"article","og_title":"Hydraulic Accumulator Service - MST-Tech","og_description":"Hydraulic Accumulator Service WE\u2019LL TAKE CARE OF EVERYTHING FOR YOU! Since 01.06.2015, operators of hydraulic pressure accumulators are subject to stricter liability standards. With us, you have found a strong partner to check your hydraulic accumulators on time in accordance with the German Ordinance on Industrial Safety (Betriebssicherheitsverordnung) and Pressure Equipment Directive (Druckger\u00e4terichtlinie), and to...","og_url":"https:\/\/msttech.at\/de\/news-22\/","og_site_name":"MST-Tech","article_publisher":"https:\/\/www.facebook.com\/people\/MST-Tech\/61558570942178\/","article_modified_time":"2025-10-21T18:22:26+00:00","twitter_card":"summary_large_image","twitter_misc":{"Gesch\u00e4tzte Lesezeit":"2 Minuten"},"schema":{"@context":"https:\/\/schema.org","@graph":[{"@type":"WebPage","@id":"https:\/\/msttech.at\/news-22\/","url":"https:\/\/msttech.at\/news-22\/","name":"Hydraulic Accumulator Service - MST-Tech","isPartOf":{"@id":"https:\/\/msttech.at\/de\/#website"},"datePublished":"2024-04-22T19:03:48+00:00","dateModified":"2025-10-21T18:22:26+00:00","breadcrumb":{"@id":"https:\/\/msttech.at\/news-22\/#breadcrumb"},"inLanguage":"de-AT","potentialAction":[{"@type":"ReadAction","target":["https:\/\/msttech.at\/news-22\/"]}]},{"@type":"BreadcrumbList","@id":"https:\/\/msttech.at\/news-22\/#breadcrumb","itemListElement":[{"@type":"ListItem","position":1,"name":"Home","item":"https:\/\/msttech.at\/"},{"@type":"ListItem","position":2,"name":"Hydraulic Accumulator Service"}]},{"@type":"WebSite","@id":"https:\/\/msttech.at\/de\/#website","url":"https:\/\/msttech.at\/de\/","name":"MST-Tech","description":"A Complete Solutions","publisher":{"@id":"https:\/\/msttech.at\/de\/#organization"},"potentialAction":[{"@type":"SearchAction","target":{"@type":"EntryPoint","urlTemplate":"https:\/\/msttech.at\/de\/?s={search_term_string}"},"query-input":{"@type":"PropertyValueSpecification","valueRequired":true,"valueName":"search_term_string"}}],"inLanguage":"de-AT"},{"@type":"Organization","@id":"https:\/\/msttech.at\/de\/#organization","name":"MST-Tech","url":"https:\/\/msttech.at\/de\/","logo":{"@type":"ImageObject","inLanguage":"de-AT","@id":"https:\/\/msttech.at\/de\/#\/schema\/logo\/image\/","url":"https:\/\/msttech.at\/wp-content\/uploads\/2024\/02\/MSTlogo2.png","contentUrl":"https:\/\/msttech.at\/wp-content\/uploads\/2024\/02\/MSTlogo2.png","width":422,"height":98,"caption":"MST-Tech"},"image":{"@id":"https:\/\/msttech.at\/de\/#\/schema\/logo\/image\/"},"sameAs":["https:\/\/www.facebook.com\/people\/MST-Tech\/61558570942178\/"]}]}},"_links":{"self":[{"href":"https:\/\/msttech.at\/de\/wp-json\/wp\/v2\/pages\/988038","targetHints":{"allow":["GET"]}}],"collection":[{"href":"https:\/\/msttech.at\/de\/wp-json\/wp\/v2\/pages"}],"about":[{"href":"https:\/\/msttech.at\/de\/wp-json\/wp\/v2\/types\/page"}],"author":[{"embeddable":true,"href":"https:\/\/msttech.at\/de\/wp-json\/wp\/v2\/users\/1"}],"replies":[{"embeddable":true,"href":"https:\/\/msttech.at\/de\/wp-json\/wp\/v2\/comments?post=988038"}],"version-history":[{"count":4,"href":"https:\/\/msttech.at\/de\/wp-json\/wp\/v2\/pages\/988038\/revisions"}],"predecessor-version":[{"id":989695,"href":"https:\/\/msttech.at\/de\/wp-json\/wp\/v2\/pages\/988038\/revisions\/989695"}],"wp:attachment":[{"href":"https:\/\/msttech.at\/de\/wp-json\/wp\/v2\/media?parent=988038"}],"curies":[{"name":"wp","href":"https:\/\/api.w.org\/{rel}","templated":true}]}}