{"id":987992,"date":"2024-04-22T18:17:55","date_gmt":"2024-04-22T18:17:55","guid":{"rendered":"https:\/\/msttech.at\/?page_id=987992"},"modified":"2025-10-21T18:03:27","modified_gmt":"2025-10-21T18:03:27","slug":"news-16","status":"publish","type":"page","link":"https:\/\/msttech.at\/de\/news-16\/","title":{"rendered":"Stahl- und Walzwerke"},"content":{"rendered":"<div data-elementor-type=\"wp-page\" data-elementor-id=\"987992\" class=\"elementor elementor-987992\" data-elementor-post-type=\"page\">\n\t\t\t\t\t\t<section class=\"elementor-section elementor-top-section elementor-element elementor-element-1ad926b elementor-section-boxed elementor-section-height-default elementor-section-height-default\" data-id=\"1ad926b\" data-element_type=\"section\" data-e-type=\"section\">\n\t\t\t\t\t\t<div class=\"elementor-container elementor-column-gap-no\">\n\t\t\t\t\t<div class=\"elementor-column elementor-col-100 elementor-top-column elementor-element elementor-element-34590f3\" data-id=\"34590f3\" data-element_type=\"column\" data-e-type=\"column\">\n\t\t\t<div class=\"elementor-widget-wrap elementor-element-populated\">\n\t\t\t\t\t\t<div class=\"elementor-element elementor-element-0855f64 elementor-widget elementor-widget-spacer\" data-id=\"0855f64\" data-element_type=\"widget\" data-e-type=\"widget\" data-widget_type=\"spacer.default\">\n\t\t\t\t<div class=\"elementor-widget-container\">\n\t\t\t\t\t\t\t<div class=\"elementor-spacer\">\n\t\t\t<div class=\"elementor-spacer-inner\"><\/div>\n\t\t<\/div>\n\t\t\t\t\t\t<\/div>\n\t\t\t\t<\/div>\n\t\t\t\t\t<\/div>\n\t\t<\/div>\n\t\t\t\t\t<\/div>\n\t\t<\/section>\n\t\t<div class=\"elementor-element elementor-element-a187793 e-flex e-con-boxed e-con e-parent\" data-id=\"a187793\" data-element_type=\"container\" data-e-type=\"container\">\n\t\t\t\t\t<div class=\"e-con-inner\">\n\t\t\t\t<div class=\"elementor-element elementor-element-dda62df elementor-widget elementor-widget-heading\" data-id=\"dda62df\" data-element_type=\"widget\" data-e-type=\"widget\" data-widget_type=\"heading.default\">\n\t\t\t\t<div class=\"elementor-widget-container\">\n\t\t\t\t\t<h2 class=\"elementor-heading-title elementor-size-default\">Stahl- und Walzwerke<\/h2>\t\t\t\t<\/div>\n\t\t\t\t<\/div>\n\t\t\t\t\t<\/div>\n\t\t\t\t<\/div>\n\t\t<div class=\"elementor-element elementor-element-b6882bc e-flex e-con-boxed e-con e-parent\" data-id=\"b6882bc\" data-element_type=\"container\" data-e-type=\"container\">\n\t\t\t\t\t<div class=\"e-con-inner\">\n\t\t\t\t<div class=\"elementor-element elementor-element-3e6c7a5 elementor-widget elementor-widget-text-editor\" data-id=\"3e6c7a5\" data-element_type=\"widget\" data-e-type=\"widget\" data-widget_type=\"text-editor.default\">\n\t\t\t\t<div class=\"elementor-widget-container\">\n\t\t\t\t\t\t\t\t\t<div id=\"c950\" class=\"frame frame-default frame-type-text frame-layout-0\"><p>Sie betreiben Stahlwerke, Walzwerke oder Schmieden? Sie m\u00f6chten die Produktivit\u00e4t Ihrer Anlagen steigern oder modernisieren, um Betriebskosten zu senken und Wartungszyklen zu verl\u00e4ngern? Sie sind auf einwandfreie Funktionalit\u00e4t und schnellen Service angewiesen?<\/p><\/div>\t\t\t\t\t\t\t\t<\/div>\n\t\t\t\t<\/div>\n\t\t\t\t<div class=\"elementor-element elementor-element-575c741 elementor-widget elementor-widget-text-editor\" data-id=\"575c741\" data-element_type=\"widget\" data-e-type=\"widget\" data-widget_type=\"text-editor.default\">\n\t\t\t\t<div class=\"elementor-widget-container\">\n\t\t\t\t\t\t\t\t\t<div id=\"c950\" class=\"frame frame-default frame-type-text frame-layout-0\"><p>Wir sind Lieferant der folgenden Komponenten, wobei ein Gro\u00dfteil sofort ab Lager verf\u00fcgbar ist. Zus\u00e4tzlich bieten wir 24-Stunden-Vor-Ort-Service und Aufbereitung w\u00e4hrend Ausfallzeiten.<\/p><ul><li>Hydraulikzylinder f\u00fcr Schwerlastbetrieb<\/li><li>(Hochdruck) Hydraulik- und Pneumatikschl\u00e4uche<\/li><li>Hydraulik- und Pneumatikrohre und -leitungen<\/li><li>Rohrverbindungskomponenten<\/li><li>Hydraulikaggregate<\/li><li>Druckspeicher<\/li><li>Armaturen und Kupplungen<\/li><li>Steuerger\u00e4te<\/li><li>Gro\u00dfe Auswahl an Hydraulik- und Pneumatikventilen<\/li><li>Messger\u00e4te<\/li><li>Luft- und Gasfilter (auch Mobilausf\u00fchrungen)<\/li><\/ul><\/div>\t\t\t\t\t\t\t\t<\/div>\n\t\t\t\t<\/div>\n\t\t\t\t\t<\/div>\n\t\t\t\t<\/div>\n\t\t<div class=\"elementor-element elementor-element-22424ee e-flex e-con-boxed e-con e-parent\" data-id=\"22424ee\" data-element_type=\"container\" data-e-type=\"container\">\n\t\t\t\t\t<div class=\"e-con-inner\">\n\t\t\t\t<div class=\"elementor-element elementor-element-67518a1 elementor-widget elementor-widget-text-editor\" data-id=\"67518a1\" data-element_type=\"widget\" data-e-type=\"widget\" data-widget_type=\"text-editor.default\">\n\t\t\t\t<div class=\"elementor-widget-container\">\n\t\t\t\t\t\t\t\t\t<p>Ihre Vorteile:<\/p><ul><li>Lange Lebensdauer und Leerlaufzeit<\/li><li>Vermeidung von Schwei\u00dfn\u00e4hten<\/li><li>Standardisierte Komponenten und Verbindungen<\/li><li>Komponenten f\u00fcr extreme mechanische Beanspruchung<\/li><li>Gro\u00dfes Bauteilespektrum<\/li><li>Kundenspezifische Sonderl\u00f6sungen<\/li><\/ul>\t\t\t\t\t\t\t\t<\/div>\n\t\t\t\t<\/div>\n\t\t\t\t\t<\/div>\n\t\t\t\t<\/div>\n\t\t\t\t<\/div>","protected":false},"excerpt":{"rendered":"<p>Steel and Rolling Mills Do you operate steel mills, rolling mills or forges? Do you wish to increase the productivity of your plants or want to modernise them in order to reduce operating costs and extend maintenance cycles? Do you need to rely on flawless functionality and fast service? We are supplier of the following&#8230;<\/p>","protected":false},"author":1,"featured_media":0,"parent":0,"menu_order":0,"comment_status":"closed","ping_status":"closed","template":"","meta":{"footnotes":""},"class_list":["post-987992","page","type-page","status-publish","hentry"],"yoast_head":"<!-- This site is optimized with the Yoast SEO plugin v27.4 - https:\/\/yoast.com\/product\/yoast-seo-wordpress\/ -->\n<title>Steel and Rolling Mills - MST-Tech<\/title>\n<meta name=\"robots\" content=\"noindex, follow\" \/>\n<meta property=\"og:locale\" content=\"de_DE\" \/>\n<meta property=\"og:type\" content=\"article\" \/>\n<meta property=\"og:title\" content=\"Steel and Rolling Mills - MST-Tech\" \/>\n<meta property=\"og:description\" content=\"Steel and Rolling Mills Do you operate steel mills, rolling mills or forges? Do you wish to increase the productivity of your plants or want to modernise them in order to reduce operating costs and extend maintenance cycles? Do you need to rely on flawless functionality and fast service? We are supplier of the following...\" \/>\n<meta property=\"og:url\" content=\"https:\/\/msttech.at\/de\/news-16\/\" \/>\n<meta property=\"og:site_name\" content=\"MST-Tech\" \/>\n<meta property=\"article:publisher\" content=\"https:\/\/www.facebook.com\/people\/MST-Tech\/61558570942178\/\" \/>\n<meta property=\"article:modified_time\" content=\"2025-10-21T18:03:27+00:00\" \/>\n<meta name=\"twitter:card\" content=\"summary_large_image\" \/>\n<meta name=\"twitter:label1\" content=\"Gesch\u00e4tzte Lesezeit\" \/>\n\t<meta name=\"twitter:data1\" content=\"1 Minute\" \/>\n<script type=\"application\/ld+json\" class=\"yoast-schema-graph\">{\"@context\":\"https:\\\/\\\/schema.org\",\"@graph\":[{\"@type\":\"WebPage\",\"@id\":\"https:\\\/\\\/msttech.at\\\/news-16\\\/\",\"url\":\"https:\\\/\\\/msttech.at\\\/news-16\\\/\",\"name\":\"Steel and Rolling Mills - MST-Tech\",\"isPartOf\":{\"@id\":\"https:\\\/\\\/msttech.at\\\/de\\\/#website\"},\"datePublished\":\"2024-04-22T18:17:55+00:00\",\"dateModified\":\"2025-10-21T18:03:27+00:00\",\"breadcrumb\":{\"@id\":\"https:\\\/\\\/msttech.at\\\/news-16\\\/#breadcrumb\"},\"inLanguage\":\"de-AT\",\"potentialAction\":[{\"@type\":\"ReadAction\",\"target\":[\"https:\\\/\\\/msttech.at\\\/news-16\\\/\"]}]},{\"@type\":\"BreadcrumbList\",\"@id\":\"https:\\\/\\\/msttech.at\\\/news-16\\\/#breadcrumb\",\"itemListElement\":[{\"@type\":\"ListItem\",\"position\":1,\"name\":\"Home\",\"item\":\"https:\\\/\\\/msttech.at\\\/\"},{\"@type\":\"ListItem\",\"position\":2,\"name\":\"Steel and Rolling Mills\"}]},{\"@type\":\"WebSite\",\"@id\":\"https:\\\/\\\/msttech.at\\\/de\\\/#website\",\"url\":\"https:\\\/\\\/msttech.at\\\/de\\\/\",\"name\":\"MST-Tech\",\"description\":\"A Complete Solutions\",\"publisher\":{\"@id\":\"https:\\\/\\\/msttech.at\\\/de\\\/#organization\"},\"potentialAction\":[{\"@type\":\"SearchAction\",\"target\":{\"@type\":\"EntryPoint\",\"urlTemplate\":\"https:\\\/\\\/msttech.at\\\/de\\\/?s={search_term_string}\"},\"query-input\":{\"@type\":\"PropertyValueSpecification\",\"valueRequired\":true,\"valueName\":\"search_term_string\"}}],\"inLanguage\":\"de-AT\"},{\"@type\":\"Organization\",\"@id\":\"https:\\\/\\\/msttech.at\\\/de\\\/#organization\",\"name\":\"MST-Tech\",\"url\":\"https:\\\/\\\/msttech.at\\\/de\\\/\",\"logo\":{\"@type\":\"ImageObject\",\"inLanguage\":\"de-AT\",\"@id\":\"https:\\\/\\\/msttech.at\\\/de\\\/#\\\/schema\\\/logo\\\/image\\\/\",\"url\":\"https:\\\/\\\/msttech.at\\\/wp-content\\\/uploads\\\/2024\\\/02\\\/MSTlogo2.png\",\"contentUrl\":\"https:\\\/\\\/msttech.at\\\/wp-content\\\/uploads\\\/2024\\\/02\\\/MSTlogo2.png\",\"width\":422,\"height\":98,\"caption\":\"MST-Tech\"},\"image\":{\"@id\":\"https:\\\/\\\/msttech.at\\\/de\\\/#\\\/schema\\\/logo\\\/image\\\/\"},\"sameAs\":[\"https:\\\/\\\/www.facebook.com\\\/people\\\/MST-Tech\\\/61558570942178\\\/\"]}]}<\/script>\n<!-- \/ Yoast SEO plugin. -->","yoast_head_json":{"title":"Steel and Rolling Mills - MST-Tech","robots":{"index":"noindex","follow":"follow"},"og_locale":"de_DE","og_type":"article","og_title":"Steel and Rolling Mills - MST-Tech","og_description":"Steel and Rolling Mills Do you operate steel mills, rolling mills or forges? Do you wish to increase the productivity of your plants or want to modernise them in order to reduce operating costs and extend maintenance cycles? Do you need to rely on flawless functionality and fast service? We are supplier of the following...","og_url":"https:\/\/msttech.at\/de\/news-16\/","og_site_name":"MST-Tech","article_publisher":"https:\/\/www.facebook.com\/people\/MST-Tech\/61558570942178\/","article_modified_time":"2025-10-21T18:03:27+00:00","twitter_card":"summary_large_image","twitter_misc":{"Gesch\u00e4tzte Lesezeit":"1 Minute"},"schema":{"@context":"https:\/\/schema.org","@graph":[{"@type":"WebPage","@id":"https:\/\/msttech.at\/news-16\/","url":"https:\/\/msttech.at\/news-16\/","name":"Steel and Rolling Mills - MST-Tech","isPartOf":{"@id":"https:\/\/msttech.at\/de\/#website"},"datePublished":"2024-04-22T18:17:55+00:00","dateModified":"2025-10-21T18:03:27+00:00","breadcrumb":{"@id":"https:\/\/msttech.at\/news-16\/#breadcrumb"},"inLanguage":"de-AT","potentialAction":[{"@type":"ReadAction","target":["https:\/\/msttech.at\/news-16\/"]}]},{"@type":"BreadcrumbList","@id":"https:\/\/msttech.at\/news-16\/#breadcrumb","itemListElement":[{"@type":"ListItem","position":1,"name":"Home","item":"https:\/\/msttech.at\/"},{"@type":"ListItem","position":2,"name":"Steel and Rolling Mills"}]},{"@type":"WebSite","@id":"https:\/\/msttech.at\/de\/#website","url":"https:\/\/msttech.at\/de\/","name":"MST-Tech","description":"A Complete Solutions","publisher":{"@id":"https:\/\/msttech.at\/de\/#organization"},"potentialAction":[{"@type":"SearchAction","target":{"@type":"EntryPoint","urlTemplate":"https:\/\/msttech.at\/de\/?s={search_term_string}"},"query-input":{"@type":"PropertyValueSpecification","valueRequired":true,"valueName":"search_term_string"}}],"inLanguage":"de-AT"},{"@type":"Organization","@id":"https:\/\/msttech.at\/de\/#organization","name":"MST-Tech","url":"https:\/\/msttech.at\/de\/","logo":{"@type":"ImageObject","inLanguage":"de-AT","@id":"https:\/\/msttech.at\/de\/#\/schema\/logo\/image\/","url":"https:\/\/msttech.at\/wp-content\/uploads\/2024\/02\/MSTlogo2.png","contentUrl":"https:\/\/msttech.at\/wp-content\/uploads\/2024\/02\/MSTlogo2.png","width":422,"height":98,"caption":"MST-Tech"},"image":{"@id":"https:\/\/msttech.at\/de\/#\/schema\/logo\/image\/"},"sameAs":["https:\/\/www.facebook.com\/people\/MST-Tech\/61558570942178\/"]}]}},"_links":{"self":[{"href":"https:\/\/msttech.at\/de\/wp-json\/wp\/v2\/pages\/987992","targetHints":{"allow":["GET"]}}],"collection":[{"href":"https:\/\/msttech.at\/de\/wp-json\/wp\/v2\/pages"}],"about":[{"href":"https:\/\/msttech.at\/de\/wp-json\/wp\/v2\/types\/page"}],"author":[{"embeddable":true,"href":"https:\/\/msttech.at\/de\/wp-json\/wp\/v2\/users\/1"}],"replies":[{"embeddable":true,"href":"https:\/\/msttech.at\/de\/wp-json\/wp\/v2\/comments?post=987992"}],"version-history":[{"count":4,"href":"https:\/\/msttech.at\/de\/wp-json\/wp\/v2\/pages\/987992\/revisions"}],"predecessor-version":[{"id":989669,"href":"https:\/\/msttech.at\/de\/wp-json\/wp\/v2\/pages\/987992\/revisions\/989669"}],"wp:attachment":[{"href":"https:\/\/msttech.at\/de\/wp-json\/wp\/v2\/media?parent=987992"}],"curies":[{"name":"wp","href":"https:\/\/api.w.org\/{rel}","templated":true}]}}